{"id":2716,"date":"2018-10-11T15:11:24","date_gmt":"2018-10-11T13:11:24","guid":{"rendered":"https:\/\/www.mydriverparis.com\/unsere-serviceleistungen\/"},"modified":"2018-10-11T15:14:12","modified_gmt":"2018-10-11T13:14:12","slug":"unsere-serviceleistungen","status":"publish","type":"page","link":"https:\/\/www.mydriverparis.com\/de\/unsere-serviceleistungen\/","title":{"rendered":"Unsere Serviceleistungen"},"content":{"rendered":"<span style=\"font-weight: 400;\">MyDriverParis bietet eine breite Palette von Limousinen- und Chauffeurservice, um Ihre Bed\u00fcrfnisse zu erf\u00fcllen und Ihre Erwartungen zu \u00fcbertreffen.<\/span><\/p>\n<p><span style=\"font-weight: 400;\">MyDriverParis bietet qualitativ und hochwertige Chauffeurdienste in Paris und vielen anderen St\u00e4dten in Frankreich.<\/span><\/p>\n<p><span style=\"font-weight: 400;\"><br \/>\n<\/span><span style=\"font-weight: 400;\">Unser Know-how und unsere Erfahrung in der Betreuung von anspruchsvollen Kunden erm\u00f6glichen es uns, ein au\u00dfergew\u00f6hnliches Qualit\u00e4tsniveau zu bieten und das beste Limousinenservice-Erlebnis auf dem Markt zu garantieren. MyDriverParis bietet eine gro\u00dfe Flotte der renommiertesten und komfortabelsten Limousinen, Sedans, SUVs und Minivans.<\/span><\/p>\n<p><span style=\"font-weight: 400;\"><br \/>\n<\/span><span style=\"font-weight: 400;\">Unsere Fahrer sind mehrsprachig. Sie sind geschult, um einen komfortablen und sicheren Service zu bieten.<\/span><\/p>\n<p><span style=\"font-weight: 400;\"><br \/>\n<\/span><span style=\"font-weight: 400;\">MyDriverParis Chauffeur Service in wenigen Worten:<\/span><\/p>\n<ul>\n<li style=\"font-weight: 400;\"><span style=\"font-weight: 400;\">Eine gro\u00dfe Auswahl an prestigetr\u00e4chtigen Autos, die jedes Budget erf\u00fcllen<\/span><\/li>\n<li style=\"font-weight: 400;\"><span style=\"font-weight: 400;\">24\/7 Service<\/span><\/li>\n<li style=\"font-weight: 400;\"><span style=\"font-weight: 400;\">Sehr professionelle Fahrer<\/span><\/li>\n<li style=\"font-weight: 400;\"><span style=\"font-weight: 400;\">Eine Reihe von Dienstleistungen, die auf jeden Kunden zugeschnitten sind: Flughafen- und Punkt-zu-Punkt-Transfers, Roadshows, Sightseeing und Touren sowie Event-Shuttle-Service.<\/span><\/li>\n<\/ul>\n<p>\n","protected":false},"excerpt":{"rendered":"","protected":false},"author":1,"featured_media":0,"parent":0,"menu_order":0,"comment_status":"closed","ping_status":"closed","template":"","meta":{"om_disable_all_campaigns":false,"footnotes":""},"class_list":["post-2716","page","type-page","status-publish","hentry"],"_links":{"self":[{"href":"https:\/\/www.mydriverparis.com\/de\/wp-json\/wp\/v2\/pages\/2716","targetHints":{"allow":["GET"]}}],"collection":[{"href":"https:\/\/www.mydriverparis.com\/de\/wp-json\/wp\/v2\/pages"}],"about":[{"href":"https:\/\/www.mydriverparis.com\/de\/wp-json\/wp\/v2\/types\/page"}],"author":[{"embeddable":true,"href":"https:\/\/www.mydriverparis.com\/de\/wp-json\/wp\/v2\/users\/1"}],"replies":[{"embeddable":true,"href":"https:\/\/www.mydriverparis.com\/de\/wp-json\/wp\/v2\/comments?post=2716"}],"version-history":[{"count":0,"href":"https:\/\/www.mydriverparis.com\/de\/wp-json\/wp\/v2\/pages\/2716\/revisions"}],"wp:attachment":[{"href":"https:\/\/www.mydriverparis.com\/de\/wp-json\/wp\/v2\/media?parent=2716"}],"curies":[{"name":"wp","href":"https:\/\/api.w.org\/{rel}","templated":true}]}}