{"id":2723,"date":"2018-10-11T15:23:26","date_gmt":"2018-10-11T13:23:26","guid":{"rendered":"https:\/\/www.mydriverparis.com\/unsere-serviceleistungen\/roadshow\/"},"modified":"2018-10-18T19:12:32","modified_gmt":"2018-10-18T17:12:32","slug":"roadshow","status":"publish","type":"page","link":"https:\/\/www.mydriverparis.com\/de\/unsere-serviceleistungen\/roadshow\/","title":{"rendered":"Roadshow"},"content":{"rendered":"<p><\/p>\n<p><span style=\"font-weight: 400;\">Von einfachen Ein-Ziel-Reisen bis hin zu anspruchsvollen Routen &#8211; unser Know-how und unsere sorgf\u00e4ltige Planung machen den Unterschied.<\/span><\/p>\n<p><span style=\"font-weight: 400;\">Wir wissen, dass es auf jede Minute ankommt und jedes Meeting entscheidend sein kann, um den Deal zu machen.<\/span><\/p>\n<p><span style=\"font-weight: 400;\">Es handelt sich um einen Chauffeur Service mit mehrsprachigem Chauffeuren, die speziell auf die Exekutive zugeschnitten ist. Mit uns kommen Sie schnell von einem Ort zum anderen dank einen respektierten Terminplan und ein gut organisiertes Timing.<\/span><\/p>\n<p><span style=\"font-weight: 400;\">Die Mitarbeiter von MyDriverParis bestehen aus professionellen Chauffeuren, die ausdr\u00fccklich darauf geschult sind, die spezifischen Bed\u00fcrfnisse unserer Kunden zu erf\u00fcllen und eine einwandfreie Flotte von modernen Limousinen, Gel\u00e4ndewagen und Vans zu f\u00fchren, die alle mit der neuesten Technologie ausgestattet<\/span> <span style=\"font-weight: 400;\">sind.<\/span><\/p>\n<p><span style=\"font-weight: 400;\">Unsere Rechnungen und Berichte sind auf Ihre Bed\u00fcrfnisse zugeschnitten.\u00a0<\/span><span style=\"font-weight: 400;\">Wir bieten Ihnen zuverl\u00e4ssige und ma\u00dfgeschneiderte Reise-L\u00f6sungen sowie Zeit sparen, Logistische Beratung, Organisation und Optimierung Ihrer beruflichen Reisen.<\/span><\/p>\n","protected":false},"excerpt":{"rendered":"","protected":false},"author":1,"featured_media":0,"parent":2716,"menu_order":0,"comment_status":"closed","ping_status":"closed","template":"excursion-template.php","meta":{"om_disable_all_campaigns":false,"footnotes":""},"class_list":["post-2723","page","type-page","status-publish","hentry"],"_links":{"self":[{"href":"https:\/\/www.mydriverparis.com\/de\/wp-json\/wp\/v2\/pages\/2723","targetHints":{"allow":["GET"]}}],"collection":[{"href":"https:\/\/www.mydriverparis.com\/de\/wp-json\/wp\/v2\/pages"}],"about":[{"href":"https:\/\/www.mydriverparis.com\/de\/wp-json\/wp\/v2\/types\/page"}],"author":[{"embeddable":true,"href":"https:\/\/www.mydriverparis.com\/de\/wp-json\/wp\/v2\/users\/1"}],"replies":[{"embeddable":true,"href":"https:\/\/www.mydriverparis.com\/de\/wp-json\/wp\/v2\/comments?post=2723"}],"version-history":[{"count":0,"href":"https:\/\/www.mydriverparis.com\/de\/wp-json\/wp\/v2\/pages\/2723\/revisions"}],"up":[{"embeddable":true,"href":"https:\/\/www.mydriverparis.com\/de\/wp-json\/wp\/v2\/pages\/2716"}],"wp:attachment":[{"href":"https:\/\/www.mydriverparis.com\/de\/wp-json\/wp\/v2\/media?parent=2723"}],"curies":[{"name":"wp","href":"https:\/\/api.w.org\/{rel}","templated":true}]}}