{"id":2725,"date":"2018-10-11T15:28:20","date_gmt":"2018-10-11T13:28:20","guid":{"rendered":"https:\/\/www.mydriverparis.com\/unsere-serviceleistungen\/rundfahrten-mit-chauffeur\/"},"modified":"2018-10-18T19:08:19","modified_gmt":"2018-10-18T17:08:19","slug":"rundfahrten-mit-chauffeur","status":"publish","type":"page","link":"https:\/\/www.mydriverparis.com\/de\/unsere-serviceleistungen\/rundfahrten-mit-chauffeur\/","title":{"rendered":"Rundfahrten mit Chauffeur"},"content":{"rendered":"<p><span style=\"font-weight: 400;\">MyDriver Paris Chauffeur Service Touren f\u00fcgen eine spezielle Note zu Ihrer Reise, um Ihren Tag eine unvergessliche Erfahrung zu geben.<\/span><\/p>\n<p><span style=\"font-weight: 400;\">Mit uns k\u00f6nnen Sie die besten Sehensw\u00fcrdigkeiten von Paris erleben. Besuchen Sie Orte wie den Eiffelturm, Les Champs-Elys\u00e9es, Le Moulin Rouge, die Kathedrale Notre-Dame und den Versailles-Palast.<\/span><span style=\"font-weight: 400;\">MyDriverParis Chauffeure, sind hoch qualifiziert mit Expertenwissen \u00fcber die Orte, die Sie besuchen m\u00f6chten. <\/span><\/p>\n<p><span style=\"font-weight: 400;\">Ausserdem, k\u00f6nnen unsere Chauffeur Touren speziell auf Ihre Anforderungen personalisiert werden und wir erstellen gerne eine individuelle Route nach Ihren W\u00fcnschen.<\/span><span style=\"font-weight: 400;\">Ihre ideale Luxustour kann mit verschiedenen Fahrzeugen arrangiert werden. Unsere umfangreiche Flotte umfasst Limousinen, Sedans, Minivans, Kleinbusse je nach Ihren Bed\u00fcrfnissen und der Anzahl der Reisenden.<\/span><\/p>\n<p><span style=\"font-weight: 400;\">Unsere Sightseeing-Dienste sind f\u00fcr Paris, Str\u00e4nde der Normandie, Champagne Tour in Epernay, Giverny G\u00e4rten, Loire-Schl\u00f6sser. Aber auch viele andere franz\u00f6sische St\u00e4dte (Marseille, Cannes, Nice etc).<\/span><span style=\"font-weight: 400;\">Sagen Sie es uns einfach wohin Sie reisen wollen.<\/span><\/p>\n","protected":false},"excerpt":{"rendered":"","protected":false},"author":1,"featured_media":0,"parent":2716,"menu_order":0,"comment_status":"closed","ping_status":"closed","template":"excursion-template.php","meta":{"om_disable_all_campaigns":false,"footnotes":""},"class_list":["post-2725","page","type-page","status-publish","hentry"],"_links":{"self":[{"href":"https:\/\/www.mydriverparis.com\/de\/wp-json\/wp\/v2\/pages\/2725","targetHints":{"allow":["GET"]}}],"collection":[{"href":"https:\/\/www.mydriverparis.com\/de\/wp-json\/wp\/v2\/pages"}],"about":[{"href":"https:\/\/www.mydriverparis.com\/de\/wp-json\/wp\/v2\/types\/page"}],"author":[{"embeddable":true,"href":"https:\/\/www.mydriverparis.com\/de\/wp-json\/wp\/v2\/users\/1"}],"replies":[{"embeddable":true,"href":"https:\/\/www.mydriverparis.com\/de\/wp-json\/wp\/v2\/comments?post=2725"}],"version-history":[{"count":0,"href":"https:\/\/www.mydriverparis.com\/de\/wp-json\/wp\/v2\/pages\/2725\/revisions"}],"up":[{"embeddable":true,"href":"https:\/\/www.mydriverparis.com\/de\/wp-json\/wp\/v2\/pages\/2716"}],"wp:attachment":[{"href":"https:\/\/www.mydriverparis.com\/de\/wp-json\/wp\/v2\/media?parent=2725"}],"curies":[{"name":"wp","href":"https:\/\/api.w.org\/{rel}","templated":true}]}}