{"id":2727,"date":"2018-10-11T15:41:07","date_gmt":"2018-10-11T13:41:07","guid":{"rendered":"https:\/\/www.mydriverparis.com\/unsere-serviceleistungen\/gepackwagen\/"},"modified":"2018-10-11T15:45:10","modified_gmt":"2018-10-11T13:45:10","slug":"gepackwagen","status":"publish","type":"page","link":"https:\/\/www.mydriverparis.com\/de\/unsere-serviceleistungen\/gepackwagen\/","title":{"rendered":"Gep\u00e4ckwagen"},"content":{"rendered":"<p><span style=\"font-weight: 400;\">MyDriver Paris ist stolz darauf, einen eigenen Gep\u00e4ckwagen f\u00fcr unsere Kunden mit \u00dcbergep\u00e4ck anzubieten.<\/span><\/p>\n<p><span style=\"font-weight: 400;\"><br \/>\n<\/span><span style=\"font-weight: 400;\">Der Gep\u00e4ckwagen ist ein Service, f\u00fcr Kunden mit \u00dcbergep\u00e4ck, einschlie\u00dflich Koffer, Musikausr\u00fcstung und sogar M\u00f6bel.<\/span><\/p>\n<p><span style=\"font-weight: 400;\"><br \/>\n<\/span><span style=\"font-weight: 400;\">Wir verstehen, dass nicht alle Autos mit Chauffeur f\u00fcr \u00dcbergep\u00e4ck sorgen k\u00f6nnen. Deshalb ist der Gep\u00e4ckwagen eine ideale L\u00f6sung. Der Van erm\u00f6glicht es Ihrem Gep\u00e4ck den Ziel sicher zu erreichen.<\/span><\/p>\n<p><span style=\"font-weight: 400;\"><br \/>\n<\/span><span style=\"font-weight: 400;\">Wenn Sie Ihr Gep\u00e4ck an Ihr Ziel bringen brauchen kontaktieren Sie uns einfach und wir werden alles f\u00fcr Sie arrangieren.<\/span><\/p>\n","protected":false},"excerpt":{"rendered":"","protected":false},"author":1,"featured_media":0,"parent":2716,"menu_order":0,"comment_status":"closed","ping_status":"closed","template":"excursion-template.php","meta":{"om_disable_all_campaigns":false,"footnotes":""},"class_list":["post-2727","page","type-page","status-publish","hentry"],"_links":{"self":[{"href":"https:\/\/www.mydriverparis.com\/de\/wp-json\/wp\/v2\/pages\/2727","targetHints":{"allow":["GET"]}}],"collection":[{"href":"https:\/\/www.mydriverparis.com\/de\/wp-json\/wp\/v2\/pages"}],"about":[{"href":"https:\/\/www.mydriverparis.com\/de\/wp-json\/wp\/v2\/types\/page"}],"author":[{"embeddable":true,"href":"https:\/\/www.mydriverparis.com\/de\/wp-json\/wp\/v2\/users\/1"}],"replies":[{"embeddable":true,"href":"https:\/\/www.mydriverparis.com\/de\/wp-json\/wp\/v2\/comments?post=2727"}],"version-history":[{"count":0,"href":"https:\/\/www.mydriverparis.com\/de\/wp-json\/wp\/v2\/pages\/2727\/revisions"}],"up":[{"embeddable":true,"href":"https:\/\/www.mydriverparis.com\/de\/wp-json\/wp\/v2\/pages\/2716"}],"wp:attachment":[{"href":"https:\/\/www.mydriverparis.com\/de\/wp-json\/wp\/v2\/media?parent=2727"}],"curies":[{"name":"wp","href":"https:\/\/api.w.org\/{rel}","templated":true}]}}