{"id":2729,"date":"2018-10-11T15:49:34","date_gmt":"2018-10-11T13:49:34","guid":{"rendered":"https:\/\/www.mydriverparis.com\/unsere-serviceleistungen\/vip-meet-and-greet-transfer\/"},"modified":"2018-10-11T15:51:15","modified_gmt":"2018-10-11T13:51:15","slug":"vip-meet-and-greet-transfer","status":"publish","type":"page","link":"https:\/\/www.mydriverparis.com\/de\/unsere-serviceleistungen\/vip-meet-and-greet-transfer\/","title":{"rendered":"VIP Meet and Greet Transfer"},"content":{"rendered":"<p><b>VIP Meet and Greet Transfer<\/b><\/p>\n<p><b><\/b><span style=\"font-weight: 400;\">MyDriverParis bietet Ihnen eine Reihe von luxuri\u00f6sen Concierge-Services in Paris und andere St\u00e4dte, um Ihre Reise durch den Flughafen und dar\u00fcber hinaus so stressfrei und entspannend wie m\u00f6glich f\u00fcr die Ankunft und Abreise zu gestalten<\/span><\/p>\n<p><b>Tax &amp; Refund Assistance<\/b><\/p>\n<p><span style=\"font-weight: 400;\">Damit wir Sie mit diesen Service helfen k\u00f6nnen,<\/span><\/p>\n<p><span style=\"font-weight: 400;\">m\u00fcssen Sie Ihr Ticket, Ihren Reisepass und die Formulare, die Sie w\u00e4hrend Ihres Einkaufs gesammelt haben, vorlegen.<\/span><\/p>\n<p><span style=\"font-weight: 400;\">Die Tax Steuer R\u00fcckerstattung muss in dem letzten EU-Land geschehen, in dem Sie vor Ort sind.<\/span><\/p>\n<p><span style=\"font-weight: 400;\">Unser MyDriverParis Chauffeur wird Ihnen helfen:<\/span><\/p>\n<ul>\n<li style=\"font-weight: 400;\"><span style=\"font-weight: 400;\">Um eine einfache und schnelle Tax Steuer R\u00fcckerstattung zu bekommen<\/span><\/li>\n<li style=\"font-weight: 400;\"><span style=\"font-weight: 400;\">Um \u00a0Sie beim Gep\u00e4ck Check-in zu unterst\u00fctzen <\/span><\/li>\n<\/ul>\n<p>&nbsp;<\/p>\n<p><span style=\"font-weight: 400;\">Weitere Service<\/span><\/p>\n<ul>\n<li style=\"font-weight: 400;\"><span style=\"font-weight: 400;\">Guide und Dolmetscher<\/span><\/li>\n<li style=\"font-weight: 400;\"><span style=\"font-weight: 400;\">VIP Treffen am Bahnhof Gare Du Nord Paris<\/span><\/li>\n<\/ul>\n<p><span style=\"font-weight: 400;\">(Eurostar &amp; Thalys)<\/span><\/p>\n<ul>\n<li style=\"font-weight: 400;\"><span style=\"font-weight: 400;\">Andere Dienstleistungen nach Ihrem Bedarf<\/span><\/li>\n<\/ul>\n<p><\/p>\n","protected":false},"excerpt":{"rendered":"","protected":false},"author":1,"featured_media":0,"parent":2716,"menu_order":0,"comment_status":"closed","ping_status":"closed","template":"excursion-template.php","meta":{"om_disable_all_campaigns":false,"footnotes":""},"class_list":["post-2729","page","type-page","status-publish","hentry"],"_links":{"self":[{"href":"https:\/\/www.mydriverparis.com\/de\/wp-json\/wp\/v2\/pages\/2729","targetHints":{"allow":["GET"]}}],"collection":[{"href":"https:\/\/www.mydriverparis.com\/de\/wp-json\/wp\/v2\/pages"}],"about":[{"href":"https:\/\/www.mydriverparis.com\/de\/wp-json\/wp\/v2\/types\/page"}],"author":[{"embeddable":true,"href":"https:\/\/www.mydriverparis.com\/de\/wp-json\/wp\/v2\/users\/1"}],"replies":[{"embeddable":true,"href":"https:\/\/www.mydriverparis.com\/de\/wp-json\/wp\/v2\/comments?post=2729"}],"version-history":[{"count":0,"href":"https:\/\/www.mydriverparis.com\/de\/wp-json\/wp\/v2\/pages\/2729\/revisions"}],"up":[{"embeddable":true,"href":"https:\/\/www.mydriverparis.com\/de\/wp-json\/wp\/v2\/pages\/2716"}],"wp:attachment":[{"href":"https:\/\/www.mydriverparis.com\/de\/wp-json\/wp\/v2\/media?parent=2729"}],"curies":[{"name":"wp","href":"https:\/\/api.w.org\/{rel}","templated":true}]}}