{"id":2732,"date":"2018-10-11T15:56:40","date_gmt":"2018-10-11T13:56:40","guid":{"rendered":"https:\/\/www.mydriverparis.com\/reisebus\/"},"modified":"2018-10-11T15:59:06","modified_gmt":"2018-10-11T13:59:06","slug":"reisebus","status":"publish","type":"page","link":"https:\/\/www.mydriverparis.com\/de\/reisebus\/","title":{"rendered":"Reisebus"},"content":{"rendered":"<p><img loading=\"lazy\" decoding=\"async\" width=\"300\" height=\"200\" class=\"alignnone size-medium wp-image-1705\" src=\"https:\/\/www.mydriverparis.com\/wp-content\/uploads\/2018\/05\/setra-bus-picture-300x200.jpg\" alt=\"bus coach hire in paris\" srcset=\"https:\/\/www.mydriverparis.com\/wp-content\/uploads\/2018\/05\/setra-bus-picture-300x200.jpg 300w, https:\/\/www.mydriverparis.com\/wp-content\/uploads\/2018\/05\/setra-bus-picture-100x67.jpg 100w, https:\/\/www.mydriverparis.com\/wp-content\/uploads\/2018\/05\/setra-bus-picture.jpg 400w\" sizes=\"auto, (max-width: 300px) 100vw, 300px\" \/><\/p>\n<p><b>Reisebus<\/b><\/p>\n<p><b><\/b><span style=\"font-weight: 400;\">MyDriverParis bietet Ihnen einfache und bequeme Reisen mit einem privaten Fahrer und luxuri\u00f6sen Reisebusse von Paris und andere franz\u00f6sische St\u00e4dte.<\/span><\/p>\n<p><span style=\"font-weight: 400;\">Mit MyDriverParis k\u00f6nnen Sie verschiedene Reisen buchen:<\/span><\/p>\n<ul>\n<li style=\"font-weight: 400;\"><span style=\"font-weight: 400;\">Private Transfers von Paris<\/span><\/li>\n<li style=\"font-weight: 400;\"><span style=\"font-weight: 400;\">Zuverl\u00e4ssiger Transport von T\u00fcr zu T\u00fcr <\/span><\/li>\n<li style=\"font-weight: 400;\"><span style=\"font-weight: 400;\">Festpreise <\/span><\/li>\n<li style=\"font-weight: 400;\"><span style=\"font-weight: 400;\">Zahlung per Karte, \u00dcberweisung<\/span><\/li>\n<li style=\"font-weight: 400;\"><span style=\"font-weight: 400;\">Mehrsprachige Berufskraftfahrer<\/span><\/li>\n<\/ul>\n<p><span style=\"font-weight: 400;\">Unser Fahrer kann Sie am Flughafen, am Bahnhof oder an einem beliebigen Ort in Paris abholen. Mit unserem luxuri\u00f6sen Service k\u00f6nnen Sie Ihren eigenen exklusiven Tagesausflug genie\u00dfen, w\u00e4hrend Sie entspannt in den Sitzen eines unserer Premium-Busse und Reisebusse sitzen.<\/span><\/p>\n<p><span style=\"font-weight: 400;\">wir\u00a0k\u00fcmmern uns gerne um\u00a0Ihre\u00a0individuellen\u00a0Bed\u00fcrfnisse mit vielseitigkeit und bieten Ihnen Busse von 30 Sitzpl\u00e4tzen bis hin zu gr\u00f6\u00dferen Sitzpl\u00e4tzen f\u00fcr 59 Personen an. Bitte denken Sie daran, so schnell wie m\u00f6glich zu buchen, damit wir sicherstellen k\u00f6nnen, dass Sie genau das richtige Fahrzeug f\u00fcr Ihre Bed\u00fcrfnisse bekommen. Wir bieten auch die M\u00f6glichkeit, mehr als einen Bus zu mieten, so dass Sie im Konvoi reisen k\u00f6nnen.<\/span><\/p>\n<p><span style=\"font-weight: 400;\">Alle unsere Fahrer sind professionelle Reisebusfahrer, die geschult sind, den Wert der Kundenbetreuung zu verstehen. Unsere Fahrer sind freundlich, zuverl\u00e4ssig und p\u00fcnktlich. <\/span><\/p>\n<p><span style=\"font-weight: 400;\"><br \/>\n<\/span><span style=\"font-weight: 400;\">Wir verstehen, dass unser Gesch\u00e4ft nur erfolgreich sein kann, wenn unsere Kunden mit unserem Service zufrieden sind. Unsere Fahrer sind professionell, die Busse sind sauber und gepflegt und wir erf\u00fcllen zu 100 Prozent alle Vorschriften f\u00fcr den \u00f6ffentlichen Verkehr.<\/span><\/p>\n<p><span style=\"font-weight: 400;\">Wir stehen gerne zur Ihrer Verf\u00fcgung f\u00fcr Ihre n\u00e4chste Busvermietung mit Privaten Chauffeur. Rufen Sie uns einfach an f\u00fcr weitere Informationen<\/span><\/p>\n","protected":false},"excerpt":{"rendered":"<p>Reisebus MyDriverParis bietet Ihnen einfache und bequeme Reisen mit einem privaten Fahrer und luxuri\u00f6sen Reisebusse von Paris und andere franz\u00f6sische St\u00e4dte. Mit MyDriverParis k\u00f6nnen Sie verschiedene Reisen buchen: Private Transfers von Paris Zuverl\u00e4ssiger Transport von T\u00fcr zu T\u00fcr Festpreise Zahlung per Karte, \u00dcberweisung Mehrsprachige Berufskraftfahrer Unser Fahrer kann Sie am Flughafen, am Bahnhof oder an [&hellip;]<\/p>\n","protected":false},"author":1,"featured_media":0,"parent":0,"menu_order":0,"comment_status":"closed","ping_status":"closed","template":"excursion-template.php","meta":{"om_disable_all_campaigns":false,"footnotes":""},"class_list":["post-2732","page","type-page","status-publish","hentry"],"_links":{"self":[{"href":"https:\/\/www.mydriverparis.com\/de\/wp-json\/wp\/v2\/pages\/2732","targetHints":{"allow":["GET"]}}],"collection":[{"href":"https:\/\/www.mydriverparis.com\/de\/wp-json\/wp\/v2\/pages"}],"about":[{"href":"https:\/\/www.mydriverparis.com\/de\/wp-json\/wp\/v2\/types\/page"}],"author":[{"embeddable":true,"href":"https:\/\/www.mydriverparis.com\/de\/wp-json\/wp\/v2\/users\/1"}],"replies":[{"embeddable":true,"href":"https:\/\/www.mydriverparis.com\/de\/wp-json\/wp\/v2\/comments?post=2732"}],"version-history":[{"count":0,"href":"https:\/\/www.mydriverparis.com\/de\/wp-json\/wp\/v2\/pages\/2732\/revisions"}],"wp:attachment":[{"href":"https:\/\/www.mydriverparis.com\/de\/wp-json\/wp\/v2\/media?parent=2732"}],"curies":[{"name":"wp","href":"https:\/\/api.w.org\/{rel}","templated":true}]}}