{"id":2737,"date":"2018-10-11T16:03:19","date_gmt":"2018-10-11T14:03:19","guid":{"rendered":"https:\/\/www.mydriverparis.com\/minibus\/"},"modified":"2018-10-11T16:05:48","modified_gmt":"2018-10-11T14:05:48","slug":"minibus","status":"publish","type":"page","link":"https:\/\/www.mydriverparis.com\/de\/minibus\/","title":{"rendered":"Minibus"},"content":{"rendered":"<p><img loading=\"lazy\" decoding=\"async\" width=\"300\" height=\"300\" class=\"alignnone size-medium wp-image-1681\" src=\"https:\/\/www.mydriverparis.com\/wp-content\/uploads\/2018\/05\/hire-minibus-with-driver-13-seat-300x300.jpeg\" alt=\"hire minibus with driver 13 seat.jpeg\" srcset=\"https:\/\/www.mydriverparis.com\/wp-content\/uploads\/2018\/05\/hire-minibus-with-driver-13-seat-300x300.jpeg 300w, https:\/\/www.mydriverparis.com\/wp-content\/uploads\/2018\/05\/hire-minibus-with-driver-13-seat-150x150.jpeg 150w, https:\/\/www.mydriverparis.com\/wp-content\/uploads\/2018\/05\/hire-minibus-with-driver-13-seat-768x768.jpeg 768w, https:\/\/www.mydriverparis.com\/wp-content\/uploads\/2018\/05\/hire-minibus-with-driver-13-seat-1024x1024.jpeg 1024w, https:\/\/www.mydriverparis.com\/wp-content\/uploads\/2018\/05\/hire-minibus-with-driver-13-seat-100x100.jpeg 100w, https:\/\/www.mydriverparis.com\/wp-content\/uploads\/2018\/05\/hire-minibus-with-driver-13-seat-70x70.jpeg 70w, https:\/\/www.mydriverparis.com\/wp-content\/uploads\/2018\/05\/hire-minibus-with-driver-13-seat-80x80.jpeg 80w, https:\/\/www.mydriverparis.com\/wp-content\/uploads\/2018\/05\/hire-minibus-with-driver-13-seat.jpeg 1600w\" sizes=\"auto, (max-width: 300px) 100vw, 300px\" \/><\/p>\n<p><span style=\"font-weight: 400;\">MyDriverParis bietet Ihnen einfache und bequeme Reisen mit einem privaten Fahrer und luxuri\u00f6sen Reisebusse von Paris und andere franz\u00f6sische St\u00e4dte.<\/span><\/p>\n<p><span style=\"font-weight: 400;\">Mit MyDriverParis k\u00f6nnen Sie verschiedene Reisen buchen:<\/span><\/p>\n<ul>\n<li style=\"font-weight: 400;\"><span style=\"font-weight: 400;\">Private Transfers von Paris<\/span><\/li>\n<li style=\"font-weight: 400;\"><span style=\"font-weight: 400;\">Zuverl\u00e4ssiger Transport von T\u00fcr zu T\u00fcr <\/span><\/li>\n<li style=\"font-weight: 400;\"><span style=\"font-weight: 400;\">Festpreise <\/span><\/li>\n<li style=\"font-weight: 400;\"><span style=\"font-weight: 400;\">Zahlung per Karte, \u00dcberweisung<\/span><\/li>\n<li style=\"font-weight: 400;\"><span style=\"font-weight: 400;\">Mehrsprachige Berufskraftfahrer <\/span><\/li>\n<\/ul>\n<p><span style=\"font-weight: 400;\">Unser Fahrer kann Sie am Flughafen, am Bahnhof oder an einem beliebigen Ort in Paris abholen. Mit unserem luxuri\u00f6sen Service k\u00f6nnen Sie Ihren eigenen exklusiven Tagesausflug genie\u00dfen, w\u00e4hrend Sie entspannt in den Sitzen eines unserer Premium-Busse und Reisebusse sitzen.<\/span><\/p>\n<p><span style=\"font-weight: 400;\">Wir\u00a0k\u00fcmmern uns gerne um\u00a0Ihre\u00a0individuellen\u00a0Bed\u00fcrfnisse mit vielseitigkeit und bieten Ihnen Minibusse von 7 Sitzpl\u00e4tzen bis hin zu gr\u00f6\u00dferen Sitzpl\u00e4tzen f\u00fcr 22 Personen an. Bitte denken Sie daran, so schnell wie m\u00f6glich zu buchen, damit wir sicherstellen k\u00f6nnen, dass Sie genau das richtige Fahrzeug f\u00fcr Ihre Bed\u00fcrfnisse bekommen. Wir bieten auch die M\u00f6glichkeit, mehr als einen Bus zu mieten, so dass Sie im Konvoi reisen k\u00f6nnen.<\/span><\/p>\n<p><span style=\"font-weight: 400;\">Alle unsere Fahrer sind professionelle Reisebusfahrer, die geschult sind, den Wert der Kundenbetreuung zu verstehen. Unsere Fahrer sind freundlich, zuverl\u00e4ssig und p\u00fcnktlich. <\/span><\/p>\n<p><span style=\"font-weight: 400;\">Wir verstehen, dass unser Gesch\u00e4ft nur erfolgreich sein kann, wenn unsere Kunden mit unserem Service zufrieden sind. Unsere Fahrer sind professionell, die Busse sind sauber und gepflegt und wir erf\u00fcllen zu 100 Prozent alle Vorschriften f\u00fcr den \u00f6ffentlichen Verkehr.<\/span><\/p>\n<p><span style=\"font-weight: 400;\">Wir stehen gerne zur Ihrer Verf\u00fcgung f\u00fcr Ihre n\u00e4chste Busvermietung mit Privaten Chauffeur. Rufen Sie uns einfach an f\u00fcr weitere Informationen<\/span><\/p>\n","protected":false},"excerpt":{"rendered":"","protected":false},"author":1,"featured_media":0,"parent":0,"menu_order":0,"comment_status":"closed","ping_status":"closed","template":"excursion-template.php","meta":{"om_disable_all_campaigns":false,"footnotes":""},"class_list":["post-2737","page","type-page","status-publish","hentry"],"_links":{"self":[{"href":"https:\/\/www.mydriverparis.com\/de\/wp-json\/wp\/v2\/pages\/2737","targetHints":{"allow":["GET"]}}],"collection":[{"href":"https:\/\/www.mydriverparis.com\/de\/wp-json\/wp\/v2\/pages"}],"about":[{"href":"https:\/\/www.mydriverparis.com\/de\/wp-json\/wp\/v2\/types\/page"}],"author":[{"embeddable":true,"href":"https:\/\/www.mydriverparis.com\/de\/wp-json\/wp\/v2\/users\/1"}],"replies":[{"embeddable":true,"href":"https:\/\/www.mydriverparis.com\/de\/wp-json\/wp\/v2\/comments?post=2737"}],"version-history":[{"count":0,"href":"https:\/\/www.mydriverparis.com\/de\/wp-json\/wp\/v2\/pages\/2737\/revisions"}],"wp:attachment":[{"href":"https:\/\/www.mydriverparis.com\/de\/wp-json\/wp\/v2\/media?parent=2737"}],"curies":[{"name":"wp","href":"https:\/\/api.w.org\/{rel}","templated":true}]}}