{"id":2781,"date":"2018-10-18T13:13:14","date_gmt":"2018-10-18T11:13:14","guid":{"rendered":"https:\/\/www.mydriverparis.com\/events\/"},"modified":"2018-10-18T13:16:06","modified_gmt":"2018-10-18T11:16:06","slug":"veranstaltungen","status":"publish","type":"page","link":"https:\/\/www.mydriverparis.com\/de\/veranstaltungen\/","title":{"rendered":"Veranstaltungen"},"content":{"rendered":"<p><span style=\"font-weight: 400;\">MyDriverParis verf\u00fcgt \u00fcber eine Flotte von Luxusautos, die in der Lage sind, eine beliebige Anzahl von Fahrg\u00e4sten zu bef\u00f6rdern und sicherzustellen. Mit unseren professionellen F\u00fchrungsfahrern kommen Sie p\u00fcnktlich an und haben eine bequeme und stressfreie Reise.<\/span><\/p>\n<p>&nbsp;<\/p>\n<p><span style=\"font-weight: 400;\">Unsere Luxus-Flotte von Chauffeur-Autos besteht aus: Mercedes S-Klasse, Mercedes V-Klasse, Mercedes E-Klasse, jeder von h\u00f6chster Qualit\u00e4t und optisch erhaben.<\/span><\/p>\n<p>&nbsp;<\/p>\n<p><span style=\"font-weight: 400;\">Wenn Sie einen Chauffeur f\u00fcr eine Veranstaltung mieten m\u00f6chten, suchen Sie nicht weiter. MyDriverParis ist in der Lage, bis zu 100 Autos mit Chauffeur unterzubringen und daf\u00fcr zu sorgen, dass Ihre Veranstaltung ein voller Erfolg wird.<\/span><\/p>\n","protected":false},"excerpt":{"rendered":"<p>MyDriverParis verf\u00fcgt \u00fcber eine Flotte von Luxusautos, die in der Lage sind, eine beliebige Anzahl von Fahrg\u00e4sten zu bef\u00f6rdern und sicherzustellen. Mit unseren professionellen F\u00fchrungsfahrern kommen Sie p\u00fcnktlich an und haben eine bequeme und stressfreie Reise. &nbsp; Unsere Luxus-Flotte von Chauffeur-Autos besteht aus: Mercedes S-Klasse, Mercedes V-Klasse, Mercedes E-Klasse, jeder von h\u00f6chster Qualit\u00e4t und optisch [&hellip;]<\/p>\n","protected":false},"author":1,"featured_media":0,"parent":0,"menu_order":0,"comment_status":"closed","ping_status":"closed","template":"","meta":{"om_disable_all_campaigns":false,"footnotes":""},"class_list":["post-2781","page","type-page","status-publish","hentry"],"_links":{"self":[{"href":"https:\/\/www.mydriverparis.com\/de\/wp-json\/wp\/v2\/pages\/2781","targetHints":{"allow":["GET"]}}],"collection":[{"href":"https:\/\/www.mydriverparis.com\/de\/wp-json\/wp\/v2\/pages"}],"about":[{"href":"https:\/\/www.mydriverparis.com\/de\/wp-json\/wp\/v2\/types\/page"}],"author":[{"embeddable":true,"href":"https:\/\/www.mydriverparis.com\/de\/wp-json\/wp\/v2\/users\/1"}],"replies":[{"embeddable":true,"href":"https:\/\/www.mydriverparis.com\/de\/wp-json\/wp\/v2\/comments?post=2781"}],"version-history":[{"count":0,"href":"https:\/\/www.mydriverparis.com\/de\/wp-json\/wp\/v2\/pages\/2781\/revisions"}],"wp:attachment":[{"href":"https:\/\/www.mydriverparis.com\/de\/wp-json\/wp\/v2\/media?parent=2781"}],"curies":[{"name":"wp","href":"https:\/\/api.w.org\/{rel}","templated":true}]}}