{"id":2784,"date":"2018-10-18T13:20:50","date_gmt":"2018-10-18T11:20:50","guid":{"rendered":"https:\/\/www.mydriverparis.com\/veranstaltungen\/fashion-week\/"},"modified":"2018-10-18T13:23:27","modified_gmt":"2018-10-18T11:23:27","slug":"fashion-week","status":"publish","type":"page","link":"https:\/\/www.mydriverparis.com\/de\/veranstaltungen\/fashion-week\/","title":{"rendered":"Fashion Week"},"content":{"rendered":"<p><span style=\"font-weight: 400;\">Die Paris Fashion Week ist eine Reihe von Designer-Pr\u00e4sentationen, die halbj\u00e4hrlich in Paris, Frankreich, mit Fr\u00fchjahr \/ Sommer- und Herbst \/ Winter-Veranstaltungen stattfinden. Termine werden vom franz\u00f6sischen Modeverband festgelegt. Die Fashion Week findet an verschiedenen Orten in der Stadt statt.<\/span><\/p>\n<p><span style=\"font-weight: 400;\">Neben den Pr\u00eat-\u00e0-porter-Shows gibt es Herren- und Haute-Couture-Shows, die halbj\u00e4hrlich f\u00fcr die Fr\u00fchjahrs- \/ Sommer- und Herbst- \/ Wintersaison veranstaltet werden.<\/span><\/p>\n<p><span style=\"font-weight: 400;\">Sie k\u00f6nnen jetzt einen Chauffeur f\u00fcr die n\u00e4chste Fashion Week in Paris mieten.<\/span><\/p>\n<p><span style=\"font-weight: 400;\">MyDriverParis sind sehr gefragt f\u00fcr die Paris Fashion Week, daher lohnt es sich, fr\u00fch zu buchen, um das Auto Ihrer Wahl zu sichern.<\/span><\/p>\n<p><\/p>\n","protected":false},"excerpt":{"rendered":"","protected":false},"author":1,"featured_media":0,"parent":2781,"menu_order":0,"comment_status":"closed","ping_status":"closed","template":"excursion-template.php","meta":{"om_disable_all_campaigns":false,"footnotes":""},"class_list":["post-2784","page","type-page","status-publish","hentry"],"_links":{"self":[{"href":"https:\/\/www.mydriverparis.com\/de\/wp-json\/wp\/v2\/pages\/2784","targetHints":{"allow":["GET"]}}],"collection":[{"href":"https:\/\/www.mydriverparis.com\/de\/wp-json\/wp\/v2\/pages"}],"about":[{"href":"https:\/\/www.mydriverparis.com\/de\/wp-json\/wp\/v2\/types\/page"}],"author":[{"embeddable":true,"href":"https:\/\/www.mydriverparis.com\/de\/wp-json\/wp\/v2\/users\/1"}],"replies":[{"embeddable":true,"href":"https:\/\/www.mydriverparis.com\/de\/wp-json\/wp\/v2\/comments?post=2784"}],"version-history":[{"count":0,"href":"https:\/\/www.mydriverparis.com\/de\/wp-json\/wp\/v2\/pages\/2784\/revisions"}],"up":[{"embeddable":true,"href":"https:\/\/www.mydriverparis.com\/de\/wp-json\/wp\/v2\/pages\/2781"}],"wp:attachment":[{"href":"https:\/\/www.mydriverparis.com\/de\/wp-json\/wp\/v2\/media?parent=2784"}],"curies":[{"name":"wp","href":"https:\/\/api.w.org\/{rel}","templated":true}]}}