{"id":2789,"date":"2018-10-18T13:27:09","date_gmt":"2018-10-18T11:27:09","guid":{"rendered":"https:\/\/www.mydriverparis.com\/veranstaltungen\/cannes-filmfestival\/"},"modified":"2018-10-18T13:28:49","modified_gmt":"2018-10-18T11:28:49","slug":"cannes-filmfestival","status":"publish","type":"page","link":"https:\/\/www.mydriverparis.com\/de\/veranstaltungen\/cannes-filmfestival\/","title":{"rendered":"Cannes Filmfestival"},"content":{"rendered":"<\/p>\n<div>\n<div class=\"u-serif-font-main--large\">\n<p><img loading=\"lazy\" decoding=\"async\" width=\"300\" height=\"158\" class=\"alignnone size-medium wp-image-1737\" src=\"https:\/\/www.mydriverparis.com\/wp-content\/uploads\/2018\/06\/Festival_de_Cannes_Driver-300x158.png\" alt=\"driver chauffeur cannes festival\" srcset=\"https:\/\/www.mydriverparis.com\/wp-content\/uploads\/2018\/06\/Festival_de_Cannes_Driver-300x158.png 300w, https:\/\/www.mydriverparis.com\/wp-content\/uploads\/2018\/06\/Festival_de_Cannes_Driver-768x406.png 768w, https:\/\/www.mydriverparis.com\/wp-content\/uploads\/2018\/06\/Festival_de_Cannes_Driver-1024x541.png 1024w, https:\/\/www.mydriverparis.com\/wp-content\/uploads\/2018\/06\/Festival_de_Cannes_Driver-100x53.png 100w, https:\/\/www.mydriverparis.com\/wp-content\/uploads\/2018\/06\/Festival_de_Cannes_Driver.png 1280w\" sizes=\"auto, (max-width: 300px) 100vw, 300px\" \/><\/p>\n<\/div>\n<\/div>\n<p><span style=\"font-weight: 400;\">MyDriverParis bietet Ihnen einfache und bequeme Reisen mit einem privaten Fahrer und einem Luxusauto f\u00fcr das Cannes Film Festival. <\/span><\/p>\n<p><span style=\"font-weight: 400;\">Mit MyDriverParis haben Sie:<\/span><\/p>\n<ul>\n<li style=\"font-weight: 400;\"><span style=\"font-weight: 400;\">Privaten Transfer vom Flughafen Nizza nach Cannes<\/span><\/li>\n<li style=\"font-weight: 400;\"><span style=\"font-weight: 400;\">Zuverl\u00e4ssiger Transport von T\u00fcr zu T\u00fcr<\/span><\/li>\n<li style=\"font-weight: 400;\"><span style=\"font-weight: 400;\">Festpreise<\/span><\/li>\n<li style=\"font-weight: 400;\"><span style=\"font-weight: 400;\">Zahlung per Karte, Bar oder Bank\u00fcberweisung<\/span><\/li>\n<li style=\"font-weight: 400;\"><span style=\"font-weight: 400;\">Englischsprechende Berufskraftfahrer <\/span><\/li>\n<\/ul>\n<p><span style=\"font-weight: 400;\">Unser Fahrer kann Sie am Flughafen, am Bahnhof oder \u00fcberall in Nizza oder Umgebung abholen und Sie direkt nach Cannes bringen.<\/span><\/p>\n<p><span style=\"font-weight: 400;\">MyDriverParis besitzt eine Vielzahl von Fahrzeugen zur Auswahl f\u00fcr Ihre Fahrt. Unser Angebot an Fahrzeugklassen reicht von einer Luxuslimousine bis hin zu Minivans. F\u00fcr gro\u00dfe Gruppen k\u00f6nnen wir auch Minibus und Bus zur Verf\u00fcgung stellen.<\/span><\/p>\n<p><span style=\"font-weight: 400;\">Die\u00a0Internationalen Filmfestspiele von Cannes\u00a0(Franz\u00f6sisch\u00a0le\u00a0Festival de Cannes) z\u00e4hlen zu den weltweit bedeutendsten\u00a0Filmfestivals. Sie werden seit 1946 j\u00e4hrlich im Mai an der\u00a0C\u00f4te d\u2019Azur\u00a0veranstaltet. Hauptveranstaltungsort in\u00a0Cannes\u00a0ist das\u00a0Palais des Festivals et des Congr\u00e8s.<\/span><\/p>\n<p><span style=\"font-weight: 400;\">Sie k\u00f6nnen jetzt einen Chauffeur f\u00fcr das n\u00e4chste Filmfestival in Cannes buchen.<\/span><\/p>\n<p><span style=\"font-weight: 400;\">MyDriverParis sind sehr gefragt f\u00fcr diesen Festival, daher lohnt es sich, fr\u00fch zu buchen, um das Auto Ihrer Wahl zu sichern.<\/span>\n","protected":false},"excerpt":{"rendered":"","protected":false},"author":1,"featured_media":0,"parent":2781,"menu_order":0,"comment_status":"closed","ping_status":"closed","template":"excursion-template.php","meta":{"om_disable_all_campaigns":false,"footnotes":""},"class_list":["post-2789","page","type-page","status-publish","hentry"],"_links":{"self":[{"href":"https:\/\/www.mydriverparis.com\/de\/wp-json\/wp\/v2\/pages\/2789","targetHints":{"allow":["GET"]}}],"collection":[{"href":"https:\/\/www.mydriverparis.com\/de\/wp-json\/wp\/v2\/pages"}],"about":[{"href":"https:\/\/www.mydriverparis.com\/de\/wp-json\/wp\/v2\/types\/page"}],"author":[{"embeddable":true,"href":"https:\/\/www.mydriverparis.com\/de\/wp-json\/wp\/v2\/users\/1"}],"replies":[{"embeddable":true,"href":"https:\/\/www.mydriverparis.com\/de\/wp-json\/wp\/v2\/comments?post=2789"}],"version-history":[{"count":0,"href":"https:\/\/www.mydriverparis.com\/de\/wp-json\/wp\/v2\/pages\/2789\/revisions"}],"up":[{"embeddable":true,"href":"https:\/\/www.mydriverparis.com\/de\/wp-json\/wp\/v2\/pages\/2781"}],"wp:attachment":[{"href":"https:\/\/www.mydriverparis.com\/de\/wp-json\/wp\/v2\/media?parent=2789"}],"curies":[{"name":"wp","href":"https:\/\/api.w.org\/{rel}","templated":true}]}}