{"id":2794,"date":"2018-10-18T13:32:30","date_gmt":"2018-10-18T11:32:30","guid":{"rendered":"https:\/\/www.mydriverparis.com\/veranstaltungen\/pariser-flugschau\/"},"modified":"2018-10-18T13:33:53","modified_gmt":"2018-10-18T11:33:53","slug":"pariser-flugschau","status":"publish","type":"page","link":"https:\/\/www.mydriverparis.com\/de\/veranstaltungen\/pariser-flugschau\/","title":{"rendered":"Pariser Flugschau"},"content":{"rendered":"<p><img loading=\"lazy\" decoding=\"async\" width=\"178\" height=\"182\" class=\"alignnone size-full wp-image-913\" src=\"https:\/\/www.mydriverparis.com\/wp-content\/uploads\/2017\/10\/1880324-1-logo.jpg\" alt=\"\" srcset=\"https:\/\/www.mydriverparis.com\/wp-content\/uploads\/2017\/10\/1880324-1-logo.jpg 178w, https:\/\/www.mydriverparis.com\/wp-content\/uploads\/2017\/10\/1880324-1-logo-98x100.jpg 98w\" sizes=\"auto, (max-width: 178px) 100vw, 178px\" \/><\/p>\n<p><span style=\"font-weight: 400;\">Die Paris Air Show (Salon International de l&#8217;A\u00e9ronautique et de l&#8217;espace de Paris-Le Bourget, Salon du Bourget) ist die weltweit \u00e4lteste Flugschau. Sie wurde 1909 gegr\u00fcndet und findet jedes Jahr seit 1949 am Flughafen Paris-Le Bourget im Norden von Paris statt.<\/span><\/p>\n<p><span style=\"font-weight: 400;\">Es handelt sich um eine gro\u00dfe kommerzielle Veranstaltung, deren Hauptziel darin besteht, potenziellen Kunden milit\u00e4rische und zivile Flugzeuge vorzuf\u00fchren. Es ist eine der prestigetr\u00e4chtigsten Flugzeugausstellung der Welt. Wichtige Flugzeugverkaufsvertr\u00e4ge werden von den Herstellern w\u00e4hrend der Messe angek\u00fcndigt. Alle gro\u00dfen internationalen Hersteller sowie Vertreter der Streitkr\u00e4fte vieler L\u00e4nder nehmen an der Paris Air Show teil.<\/span><\/p>\n<p><span style=\"font-weight: 400;\">Sie k\u00f6nnen jetzt einen Chauffeur f\u00fcr die n\u00e4chste Internationale Paris Air Show mieten.<\/span><\/p>\n<p><span style=\"font-weight: 400;\">MyDriverParis sind sehr gefragt f\u00fcr Paris Air Show, daher lohnt es sich fr\u00fch zu buchen, um das Auto Ihrer Wahl zu sichern.<\/span><\/p>\n","protected":false},"excerpt":{"rendered":"","protected":false},"author":1,"featured_media":0,"parent":2781,"menu_order":0,"comment_status":"closed","ping_status":"closed","template":"excursion-template.php","meta":{"om_disable_all_campaigns":false,"footnotes":""},"class_list":["post-2794","page","type-page","status-publish","hentry"],"_links":{"self":[{"href":"https:\/\/www.mydriverparis.com\/de\/wp-json\/wp\/v2\/pages\/2794","targetHints":{"allow":["GET"]}}],"collection":[{"href":"https:\/\/www.mydriverparis.com\/de\/wp-json\/wp\/v2\/pages"}],"about":[{"href":"https:\/\/www.mydriverparis.com\/de\/wp-json\/wp\/v2\/types\/page"}],"author":[{"embeddable":true,"href":"https:\/\/www.mydriverparis.com\/de\/wp-json\/wp\/v2\/users\/1"}],"replies":[{"embeddable":true,"href":"https:\/\/www.mydriverparis.com\/de\/wp-json\/wp\/v2\/comments?post=2794"}],"version-history":[{"count":0,"href":"https:\/\/www.mydriverparis.com\/de\/wp-json\/wp\/v2\/pages\/2794\/revisions"}],"up":[{"embeddable":true,"href":"https:\/\/www.mydriverparis.com\/de\/wp-json\/wp\/v2\/pages\/2781"}],"wp:attachment":[{"href":"https:\/\/www.mydriverparis.com\/de\/wp-json\/wp\/v2\/media?parent=2794"}],"curies":[{"name":"wp","href":"https:\/\/api.w.org\/{rel}","templated":true}]}}