{"id":2796,"date":"2018-10-18T13:36:06","date_gmt":"2018-10-18T11:36:06","guid":{"rendered":"https:\/\/www.mydriverparis.com\/veranstaltungen\/pariser-autosalon\/"},"modified":"2018-10-18T13:38:15","modified_gmt":"2018-10-18T11:38:15","slug":"pariser-autosalon","status":"publish","type":"page","link":"https:\/\/www.mydriverparis.com\/de\/veranstaltungen\/pariser-autosalon\/","title":{"rendered":"Pariser Autosalon"},"content":{"rendered":"<p><img loading=\"lazy\" decoding=\"async\" width=\"300\" height=\"300\" class=\"alignnone size-medium wp-image-916\" src=\"https:\/\/www.mydriverparis.com\/wp-content\/uploads\/2017\/10\/mondial-de-lautomobile-de-paris-300x300.jpg\" alt=\"\" srcset=\"https:\/\/www.mydriverparis.com\/wp-content\/uploads\/2017\/10\/mondial-de-lautomobile-de-paris-300x300.jpg 300w, https:\/\/www.mydriverparis.com\/wp-content\/uploads\/2017\/10\/mondial-de-lautomobile-de-paris-150x150.jpg 150w, https:\/\/www.mydriverparis.com\/wp-content\/uploads\/2017\/10\/mondial-de-lautomobile-de-paris-100x100.jpg 100w, https:\/\/www.mydriverparis.com\/wp-content\/uploads\/2017\/10\/mondial-de-lautomobile-de-paris-70x70.jpg 70w, https:\/\/www.mydriverparis.com\/wp-content\/uploads\/2017\/10\/mondial-de-lautomobile-de-paris-80x80.jpg 80w, https:\/\/www.mydriverparis.com\/wp-content\/uploads\/2017\/10\/mondial-de-lautomobile-de-paris.jpg 387w\" sizes=\"auto, (max-width: 300px) 100vw, 300px\" \/><\/p>\n<p><span style=\"font-weight: 400;\">Die Paris Motor Show (franz\u00f6sisch: Mondial de l&#8217;Automobile) ist eine Automobilausstellung in Paris, die alle zwei Jahre stattfindet. Es findet im Oktober statt und ist eine der wichtigsten Automessen, oft mit vielen neuen Serienautos und Concept Car-Deb\u00fcts. Die Show findet derzeit in Paris Expo Porte de Versailles statt. Das Mondial wird von der Organisation Internationale des Constructeurs d&#8217;Automobiles geplant, die es als eine der wichtigsten internationalen Automobilausstellung ansieht.<\/span><\/p>\n<p><span style=\"font-weight: 400;\">Sie k\u00f6nnen jetzt einen Chauffeur f\u00fcr die n\u00e4chste Paris Motor Show buchen.<\/span><\/p>\n<p><span style=\"font-weight: 400;\">MyDriverParis sind sehr gefragt f\u00fcr den Paris Motor Show, daher lohnt es sich fr\u00fch zu buchen, um das Auto Ihrer Wahl zu sichern.<\/span><\/p>\n","protected":false},"excerpt":{"rendered":"","protected":false},"author":1,"featured_media":0,"parent":2781,"menu_order":0,"comment_status":"closed","ping_status":"closed","template":"excursion-template.php","meta":{"om_disable_all_campaigns":false,"footnotes":""},"class_list":["post-2796","page","type-page","status-publish","hentry"],"_links":{"self":[{"href":"https:\/\/www.mydriverparis.com\/de\/wp-json\/wp\/v2\/pages\/2796","targetHints":{"allow":["GET"]}}],"collection":[{"href":"https:\/\/www.mydriverparis.com\/de\/wp-json\/wp\/v2\/pages"}],"about":[{"href":"https:\/\/www.mydriverparis.com\/de\/wp-json\/wp\/v2\/types\/page"}],"author":[{"embeddable":true,"href":"https:\/\/www.mydriverparis.com\/de\/wp-json\/wp\/v2\/users\/1"}],"replies":[{"embeddable":true,"href":"https:\/\/www.mydriverparis.com\/de\/wp-json\/wp\/v2\/comments?post=2796"}],"version-history":[{"count":0,"href":"https:\/\/www.mydriverparis.com\/de\/wp-json\/wp\/v2\/pages\/2796\/revisions"}],"up":[{"embeddable":true,"href":"https:\/\/www.mydriverparis.com\/de\/wp-json\/wp\/v2\/pages\/2781"}],"wp:attachment":[{"href":"https:\/\/www.mydriverparis.com\/de\/wp-json\/wp\/v2\/media?parent=2796"}],"curies":[{"name":"wp","href":"https:\/\/api.w.org\/{rel}","templated":true}]}}