{"id":2798,"date":"2018-10-18T14:12:21","date_gmt":"2018-10-18T12:12:21","guid":{"rendered":"https:\/\/www.mydriverparis.com\/veranstaltungen\/maison-objet\/"},"modified":"2018-10-18T14:13:15","modified_gmt":"2018-10-18T12:13:15","slug":"maison-objet","status":"publish","type":"page","link":"https:\/\/www.mydriverparis.com\/de\/veranstaltungen\/maison-objet\/","title":{"rendered":"Maison &#038; Objet"},"content":{"rendered":"<p><b><img loading=\"lazy\" decoding=\"async\" width=\"300\" height=\"124\" class=\"alignnone size-medium wp-image-910\" src=\"https:\/\/www.mydriverparis.com\/wp-content\/uploads\/2017\/10\/Best-Design-Trade-Shows-2017-You-Should-Visit-Maison-Objet-300x124.jpg\" alt=\"\" srcset=\"https:\/\/www.mydriverparis.com\/wp-content\/uploads\/2017\/10\/Best-Design-Trade-Shows-2017-You-Should-Visit-Maison-Objet-300x124.jpg 300w, https:\/\/www.mydriverparis.com\/wp-content\/uploads\/2017\/10\/Best-Design-Trade-Shows-2017-You-Should-Visit-Maison-Objet-768x317.jpg 768w, https:\/\/www.mydriverparis.com\/wp-content\/uploads\/2017\/10\/Best-Design-Trade-Shows-2017-You-Should-Visit-Maison-Objet-100x41.jpg 100w, https:\/\/www.mydriverparis.com\/wp-content\/uploads\/2017\/10\/Best-Design-Trade-Shows-2017-You-Should-Visit-Maison-Objet.jpg 800w\" sizes=\"auto, (max-width: 300px) 100vw, 300px\" \/><\/b><\/p>\n<p><span style=\"font-weight: 400;\">Maison et Objet ist eine gro\u00dfe franz\u00f6sische Fachmesse f\u00fcr Innenarchitektur. Es wird zweimal j\u00e4hrlich abgehalten und z\u00e4hlt zu den 3 wichtigsten europ\u00e4ischen Veranstaltungen f\u00fcr Innenarchitektur. Eine riesige Sammlung von Innovationen und Talenten an einem Ort. <\/span><b><\/b><\/p>\n<p><span style=\"font-weight: 400;\">Sie k\u00f6nnen jetzt einen Chauffeur f\u00fcr die n\u00e4chste Maison &amp; Objet in Paris mieten. <\/span><\/p>\n<p><span style=\"font-weight: 400;\">MyDriverParis sind sehr gefragt f\u00fcr den Maison &amp; Objet Show, daher lohnt es sich fr\u00fchzeitig zu buchen, um das Auto Ihrer Wahl zu sichern<\/span><\/p>\n<p><\/p>\n","protected":false},"excerpt":{"rendered":"","protected":false},"author":1,"featured_media":0,"parent":2781,"menu_order":0,"comment_status":"closed","ping_status":"closed","template":"excursion-template.php","meta":{"om_disable_all_campaigns":false,"footnotes":""},"class_list":["post-2798","page","type-page","status-publish","hentry"],"_links":{"self":[{"href":"https:\/\/www.mydriverparis.com\/de\/wp-json\/wp\/v2\/pages\/2798","targetHints":{"allow":["GET"]}}],"collection":[{"href":"https:\/\/www.mydriverparis.com\/de\/wp-json\/wp\/v2\/pages"}],"about":[{"href":"https:\/\/www.mydriverparis.com\/de\/wp-json\/wp\/v2\/types\/page"}],"author":[{"embeddable":true,"href":"https:\/\/www.mydriverparis.com\/de\/wp-json\/wp\/v2\/users\/1"}],"replies":[{"embeddable":true,"href":"https:\/\/www.mydriverparis.com\/de\/wp-json\/wp\/v2\/comments?post=2798"}],"version-history":[{"count":0,"href":"https:\/\/www.mydriverparis.com\/de\/wp-json\/wp\/v2\/pages\/2798\/revisions"}],"up":[{"embeddable":true,"href":"https:\/\/www.mydriverparis.com\/de\/wp-json\/wp\/v2\/pages\/2781"}],"wp:attachment":[{"href":"https:\/\/www.mydriverparis.com\/de\/wp-json\/wp\/v2\/media?parent=2798"}],"curies":[{"name":"wp","href":"https:\/\/api.w.org\/{rel}","templated":true}]}}