{"id":2801,"date":"2018-10-18T14:22:05","date_gmt":"2018-10-18T12:22:05","guid":{"rendered":"https:\/\/www.mydriverparis.com\/veranstaltungen\/roland-garros\/"},"modified":"2018-10-18T14:23:08","modified_gmt":"2018-10-18T12:23:08","slug":"roland-garros","status":"publish","type":"page","link":"https:\/\/www.mydriverparis.com\/de\/veranstaltungen\/roland-garros\/","title":{"rendered":"Roland-Garros"},"content":{"rendered":"<\/p>\n<div class=\"u-serif-font-main--large\">\n<p>&nbsp;<\/p>\n<p><img loading=\"lazy\" decoding=\"async\" width=\"300\" height=\"300\" class=\"alignnone size-medium wp-image-1642\" src=\"https:\/\/www.mydriverparis.com\/wp-content\/uploads\/2018\/03\/transfer-driver-roland-garros-300x300.png\" alt=\"driver roland garros french open\" srcset=\"https:\/\/www.mydriverparis.com\/wp-content\/uploads\/2018\/03\/transfer-driver-roland-garros-300x300.png 300w, https:\/\/www.mydriverparis.com\/wp-content\/uploads\/2018\/03\/transfer-driver-roland-garros-150x150.png 150w, https:\/\/www.mydriverparis.com\/wp-content\/uploads\/2018\/03\/transfer-driver-roland-garros-768x768.png 768w, https:\/\/www.mydriverparis.com\/wp-content\/uploads\/2018\/03\/transfer-driver-roland-garros-1024x1024.png 1024w, https:\/\/www.mydriverparis.com\/wp-content\/uploads\/2018\/03\/transfer-driver-roland-garros-100x100.png 100w, https:\/\/www.mydriverparis.com\/wp-content\/uploads\/2018\/03\/transfer-driver-roland-garros-70x70.png 70w, https:\/\/www.mydriverparis.com\/wp-content\/uploads\/2018\/03\/transfer-driver-roland-garros-80x80.png 80w, https:\/\/www.mydriverparis.com\/wp-content\/uploads\/2018\/03\/transfer-driver-roland-garros.png 1200w\" sizes=\"auto, (max-width: 300px) 100vw, 300px\" \/><\/p>\n<p><span style=\"font-weight: 400;\">MyDriverParis bietet Ihnen einfache und bequeme Reisen mit einem privaten Fahrer und einem Luxusauto f\u00fcr den Roland Garros Tennisturnier. <\/span><\/p>\n<p><span style=\"font-weight: 400;\">Mit MyDriverParis haben Sie:<\/span><\/p>\n<ul>\n<li style=\"font-weight: 400;\"><span style=\"font-weight: 400;\">Privaten Transfer vom Flughafen Nizza nach Cannes<\/span><\/li>\n<li style=\"font-weight: 400;\"><span style=\"font-weight: 400;\">Zuverl\u00e4ssiger Transport von T\u00fcr zu T\u00fcr<\/span><\/li>\n<li style=\"font-weight: 400;\"><span style=\"font-weight: 400;\">Festpreise<\/span><\/li>\n<li style=\"font-weight: 400;\"><span style=\"font-weight: 400;\">Zahlung per Karte, Bar oder Bank\u00fcberweisung<\/span><\/li>\n<li style=\"font-weight: 400;\"><span style=\"font-weight: 400;\">Englischsprechende Berufskraftfahrer <\/span><\/li>\n<\/ul>\n<p><span style=\"font-weight: 400;\">Unser Fahrer kann Sie am Flughafen, am Bahnhof oder an einem beliebigen Ort in Paris abholen und Sie direkt zum Roland Garros French Open bringen.<\/span><\/p>\n<p><span style=\"font-weight: 400;\">MyDriverParis besitzt eine Vielzahl von Fahrzeugen zur Auswahl f\u00fcr Ihre Fahrt. Unser Angebot an Fahrzeugklassen reicht von einer Luxuslimousine bis hin zu Minivans. F\u00fcr gro\u00dfe Gruppen k\u00f6nnen wir auch Minibus und Bus zur Verf\u00fcgung stellen.<\/span><\/p>\n<p><span style=\"font-weight: 400;\">Roland Garros ist derzeit das einzige Grand-Slam-Event auf Sand und ist der H\u00f6hepunkt der Spring-Sandplatz-Saison. Wegen der sieben Runden, die f\u00fcr eine Meisterschaft ben\u00f6tigt werden, die langsam spielende Oberfl\u00e4che und die Best-of-Five-Set-Herren-Einzelspiele gilt die Veranstaltung als das k\u00f6rperlich anstrengendste Tennisturnier der Welt.<\/span><\/p>\n<p><span style=\"font-weight: 400;\">Roland Garros ist der Name des Stadions wo das Tennisturnier veranstaltet wird. French Open ist der gemeinsame Name der Veranstaltung.<\/span><\/p>\n<p><span style=\"font-weight: 400;\">Das Stadion wurde nach dem Flieger-Helden Roland Georges Garros benannt. Er war anscheinend auch ein Tennisenthusiast.<\/span><\/p>\n<p><span style=\"font-weight: 400;\">Das Turnier hei\u00dft offiziell &#8220;Les Internationaux de France de Roland-Garros&#8221; (die &#8220;Franz\u00f6sischen Internationalen von Roland Garros&#8221;).<\/span><\/p>\n<p><span style=\"font-weight: 400;\">\u00a0Sie k\u00f6nnen jetzt einen Chauffeur f\u00fcr den n\u00e4chsten Roland Garros in Paris mieten.<\/span><\/p>\n<p><span style=\"font-weight: 400;\">MyDriverParis sind f\u00fcr Roland Garros sehr gefragt, daher lohnt es sich fr\u00fch zu buchen, um das Auto Ihrer Wahl zu sichern.<\/span><\/p>\n<\/div>\n<p>\n","protected":false},"excerpt":{"rendered":"","protected":false},"author":1,"featured_media":0,"parent":2781,"menu_order":0,"comment_status":"closed","ping_status":"closed","template":"excursion-template.php","meta":{"om_disable_all_campaigns":false,"footnotes":""},"class_list":["post-2801","page","type-page","status-publish","hentry"],"_links":{"self":[{"href":"https:\/\/www.mydriverparis.com\/de\/wp-json\/wp\/v2\/pages\/2801","targetHints":{"allow":["GET"]}}],"collection":[{"href":"https:\/\/www.mydriverparis.com\/de\/wp-json\/wp\/v2\/pages"}],"about":[{"href":"https:\/\/www.mydriverparis.com\/de\/wp-json\/wp\/v2\/types\/page"}],"author":[{"embeddable":true,"href":"https:\/\/www.mydriverparis.com\/de\/wp-json\/wp\/v2\/users\/1"}],"replies":[{"embeddable":true,"href":"https:\/\/www.mydriverparis.com\/de\/wp-json\/wp\/v2\/comments?post=2801"}],"version-history":[{"count":0,"href":"https:\/\/www.mydriverparis.com\/de\/wp-json\/wp\/v2\/pages\/2801\/revisions"}],"up":[{"embeddable":true,"href":"https:\/\/www.mydriverparis.com\/de\/wp-json\/wp\/v2\/pages\/2781"}],"wp:attachment":[{"href":"https:\/\/www.mydriverparis.com\/de\/wp-json\/wp\/v2\/media?parent=2801"}],"curies":[{"name":"wp","href":"https:\/\/api.w.org\/{rel}","templated":true}]}}