{"id":2814,"date":"2018-10-18T14:28:41","date_gmt":"2018-10-18T12:28:41","guid":{"rendered":"https:\/\/www.mydriverparis.com\/veranstaltungen\/deauville-filmfestival\/"},"modified":"2018-10-18T14:29:34","modified_gmt":"2018-10-18T12:29:34","slug":"deauville-filmfestival","status":"publish","type":"page","link":"https:\/\/www.mydriverparis.com\/de\/veranstaltungen\/deauville-filmfestival\/","title":{"rendered":"Deauville Filmfestival"},"content":{"rendered":"<\/p>\n<div class=\"u-serif-font-main--large\">\n<p><img loading=\"lazy\" decoding=\"async\" width=\"300\" height=\"61\" class=\"alignnone size-medium wp-image-1742\" src=\"https:\/\/www.mydriverparis.com\/wp-content\/uploads\/2018\/06\/deauville-festival-driver-300x61.png\" alt=\"deauville festival driver\" srcset=\"https:\/\/www.mydriverparis.com\/wp-content\/uploads\/2018\/06\/deauville-festival-driver-300x61.png 300w, https:\/\/www.mydriverparis.com\/wp-content\/uploads\/2018\/06\/deauville-festival-driver-100x20.png 100w, https:\/\/www.mydriverparis.com\/wp-content\/uploads\/2018\/06\/deauville-festival-driver.png 337w\" sizes=\"auto, (max-width: 300px) 100vw, 300px\" \/><\/p>\n<p><span style=\"font-weight: 400;\">MyDriverParis bietet Ihnen einfache und bequeme Reisen mit einem privaten Fahrer und einem Luxusauto f\u00fcr den Deauville American Film Festival. <\/span><\/p>\n<p><span style=\"font-weight: 400;\">Mit MyDriverParis haben Sie:<\/span><\/p>\n<ul>\n<li style=\"font-weight: 400;\"><span style=\"font-weight: 400;\">Privaten Transfer von Paris nach Deauville<\/span><\/li>\n<li style=\"font-weight: 400;\"><span style=\"font-weight: 400;\">Zuverl\u00e4ssiger Transport von T\u00fcr zu T\u00fcr<\/span><\/li>\n<li style=\"font-weight: 400;\"><span style=\"font-weight: 400;\">Festpreise<\/span><\/li>\n<li style=\"font-weight: 400;\"><span style=\"font-weight: 400;\">Zahlung per Karte, Bar oder Bank\u00fcberweisung<\/span><\/li>\n<li style=\"font-weight: 400;\"><span style=\"font-weight: 400;\">Englischsprechende Berufskraftfahrer <\/span><\/li>\n<\/ul>\n<p><span style=\"font-weight: 400;\">Unser Fahrer kann Sie am Flughafen, am Bahnhof oder an einem beliebigen Ort in Paris abholen und Sie direkt zum Festival in Deauville fahren.<\/span><\/p>\n<p><span style=\"font-weight: 400;\">MyDriverParis besitzt eine Vielzahl von Fahrzeugen zur Auswahl f\u00fcr Ihre Fahrt. Unser Angebot an Fahrzeugklassen reicht von einer Luxuslimousine bis hin zu Minivans. F\u00fcr gro\u00dfe Gruppen k\u00f6nnen wir auch Minibus und Bus zur Verf\u00fcgung stellen.<\/span><\/p>\n<p><b><\/b><span style=\"font-weight: 400;\">Das Deauville American Film Festival (Franz\u00f6sisch: Festival du Cin\u00e9ma Am\u00e9ricain de Deauville) ist ein j\u00e4hrliches Filmfestival, das sich dem amerikanischen Kino widmet und seit 1975 in Deauville &#8211; Frankreich, stattfindet. <\/span><\/p>\n<p><span style=\"font-weight: 400;\">Es wurde von Lionel Chouchan, Andr\u00e9 Halimi gegr\u00fcndet. Dank den B\u00fcrgermeister von Deauville Michel d&#8217;Ornano und mit Unterst\u00fctzung der Groupe Lucien Barri\u00e8re wird das Festival in einem luxuri\u00f6sen Rahmen eingerichtet. Obwohl nicht wettbewerbsf\u00e4hig in seiner Herkunft, begann das Festival, Preise in 1995 f\u00fcr Spielfilme und 1998 f\u00fcr Kurzfilme zu vergeben.<\/span><\/p>\n<p><span style=\"font-weight: 400;\">Sie k\u00f6nnen jetzt einen Chauffeur f\u00fcr das n\u00e4chste Deauville American Film Festival buchen. <\/span><\/p>\n<p><span style=\"font-weight: 400;\">MyDriverParis sind f\u00fcr das Deauville American Film Festival sehr gefragt, daher lohnt es sich fr\u00fchzeitig zu buchen, um das Auto Ihrer Wahl zu sichern.<\/span><\/p>\n<\/div>\n<p>\n","protected":false},"excerpt":{"rendered":"","protected":false},"author":1,"featured_media":0,"parent":2781,"menu_order":0,"comment_status":"closed","ping_status":"closed","template":"excursion-template.php","meta":{"om_disable_all_campaigns":false,"footnotes":""},"class_list":["post-2814","page","type-page","status-publish","hentry"],"_links":{"self":[{"href":"https:\/\/www.mydriverparis.com\/de\/wp-json\/wp\/v2\/pages\/2814","targetHints":{"allow":["GET"]}}],"collection":[{"href":"https:\/\/www.mydriverparis.com\/de\/wp-json\/wp\/v2\/pages"}],"about":[{"href":"https:\/\/www.mydriverparis.com\/de\/wp-json\/wp\/v2\/types\/page"}],"author":[{"embeddable":true,"href":"https:\/\/www.mydriverparis.com\/de\/wp-json\/wp\/v2\/users\/1"}],"replies":[{"embeddable":true,"href":"https:\/\/www.mydriverparis.com\/de\/wp-json\/wp\/v2\/comments?post=2814"}],"version-history":[{"count":0,"href":"https:\/\/www.mydriverparis.com\/de\/wp-json\/wp\/v2\/pages\/2814\/revisions"}],"up":[{"embeddable":true,"href":"https:\/\/www.mydriverparis.com\/de\/wp-json\/wp\/v2\/pages\/2781"}],"wp:attachment":[{"href":"https:\/\/www.mydriverparis.com\/de\/wp-json\/wp\/v2\/media?parent=2814"}],"curies":[{"name":"wp","href":"https:\/\/api.w.org\/{rel}","templated":true}]}}