{"id":2819,"date":"2018-10-18T14:34:54","date_gmt":"2018-10-18T12:34:54","guid":{"rendered":"https:\/\/www.mydriverparis.com\/veranstaltungen\/24-stunden-rennen-von-le-mans\/"},"modified":"2018-10-18T14:35:59","modified_gmt":"2018-10-18T12:35:59","slug":"24-stunden-rennen-von-le-mans","status":"publish","type":"page","link":"https:\/\/www.mydriverparis.com\/de\/veranstaltungen\/24-stunden-rennen-von-le-mans\/","title":{"rendered":"24-Stunden-Rennen von Le Mans"},"content":{"rendered":"<img loading=\"lazy\" decoding=\"async\" width=\"300\" height=\"242\" class=\"alignnone size-medium wp-image-1638\" src=\"https:\/\/www.mydriverparis.com\/wp-content\/uploads\/2018\/03\/transfer-driver-24_heures_du_mans-300x242.png\" alt=\"transfer 24 hours of le mans\" srcset=\"https:\/\/www.mydriverparis.com\/wp-content\/uploads\/2018\/03\/transfer-driver-24_heures_du_mans-300x242.png 300w, https:\/\/www.mydriverparis.com\/wp-content\/uploads\/2018\/03\/transfer-driver-24_heures_du_mans-100x81.png 100w, https:\/\/www.mydriverparis.com\/wp-content\/uploads\/2018\/03\/transfer-driver-24_heures_du_mans.png 468w\" sizes=\"auto, (max-width: 300px) 100vw, 300px\" \/><span style=\"font-weight: 400;\">MyDriverParis bietet Ihnen einfache und bequeme Reisen mit einem privaten Fahrer und einem Luxusauto zum 24h Le Mans. <\/span><\/p>\n<p><span style=\"font-weight: 400;\">Mit MyDriverParis haben Sie:<\/span><\/p>\n<ul>\n<li style=\"font-weight: 400;\"><span style=\"font-weight: 400;\">Privaten Transfer von Paris zum Le Mans<\/span><\/li>\n<li style=\"font-weight: 400;\"><span style=\"font-weight: 400;\">Zuverl\u00e4ssiger Transport von T\u00fcr zu T\u00fcr<\/span><\/li>\n<li style=\"font-weight: 400;\"><span style=\"font-weight: 400;\">Festpreise<\/span><\/li>\n<li style=\"font-weight: 400;\"><span style=\"font-weight: 400;\">Zahlung per Karte, Bar oder Bank\u00fcberweisung<\/span><\/li>\n<li style=\"font-weight: 400;\"><span style=\"font-weight: 400;\">Englischsprechende Berufskraftfahrer <\/span><\/li>\n<\/ul>\n<p><span style=\"font-weight: 400;\">Unser Fahrer kann Sie am Flughafen, am Bahnhof oder an einem beliebigen Ort in Paris abholen und Sie direkt zum 24H Le Mans fahren.<\/span><\/p>\n<p><span style=\"font-weight: 400;\">MyDriverParis besitzt eine Vielzahl von Fahrzeugen zur Auswahl f\u00fcr Ihre Fahrt. Unser Angebot an Fahrzeugklassen reicht von einer Luxuslimousine bis hin zu Minivans. F\u00fcr gro\u00dfe Gruppen k\u00f6nnen wir auch Minibus und Bus zur Verf\u00fcgung stellen.<\/span><\/p>\n<p><span style=\"font-weight: 400;\">Das\u00a024-Stunden-Rennen von Le Mans\u00a0ist ein\u00a0Langstreckenrennen\u00a0f\u00fcr\u00a0Sportwagen, das vom\u00a0Automobile Club de l\u2019Ouest\u00a0(ACO) in der N\u00e4he der\u00a0franz\u00f6sischen\u00a0Stadt\u00a0Le Mans\u00a0veranstaltet wird. Es ist das \u00e4lteste aktive Sportwagenrennen der Welt im Ausdauersport, der seit 1923 j\u00e4hrlich in der N\u00e4he von der Stadt von Le Mans &#8211; Frankreich stattfindet. Es ist eines der prestigetr\u00e4chtigsten Autorennen der Welt und wurde als &#8220;Grand Prix der Ausdauer und Effizienz&#8221; bezeichnet. Die Veranstaltung repr\u00e4sentiert die\u201c Triple Crown of Motorsport\u201c. Weitere \u00e4hnliche Veranstaltungen sind der Indianapolis 500 und der Grand Prix von Monaco.<\/span><\/p>\n<p><span style=\"font-weight: 400;\">Das Rennen wird vom Automobilklub de l&#8217;Ouest (ACO) organisiert und findet auf dem Circuit de la Sarthe statt. Es handelt sich um eine Mischung aus geschlossenen \u00f6ffentlichen Stra\u00dfen und speziellen Abschnitten der Rennstrecke, in denen die Rennteams die Anforderungen der Geschwindigkeit ausgleichen m\u00fcssen mit der F\u00e4higkeit des Autos f\u00fcr 24 Stunden zu laufen. Die Brutalit\u00e4t dieses Rennens l\u00e4sst sich leicht verstehen, wenn man die Liste der Teams, die von der Startlinie starten, mit der Liste der Autos vergleicht, die \u00fcber die gesamte Dauer bestehen.<\/span><\/p>\n<p><span style=\"font-weight: 400;\">Sie k\u00f6nnen jetzt einen Chauffeur f\u00fcr die n\u00e4chsten 24 Stunden von Le Mans mieten.<\/span><\/p>\n<p><span style=\"font-weight: 400;\">MyDriverParis sind f\u00fcr die 24 Stunden von Le Mans sehr gefragt, so dass es sich lohnt fr\u00fch zu buchen, um das Auto Ihrer Wahl zu sichern.<\/span>\n","protected":false},"excerpt":{"rendered":"","protected":false},"author":1,"featured_media":0,"parent":2781,"menu_order":0,"comment_status":"closed","ping_status":"closed","template":"excursion-template.php","meta":{"om_disable_all_campaigns":false,"footnotes":""},"class_list":["post-2819","page","type-page","status-publish","hentry"],"_links":{"self":[{"href":"https:\/\/www.mydriverparis.com\/de\/wp-json\/wp\/v2\/pages\/2819","targetHints":{"allow":["GET"]}}],"collection":[{"href":"https:\/\/www.mydriverparis.com\/de\/wp-json\/wp\/v2\/pages"}],"about":[{"href":"https:\/\/www.mydriverparis.com\/de\/wp-json\/wp\/v2\/types\/page"}],"author":[{"embeddable":true,"href":"https:\/\/www.mydriverparis.com\/de\/wp-json\/wp\/v2\/users\/1"}],"replies":[{"embeddable":true,"href":"https:\/\/www.mydriverparis.com\/de\/wp-json\/wp\/v2\/comments?post=2819"}],"version-history":[{"count":0,"href":"https:\/\/www.mydriverparis.com\/de\/wp-json\/wp\/v2\/pages\/2819\/revisions"}],"up":[{"embeddable":true,"href":"https:\/\/www.mydriverparis.com\/de\/wp-json\/wp\/v2\/pages\/2781"}],"wp:attachment":[{"href":"https:\/\/www.mydriverparis.com\/de\/wp-json\/wp\/v2\/media?parent=2819"}],"curies":[{"name":"wp","href":"https:\/\/api.w.org\/{rel}","templated":true}]}}