{"id":2821,"date":"2018-10-18T14:46:46","date_gmt":"2018-10-18T12:46:46","guid":{"rendered":"https:\/\/www.mydriverparis.com\/veranstaltungen\/stade-de-france\/"},"modified":"2018-10-18T14:51:32","modified_gmt":"2018-10-18T12:51:32","slug":"stade-de-france","status":"publish","type":"page","link":"https:\/\/www.mydriverparis.com\/de\/veranstaltungen\/stade-de-france\/","title":{"rendered":"Stade de France"},"content":{"rendered":"<img loading=\"lazy\" decoding=\"async\" width=\"300\" height=\"300\" class=\"alignnone size-medium wp-image-1646\" src=\"https:\/\/www.mydriverparis.com\/wp-content\/uploads\/2018\/03\/transfer-driver-stade-de-france-300x300.jpg\" alt=\"\" srcset=\"https:\/\/www.mydriverparis.com\/wp-content\/uploads\/2018\/03\/transfer-driver-stade-de-france-300x300.jpg 300w, https:\/\/www.mydriverparis.com\/wp-content\/uploads\/2018\/03\/transfer-driver-stade-de-france-150x150.jpg 150w, https:\/\/www.mydriverparis.com\/wp-content\/uploads\/2018\/03\/transfer-driver-stade-de-france-100x100.jpg 100w, https:\/\/www.mydriverparis.com\/wp-content\/uploads\/2018\/03\/transfer-driver-stade-de-france.jpg 350w, https:\/\/www.mydriverparis.com\/wp-content\/uploads\/2018\/03\/transfer-driver-stade-de-france-70x70.jpg 70w, https:\/\/www.mydriverparis.com\/wp-content\/uploads\/2018\/03\/transfer-driver-stade-de-france-80x80.jpg 80w\" sizes=\"auto, (max-width: 300px) 100vw, 300px\" \/><\/p>\n<div>\n<div class=\"u-serif-font-main--large\">\n<div><\/div>\n<div class=\"ui_qtext_expanded\">\n<p><span style=\"font-weight: 400;\">MyDriverParis bietet Ihnen einfache und bequeme Reisen mit einem privaten Fahrer und einem Luxusauto zum Stade de France. <\/span><\/p>\n<p><span style=\"font-weight: 400;\">Mit MyDriverParis haben Sie:<\/span><\/p>\n<ul>\n<li style=\"font-weight: 400;\"><span style=\"font-weight: 400;\">Privaten Transfer von Paris zum Stade de France<\/span><\/li>\n<li style=\"font-weight: 400;\"><span style=\"font-weight: 400;\">Zuverl\u00e4ssiger Transport von T\u00fcr zu T\u00fcr<\/span><\/li>\n<li style=\"font-weight: 400;\"><span style=\"font-weight: 400;\">Festpreise<\/span><\/li>\n<li style=\"font-weight: 400;\"><span style=\"font-weight: 400;\">Zahlung per Karte, Bar oder Bank\u00fcberweisung<\/span><\/li>\n<li style=\"font-weight: 400;\"><span style=\"font-weight: 400;\">Englischsprechende Berufskraftfahrer <\/span><\/li>\n<\/ul>\n<p><span style=\"font-weight: 400;\">Unser Fahrer kann Sie am Flughafen, am Bahnhof oder an einem beliebigen Ort in Paris abholen und Sie direkt zum Stadion fahren.<\/span><\/p>\n<p><span style=\"font-weight: 400;\">MyDriverParis besitzt eine Vielzahl von Fahrzeugen zur Auswahl f\u00fcr Ihre Fahrt. Unser Angebot an Fahrzeugklassen reicht von einer Luxuslimousine bis hin zu Minivans. F\u00fcr gro\u00dfe Gruppen k\u00f6nnen wir auch Minibus und Bus zur Verf\u00fcgung stellen.<\/span><\/p>\n<p><span style=\"font-weight: 400;\">Das Stade de France ist das Nationalstadion Frankreichs, das sich n\u00f6rdlich von Paris in der Gemeinde Saint-Denis befindet. Mit 81.338 Sitzpl\u00e4tzen ist es das sechstgr\u00f6\u00dfte Stadion Europas. Das Stadion wird von der franz\u00f6sischen Fu\u00dfballnationalmannschaft und der franz\u00f6sischen Rugby-Union f\u00fcr den internationalen Wettbewerb genutzt. Das Stadion ist auch das zehntgr\u00f6\u00dfte Stadion der Welt und das gr\u00f6\u00dfte in Europa f\u00fcr Leichtathletik-Veranstaltungen mit 78.338 Sitzen in dieser Konfiguration. Trotzdem ist die Laufbahn des Stadions gr\u00f6\u00dftenteils unter dem Fu\u00dfballfeld verborgen, da seit 2017 regelm\u00e4\u00dfig keine gro\u00dfen Bahnveranstaltungen mehr stattfinden. Die Leichtathletik-Europameisterschaft wird dort im August 2020 stattfinden. Es wird auch die Er\u00f6ffnungs- und Schlussfeier und die Leichtathletik-Veranstaltungen bei den Olympischen Sommerspielen 2024 empfangen.<\/span><\/p>\n<p><span style=\"font-weight: 400;\">MyDriverParis sind f\u00fcr die Veranstaltungen in Stade de France sehr gefragt, daher lohnt es sich fr\u00fchzeitig zu buchen, um das Auto Ihrer Wahl zu sichern<\/span><\/p>\n<\/div>\n<\/div>\n<\/div>\n<p>\n","protected":false},"excerpt":{"rendered":"","protected":false},"author":1,"featured_media":0,"parent":2781,"menu_order":0,"comment_status":"closed","ping_status":"closed","template":"excursion-template.php","meta":{"om_disable_all_campaigns":false,"footnotes":""},"class_list":["post-2821","page","type-page","status-publish","hentry"],"_links":{"self":[{"href":"https:\/\/www.mydriverparis.com\/de\/wp-json\/wp\/v2\/pages\/2821","targetHints":{"allow":["GET"]}}],"collection":[{"href":"https:\/\/www.mydriverparis.com\/de\/wp-json\/wp\/v2\/pages"}],"about":[{"href":"https:\/\/www.mydriverparis.com\/de\/wp-json\/wp\/v2\/types\/page"}],"author":[{"embeddable":true,"href":"https:\/\/www.mydriverparis.com\/de\/wp-json\/wp\/v2\/users\/1"}],"replies":[{"embeddable":true,"href":"https:\/\/www.mydriverparis.com\/de\/wp-json\/wp\/v2\/comments?post=2821"}],"version-history":[{"count":0,"href":"https:\/\/www.mydriverparis.com\/de\/wp-json\/wp\/v2\/pages\/2821\/revisions"}],"up":[{"embeddable":true,"href":"https:\/\/www.mydriverparis.com\/de\/wp-json\/wp\/v2\/pages\/2781"}],"wp:attachment":[{"href":"https:\/\/www.mydriverparis.com\/de\/wp-json\/wp\/v2\/media?parent=2821"}],"curies":[{"name":"wp","href":"https:\/\/api.w.org\/{rel}","templated":true}]}}