{"id":3629,"date":"2019-02-22T18:19:52","date_gmt":"2019-02-22T17:19:52","guid":{"rendered":"https:\/\/www.mydriverparis.com\/chauffeurservice-bordeaux\/"},"modified":"2019-02-22T18:38:16","modified_gmt":"2019-02-22T17:38:16","slug":"chauffeurservice-bordeaux","status":"publish","type":"page","link":"https:\/\/www.mydriverparis.com\/de\/chauffeurservice-bordeaux\/","title":{"rendered":"Chauffeurservice Bordeaux"},"content":{"rendered":"<p><br \/>\nBordeaux ist eines der gr\u00f6\u00dften st\u00e4dtischen Weltkulturerbe der Welt mit mehreren von der Unesco gelisteten Sch\u00e4tzen. Die Stadt bietet eine Weltklasse-Architektur mit der eleganten Symmetrie des Place de la Bourse, viele Pal\u00e4ste, die mit Mascarons (Gesichtern) aus Stein ges\u00e4umt sind, und die baumbeschatteten Boulevards mit Hotels, die f\u00fcr Weinh\u00e4ndler des 18. Jahrhunderts gebaut wurden.<\/p>\n<p>Umgeben von gr\u00fcnen und sonnenverw\u00f6hnten Weinbergen ist Bordeaux die ber\u00fchmteste Weinhauptstadt der Welt. Der Weinbau ist eine alte Kunst und Tradition, die ihre eigenen einzigartigen Markenzeichen tr\u00e4gt, und keine andere Weinbauregion produziert so viel guten Wein.<\/p>\n<p>Bordeaux genie\u00dft ein \u00fcberw\u00e4ltigendes Gef\u00fchl von lokalem Stolz und Savoir-faire. Gepaart mit der au\u00dfergew\u00f6hnlichen Restaurantszene der Stadt &#8211; eine freche Mischung aus traditionellen franz\u00f6sischen K\u00fcchen, experimentellen Neobistros und kreativen Fusionsrestaurants.<\/p>\n<p>Um die Sch\u00e4tze von Bordeaux auf die bequemste Weise zu entdecken und zu navigieren, bietet Ihnen unser Limousinenservice einen ma\u00dfgeschneiderten Transfer-Service. Auf dem Weg zu einem wichtigen Gesch\u00e4ftstreffen oder einer Bordeaux-Weintour? Planung einer Stadtrundfahrt durch die Stadt und Umgebung? Ben\u00f6tigen Sie einen privaten Chauffeur f\u00fcr ein paar Stunden? M\u00f6chten Sie einen Bus f\u00fcr eine Gruppe von Touristen oder Kollegen finden?<br \/>\n<\/p>\n<h2 style=\"text-align: center;\">Chauffeurservice in Bordeaux<\/h2>\n<p><img loading=\"lazy\" decoding=\"async\" width=\"300\" height=\"147\" class=\"alignnone size-medium wp-image-1924 aligncenter\" src=\"https:\/\/www.mydriverparis.com\/wp-content\/uploads\/2018\/07\/bordeaux-private-driver-300x147.png\" alt=\"bordeaux private driver\" srcset=\"https:\/\/www.mydriverparis.com\/wp-content\/uploads\/2018\/07\/bordeaux-private-driver-300x147.png 300w, https:\/\/www.mydriverparis.com\/wp-content\/uploads\/2018\/07\/bordeaux-private-driver-100x49.png 100w, https:\/\/www.mydriverparis.com\/wp-content\/uploads\/2018\/07\/bordeaux-private-driver.png 672w\" sizes=\"auto, (max-width: 300px) 100vw, 300px\" \/><\/p>\n<h2 style=\"text-align: center;\">Ihr privater Fahrer in Bordeaux<\/h2>\n<h2><img loading=\"lazy\" decoding=\"async\" width=\"300\" height=\"132\" class=\"alignnone size-medium wp-image-1894 aligncenter\" src=\"https:\/\/www.mydriverparis.com\/wp-content\/uploads\/2018\/07\/private-chauffeur-finest-300x132.jpeg\" alt=\"private chauffeur finest\" srcset=\"https:\/\/www.mydriverparis.com\/wp-content\/uploads\/2018\/07\/private-chauffeur-finest-300x132.jpeg 300w, https:\/\/www.mydriverparis.com\/wp-content\/uploads\/2018\/07\/private-chauffeur-finest-100x44.jpeg 100w, https:\/\/www.mydriverparis.com\/wp-content\/uploads\/2018\/07\/private-chauffeur-finest.jpeg 600w\" sizes=\"auto, (max-width: 300px) 100vw, 300px\" \/><\/h2>\n<p>MyDriverParis garantiert flexible, schnelle und professionelle Dienstleistungen, die auf die unterschiedlichsten Anforderungen und Umst\u00e4nde zugeschnitten sind.<\/p>\n<p>Sie k\u00f6nnen buchen und entspannen, MyDriverParis k\u00fcmmert sich um Ihre Reise mit P\u00fcnktlichkeit und hoher Professionalit\u00e4t.<\/p>\n<p>MyDriverParis bietet Transferservice vom Flughafen Bordeaux (Bordeaux-M\u00e9rignac), von Bahnh\u00f6fen und Transfers Ihrer Wahl in Aquitaine oder Gironde (Saint-Jean Station, Caud\u00e9ran-M\u00e9rignac Sation&#8230;.) Weintouren Bordeaux Saint Emilion Margaux und auch Transfer von Bordeaux nach Paris. Genie\u00dfen Sie einen Moment des Komforts in einem Fahrzeug der neuesten Generation Ihrer Wahl und entspannen Sie sich, w\u00e4hrend Sie sich von einem unserer professionellen Chauffeure zu Ihrem Ziel fahren lassen.<\/p>\n","protected":false},"excerpt":{"rendered":"","protected":false},"author":1,"featured_media":0,"parent":0,"menu_order":0,"comment_status":"closed","ping_status":"closed","template":"","meta":{"om_disable_all_campaigns":false,"footnotes":""},"class_list":["post-3629","page","type-page","status-publish","hentry"],"_links":{"self":[{"href":"https:\/\/www.mydriverparis.com\/de\/wp-json\/wp\/v2\/pages\/3629","targetHints":{"allow":["GET"]}}],"collection":[{"href":"https:\/\/www.mydriverparis.com\/de\/wp-json\/wp\/v2\/pages"}],"about":[{"href":"https:\/\/www.mydriverparis.com\/de\/wp-json\/wp\/v2\/types\/page"}],"author":[{"embeddable":true,"href":"https:\/\/www.mydriverparis.com\/de\/wp-json\/wp\/v2\/users\/1"}],"replies":[{"embeddable":true,"href":"https:\/\/www.mydriverparis.com\/de\/wp-json\/wp\/v2\/comments?post=3629"}],"version-history":[{"count":0,"href":"https:\/\/www.mydriverparis.com\/de\/wp-json\/wp\/v2\/pages\/3629\/revisions"}],"wp:attachment":[{"href":"https:\/\/www.mydriverparis.com\/de\/wp-json\/wp\/v2\/media?parent=3629"}],"curies":[{"name":"wp","href":"https:\/\/api.w.org\/{rel}","templated":true}]}}