{"id":3634,"date":"2019-02-22T18:23:06","date_gmt":"2019-02-22T17:23:06","guid":{"rendered":"https:\/\/www.mydriverparis.com\/chauffeurservice-cannes\/"},"modified":"2019-02-22T18:38:57","modified_gmt":"2019-02-22T17:38:57","slug":"chauffeurservice-cannes","status":"publish","type":"page","link":"https:\/\/www.mydriverparis.com\/de\/chauffeurservice-cannes\/","title":{"rendered":"Chauffeurservice Cannes"},"content":{"rendered":"<p>Die Stadt Cannes ist weltweit bekannt f\u00fcr ihre prestigetr\u00e4chtigen Internationalen Filmfestspiele, die jedes Jahr im Mai im Festival- und Kongresszentrum stattfinden.<\/p>\n<p>Luxuri\u00f6se Hotels, insbesondere im Stil der &#8220;Belle Epoque&#8221;, und Luxusl\u00e4den grenzen an die Croisette, diesen ber\u00fchmten Boulevard, der entlang des Meeres und seiner Sandstr\u00e4nde verl\u00e4uft. Der Stadtteil Suquet, die Altstadt von Cannes, hat seine malerische Atmosph\u00e4re bewahrt und beherbergt zahlreiche Restaurants.<\/p>\n<p>Cannes liegt im Herzen der franz\u00f6sischen Riviera im Osten, nur 27 km vom Flughafen Nizza C\u00f4te d&#8217;Azur und im Westen, 4,5 km vom Flughafen Cannes-Mandelieu, der f\u00fcr die allgemeine Luftfahrt und den Gesch\u00e4ftstourismus zust\u00e4ndig ist. Im S\u00fcden von Sandstr\u00e4nden umgeben, umgeben von Cannes n\u00f6rdlich von Gemeinden und D\u00f6rfern wie Le Cannet, La Roquette-sur-Siagne, Mougins und Vallauris.<\/p>\n<h2 style=\"text-align: center;\">Chauffeurservice in<strong> Cannes<\/strong><\/h2>\n<p><img loading=\"lazy\" decoding=\"async\" width=\"300\" height=\"147\" class=\"alignnone size-medium wp-image-1967 aligncenter\" src=\"https:\/\/www.mydriverparis.com\/wp-content\/uploads\/2018\/07\/cannes-private-driver-300x147.jpg\" alt=\"cannes private driver\" srcset=\"https:\/\/www.mydriverparis.com\/wp-content\/uploads\/2018\/07\/cannes-private-driver-300x147.jpg 300w, https:\/\/www.mydriverparis.com\/wp-content\/uploads\/2018\/07\/cannes-private-driver-100x49.jpg 100w, https:\/\/www.mydriverparis.com\/wp-content\/uploads\/2018\/07\/cannes-private-driver.jpg 700w\" sizes=\"auto, (max-width: 300px) 100vw, 300px\" \/><\/p>\n<h2 style=\"text-align: center;\">Ihr privater Fahrer in\u00a0<strong>Cannes<\/strong><\/h2>\n<p><img loading=\"lazy\" decoding=\"async\" width=\"300\" height=\"132\" class=\"alignnone size-medium wp-image-1894 aligncenter\" src=\"https:\/\/www.mydriverparis.com\/wp-content\/uploads\/2018\/07\/private-chauffeur-finest-300x132.jpeg\" alt=\"private chauffeur finest\" srcset=\"https:\/\/www.mydriverparis.com\/wp-content\/uploads\/2018\/07\/private-chauffeur-finest-300x132.jpeg 300w, https:\/\/www.mydriverparis.com\/wp-content\/uploads\/2018\/07\/private-chauffeur-finest-100x44.jpeg 100w, https:\/\/www.mydriverparis.com\/wp-content\/uploads\/2018\/07\/private-chauffeur-finest.jpeg 600w\" sizes=\"auto, (max-width: 300px) 100vw, 300px\" \/>Um die Sch\u00e4tze von Cannes auf die bequemste Weise zu entdecken und zu navigieren, bietet Ihnen unser Limousinenservice einen ma\u00dfgeschneiderten Transfer-Service. Auf dem Weg zu einem wichtigen Business Meeting? Planung einer Stadtrundfahrt durch die Stadt und Umgebung? Ben\u00f6tigen Sie einen privaten Chauffeur f\u00fcr ein paar Stunden? M\u00f6chten Sie einen Bus f\u00fcr eine Gruppe von Touristen oder Kollegen finden?<\/p>\n<p>MyDriverParis garantiert flexible, schnelle und professionelle Dienstleistungen, die auf die unterschiedlichsten Anforderungen und Umst\u00e4nde zugeschnitten sind.<\/p>\n<p>Sie k\u00f6nnen buchen und entspannen, MyDriverParis k\u00fcmmert sich um Ihre Reise mit P\u00fcnktlichkeit und hoher Professionalit\u00e4t.<\/p>\n<p>MyDriverParis bietet Transferservice von den Flugh\u00e4fen von Cannes (Cannes &#8211; Mandelieu Airport, Transfer vom Flughafen Nice), Bahnh\u00f6fen und Transfers Ihrer Wahl in der C\u00f4te d&#8217;Azur (Cannes Central Station, La Bocca Station, Nice, Antibes&#8230;.). Genie\u00dfen Sie einen Moment des Komforts in einem Fahrzeug der neuesten Generation Ihrer Wahl und entspannen Sie sich, w\u00e4hrend Sie sich von einem unserer professionellen Chauffeure zu Ihrem Ziel fahren lassen.<\/p>\n","protected":false},"excerpt":{"rendered":"","protected":false},"author":1,"featured_media":0,"parent":0,"menu_order":0,"comment_status":"closed","ping_status":"closed","template":"","meta":{"om_disable_all_campaigns":false,"footnotes":""},"class_list":["post-3634","page","type-page","status-publish","hentry"],"_links":{"self":[{"href":"https:\/\/www.mydriverparis.com\/de\/wp-json\/wp\/v2\/pages\/3634","targetHints":{"allow":["GET"]}}],"collection":[{"href":"https:\/\/www.mydriverparis.com\/de\/wp-json\/wp\/v2\/pages"}],"about":[{"href":"https:\/\/www.mydriverparis.com\/de\/wp-json\/wp\/v2\/types\/page"}],"author":[{"embeddable":true,"href":"https:\/\/www.mydriverparis.com\/de\/wp-json\/wp\/v2\/users\/1"}],"replies":[{"embeddable":true,"href":"https:\/\/www.mydriverparis.com\/de\/wp-json\/wp\/v2\/comments?post=3634"}],"version-history":[{"count":0,"href":"https:\/\/www.mydriverparis.com\/de\/wp-json\/wp\/v2\/pages\/3634\/revisions"}],"wp:attachment":[{"href":"https:\/\/www.mydriverparis.com\/de\/wp-json\/wp\/v2\/media?parent=3634"}],"curies":[{"name":"wp","href":"https:\/\/api.w.org\/{rel}","templated":true}]}}