{"id":3640,"date":"2019-02-22T18:25:33","date_gmt":"2019-02-22T17:25:33","guid":{"rendered":"https:\/\/www.mydriverparis.com\/chauffeurservice-courchevel\/"},"modified":"2019-02-22T18:39:33","modified_gmt":"2019-02-22T17:39:33","slug":"chauffeurservice-courchevel","status":"publish","type":"page","link":"https:\/\/www.mydriverparis.com\/de\/chauffeurservice-courchevel\/","title":{"rendered":"Chauffeurservice Courchevel"},"content":{"rendered":"<p>Courchevel ist ein Skiort in den franz\u00f6sischen Alpen. Es ist ein St\u00fcck von Les Trois Vall\u00e9es, den gr\u00f6\u00dften zusammenh\u00e4ngenden Skigebieten der Welt. Courchevel bezieht sich ebenfalls auf die St\u00e4dte Courchevel 1300 (Le Praz), Courchevel 1550, Courchevel 1650 (Moriond) und Courchevel 1850, die nach ihrer H\u00f6he in Metern benannt sind. Der R\u00fcckzugsschwerpunkt von Courchevel liegt auf 1.747 Metern (5.732 ft), der teilweise irref\u00fchrende Name Courchevel 1850 wurde aus Werbegr\u00fcnden gew\u00e4hlt, um mit dem meist verachteten Gegner Val d&#8217;Is\u00e8re zu k\u00e4mpfen.<\/p>\n<p>Es ist die Jardin Alpin Zone von Courchevel 1850, die sich wirklich auf 1.850 Metern (6.070 ft) befindet. Courchevel war fr\u00fcher ein Teil der Kooperative von Saint-Bon-Tarentaise, doch 2017 wurde es mit La Perri\u00e8re in das neue Kollektiv von Courchevel \u00fcberf\u00fchrt. Unabh\u00e4ngig vom Namen befinden sich die Regulierungsarbeitspl\u00e4tze des Kollektivs nicht in Courchevel, sondern in der Nachbarstadt der Heiligen Bon-Tarentaise. Courchevel liegt im Tarentaise Valley, Departement Savoie, Bezirk Auvergne-Rh\u00f4ne-Alpes.<\/p>\n<h2 style=\"text-align: center;\">Chauffeurservice in Courchevel<\/h2>\n<p><img loading=\"lazy\" decoding=\"async\" width=\"300\" height=\"146\" class=\"alignnone size-medium wp-image-3580 aligncenter\" src=\"https:\/\/www.mydriverparis.com\/wp-content\/uploads\/2019\/02\/courchevel-chauffeur-service-300x146.jpg\" alt=\"courchevel-chauffeur-service\" srcset=\"https:\/\/www.mydriverparis.com\/wp-content\/uploads\/2019\/02\/courchevel-chauffeur-service-300x146.jpg 300w, https:\/\/www.mydriverparis.com\/wp-content\/uploads\/2019\/02\/courchevel-chauffeur-service-768x375.jpg 768w, https:\/\/www.mydriverparis.com\/wp-content\/uploads\/2019\/02\/courchevel-chauffeur-service.jpg 1024w, https:\/\/www.mydriverparis.com\/wp-content\/uploads\/2019\/02\/courchevel-chauffeur-service-100x49.jpg 100w\" sizes=\"auto, (max-width: 300px) 100vw, 300px\" \/><\/p>\n<h2 style=\"text-align: center;\">Ihr privater Fahrer in Courchevel<\/h2>\n<p><img loading=\"lazy\" decoding=\"async\" width=\"300\" height=\"169\" class=\"alignnone size-medium wp-image-3584 aligncenter\" src=\"https:\/\/www.mydriverparis.com\/wp-content\/uploads\/2019\/02\/transfer-paris-courchevel-v-class-300x169.jpg\" alt=\"transfer paris courchevel v class\" srcset=\"https:\/\/www.mydriverparis.com\/wp-content\/uploads\/2019\/02\/transfer-paris-courchevel-v-class-300x169.jpg 300w, https:\/\/www.mydriverparis.com\/wp-content\/uploads\/2019\/02\/transfer-paris-courchevel-v-class-768x431.jpg 768w, https:\/\/www.mydriverparis.com\/wp-content\/uploads\/2019\/02\/transfer-paris-courchevel-v-class-1024x575.jpg 1024w, https:\/\/www.mydriverparis.com\/wp-content\/uploads\/2019\/02\/transfer-paris-courchevel-v-class-100x56.jpg 100w, https:\/\/www.mydriverparis.com\/wp-content\/uploads\/2019\/02\/transfer-paris-courchevel-v-class.jpg 1200w\" sizes=\"auto, (max-width: 300px) 100vw, 300px\" \/>MyDriverParis garantiert flexible, schnelle und professionelle Dienstleistungen, die auf die unterschiedlichsten Anforderungen und Umst\u00e4nde zugeschnitten sind.<\/p>\n<p>Sie k\u00f6nnen buchen und entspannen, MyDriverParis k\u00fcmmert sich um Ihre Reise mit P\u00fcnktlichkeit und hoher Professionalit\u00e4t.<\/p>\n<p>MyDriverParis bietet Transferservice vom Flughafen Lyon und vom Flughafen Bron nach Courchevel, Bahnh\u00f6fe oder Transfer von Paris nach Courchevel und Transfers Ihrer Wahl. Genie\u00dfen Sie einen Moment des Komforts in einem Fahrzeug der neuesten Generation Ihrer Wahl und entspannen Sie sich, w\u00e4hrend Sie sich von einem unserer professionellen Chauffeure zu Ihrem Ziel fahren lassen.<\/p>\n","protected":false},"excerpt":{"rendered":"","protected":false},"author":1,"featured_media":0,"parent":0,"menu_order":0,"comment_status":"closed","ping_status":"closed","template":"excursion-template.php","meta":{"om_disable_all_campaigns":false,"footnotes":""},"class_list":["post-3640","page","type-page","status-publish","hentry"],"_links":{"self":[{"href":"https:\/\/www.mydriverparis.com\/de\/wp-json\/wp\/v2\/pages\/3640","targetHints":{"allow":["GET"]}}],"collection":[{"href":"https:\/\/www.mydriverparis.com\/de\/wp-json\/wp\/v2\/pages"}],"about":[{"href":"https:\/\/www.mydriverparis.com\/de\/wp-json\/wp\/v2\/types\/page"}],"author":[{"embeddable":true,"href":"https:\/\/www.mydriverparis.com\/de\/wp-json\/wp\/v2\/users\/1"}],"replies":[{"embeddable":true,"href":"https:\/\/www.mydriverparis.com\/de\/wp-json\/wp\/v2\/comments?post=3640"}],"version-history":[{"count":0,"href":"https:\/\/www.mydriverparis.com\/de\/wp-json\/wp\/v2\/pages\/3640\/revisions"}],"wp:attachment":[{"href":"https:\/\/www.mydriverparis.com\/de\/wp-json\/wp\/v2\/media?parent=3640"}],"curies":[{"name":"wp","href":"https:\/\/api.w.org\/{rel}","templated":true}]}}