{"id":3645,"date":"2019-02-22T18:28:38","date_gmt":"2019-02-22T17:28:38","guid":{"rendered":"https:\/\/www.mydriverparis.com\/chauffeurservice-lyon\/"},"modified":"2019-02-22T18:42:27","modified_gmt":"2019-02-22T17:42:27","slug":"chauffeurservice-lyon","status":"publish","type":"page","link":"https:\/\/www.mydriverparis.com\/de\/chauffeurservice-lyon\/","title":{"rendered":"Chauffeurservice Lyon"},"content":{"rendered":"<p><br \/>\nLyon liegt am Zusammenfluss der Fl\u00fcsse Rh\u00f4ne und Sa\u00f4ne und liegt unter den beeindruckenden H\u00fcgeln Fourvi\u00e8re und Croix Rousse.<\/p>\n<p>Sie k\u00f6nnen ein bemerkenswertes architektonisches Erbe finden. In den verschiedenen Stadtteilen zeigt Lyon ein breites Spektrum an Architektur, von den r\u00f6mischen \u00dcberresten im Stadtteil Fourvi\u00e8re bis hin zu den &#8220;Traboule&#8221;-Passagen des Renaissance-Viertels Vieux-Lyon.<\/p>\n<p>Lyon ist weltweit bekannt f\u00fcr die Kunst des sch\u00f6nen Lebens. Mit vielen Michelin-Sterne-Restaurants, ber\u00fchmten K\u00f6chen, typischen &#8220;Bouchon&#8221;-Restaurants, Caf\u00e9-Bistros und avantgardistischen Esserlebnissen.<\/p>\n<p>Die Stadt vibriert mit vielen Ereignissen. Zu den bekanntesten geh\u00f6ren das Festival of Lights, die Biennale f\u00fcr zeitgen\u00f6ssische Kunst, die Tanz-Biennale, die Nuits Sonores (Festival f\u00fcr elektronische Musik), das Nuits de Fourvi\u00e8re Festival f\u00fcr darstellende Kunst, das Quais du Polar Krimi-Festival und das Greater Lyon Film Festival.<br \/>\n<\/p>\n<h2 style=\"text-align: center;\">Chauffeurservice in Lyon<\/h2>\n<p><img loading=\"lazy\" decoding=\"async\" width=\"300\" height=\"125\" class=\"alignnone size-medium wp-image-1907 aligncenter\" src=\"https:\/\/www.mydriverparis.com\/wp-content\/uploads\/2018\/07\/lyon_private_driver-300x125.jpg\" alt=\"lyon private driver\" srcset=\"https:\/\/www.mydriverparis.com\/wp-content\/uploads\/2018\/07\/lyon_private_driver-300x125.jpg 300w, https:\/\/www.mydriverparis.com\/wp-content\/uploads\/2018\/07\/lyon_private_driver-100x42.jpg 100w, https:\/\/www.mydriverparis.com\/wp-content\/uploads\/2018\/07\/lyon_private_driver.jpg 600w\" sizes=\"auto, (max-width: 300px) 100vw, 300px\" \/><\/p>\n<h2 style=\"text-align: center;\">Ihr privater Fahrer in Lyon<\/h2>\n<p><img loading=\"lazy\" decoding=\"async\" width=\"300\" height=\"132\" class=\"alignnone size-medium wp-image-1894 aligncenter\" src=\"https:\/\/www.mydriverparis.com\/wp-content\/uploads\/2018\/07\/private-chauffeur-finest-300x132.jpeg\" alt=\"private chauffeur finest\" srcset=\"https:\/\/www.mydriverparis.com\/wp-content\/uploads\/2018\/07\/private-chauffeur-finest-300x132.jpeg 300w, https:\/\/www.mydriverparis.com\/wp-content\/uploads\/2018\/07\/private-chauffeur-finest-100x44.jpeg 100w, https:\/\/www.mydriverparis.com\/wp-content\/uploads\/2018\/07\/private-chauffeur-finest.jpeg 600w\" sizes=\"auto, (max-width: 300px) 100vw, 300px\" \/>Um die sch\u00f6ne Stadt Lyon auf die bequemste Weise zu erkunden und zu navigieren, bietet Ihnen unser Limousinenservice einen ma\u00dfgeschneiderten Transfer-Service. Auf dem Weg zu einem wichtigen Business Meeting? Planung einer Stadtrundfahrt durch die Stadt und Umgebung? Ben\u00f6tigen Sie einen privaten Chauffeur f\u00fcr ein paar Stunden? M\u00f6chten Sie einen Bus f\u00fcr eine Gruppe von Touristen oder Kollegen finden?<\/p>\n<p>MyDriverParis garantiert flexible, schnelle und professionelle Dienstleistungen, die auf die unterschiedlichsten Anforderungen und Umst\u00e4nde zugeschnitten sind.<\/p>\n<p>Sie k\u00f6nnen buchen und entspannen, Mydriverparis k\u00fcmmert sich um Ihre Reise mit P\u00fcnktlichkeit und hoher Professionalit\u00e4t.<\/p>\n<p>MyDriverParis bietet Transferservice von den Flugh\u00e4fen von Lyon (Lyon-Saint-Exup\u00e9ry oder Lyon-Bron), den Bahnh\u00f6fen Ihrer Wahl in Rh\u00f4ne-Alpes (Lyon Part-Dieu Station, Lyon Saint Exup\u00e9ry Station, Valence Train Station&#8230;.), Transfer von Paris nach Lyon und zur\u00fcck. Genie\u00dfen Sie einen Moment des Komforts in einem Fahrzeug der neuesten Generation Ihrer Wahl und entspannen Sie sich, w\u00e4hrend Sie sich von einem unserer professionellen Chauffeure zu Ihrem Ziel fahren lassen.<\/p>\n","protected":false},"excerpt":{"rendered":"","protected":false},"author":1,"featured_media":0,"parent":0,"menu_order":0,"comment_status":"closed","ping_status":"closed","template":"","meta":{"om_disable_all_campaigns":false,"footnotes":""},"class_list":["post-3645","page","type-page","status-publish","hentry"],"_links":{"self":[{"href":"https:\/\/www.mydriverparis.com\/de\/wp-json\/wp\/v2\/pages\/3645","targetHints":{"allow":["GET"]}}],"collection":[{"href":"https:\/\/www.mydriverparis.com\/de\/wp-json\/wp\/v2\/pages"}],"about":[{"href":"https:\/\/www.mydriverparis.com\/de\/wp-json\/wp\/v2\/types\/page"}],"author":[{"embeddable":true,"href":"https:\/\/www.mydriverparis.com\/de\/wp-json\/wp\/v2\/users\/1"}],"replies":[{"embeddable":true,"href":"https:\/\/www.mydriverparis.com\/de\/wp-json\/wp\/v2\/comments?post=3645"}],"version-history":[{"count":0,"href":"https:\/\/www.mydriverparis.com\/de\/wp-json\/wp\/v2\/pages\/3645\/revisions"}],"wp:attachment":[{"href":"https:\/\/www.mydriverparis.com\/de\/wp-json\/wp\/v2\/media?parent=3645"}],"curies":[{"name":"wp","href":"https:\/\/api.w.org\/{rel}","templated":true}]}}