{"id":3651,"date":"2019-02-22T18:31:12","date_gmt":"2019-02-22T17:31:12","guid":{"rendered":"https:\/\/www.mydriverparis.com\/chauffeurservice-marseille\/"},"modified":"2019-02-22T18:43:03","modified_gmt":"2019-02-22T17:43:03","slug":"chauffeurservice-marseille","status":"publish","type":"page","link":"https:\/\/www.mydriverparis.com\/de\/chauffeurservice-marseille\/","title":{"rendered":"Chauffeurservice Marseille"},"content":{"rendered":"<p>Marseille ist die Heimat eines vielseitigen und dynamischen Menschenmixes, einer wirklich einzigartigen Stadt, die nicht nur als regionales Wirtschaftszentrum, sondern auch aufgrund ihrer Kultur Besucher anzieht. Entweder Sie sind ein Tourist oder Gesch\u00e4ftsreisender, der beste Weg f\u00fcr jeden Besucher in Marseille ist, mit unserem Chauffeurservice zu buchen, um sich in dem Stil und Komfort zurechtzufinden, den nur ein privater Autoservice bieten kann. Unsere Fahrer sind nur professionell lizenzierte, englischsprachige Einheimische, so dass wir eine sichere Fahrt gew\u00e4hrleisten k\u00f6nnen, egal wohin Sie in Marseille oder in der Provence fahren.<\/p>\n<p>Um die sch\u00f6ne Stadt Marseille auf die bequemste Weise zu erkunden und zu navigieren, bietet Ihnen unser Limousinenservice einen ma\u00dfgeschneiderten Transfer-Service. Auf dem Weg zu einem wichtigen Business Meeting? Planung einer Besichtigungstour durch die Stadt und Umgebung? Ben\u00f6tigen Sie einen privaten Chauffeur f\u00fcr ein paar Stunden? M\u00f6chten Sie einen Bus f\u00fcr eine Gruppe von Touristen oder Kollegen finden?<\/p>\n<h2 style=\"text-align: center;\">Ihr privater Fahrer in Marseille<\/h2>\n<p><img loading=\"lazy\" decoding=\"async\" width=\"300\" height=\"194\" class=\"alignnone size-medium wp-image-1892 aligncenter\" src=\"https:\/\/www.mydriverparis.com\/wp-content\/uploads\/2018\/07\/marseille-300x194.jpg\" alt=\"\" srcset=\"https:\/\/www.mydriverparis.com\/wp-content\/uploads\/2018\/07\/marseille-300x194.jpg 300w, https:\/\/www.mydriverparis.com\/wp-content\/uploads\/2018\/07\/marseille-100x65.jpg 100w, https:\/\/www.mydriverparis.com\/wp-content\/uploads\/2018\/07\/marseille.jpg 600w\" sizes=\"auto, (max-width: 300px) 100vw, 300px\" \/><\/p>\n<h2 style=\"text-align: center;\">Chauffeurservice in Marseille<\/h2>\n<p><img loading=\"lazy\" decoding=\"async\" width=\"300\" height=\"132\" class=\"alignnone size-medium wp-image-1894 aligncenter\" src=\"https:\/\/www.mydriverparis.com\/wp-content\/uploads\/2018\/07\/private-chauffeur-finest-300x132.jpeg\" alt=\"\" srcset=\"https:\/\/www.mydriverparis.com\/wp-content\/uploads\/2018\/07\/private-chauffeur-finest-300x132.jpeg 300w, https:\/\/www.mydriverparis.com\/wp-content\/uploads\/2018\/07\/private-chauffeur-finest-100x44.jpeg 100w, https:\/\/www.mydriverparis.com\/wp-content\/uploads\/2018\/07\/private-chauffeur-finest.jpeg 600w\" sizes=\"auto, (max-width: 300px) 100vw, 300px\" \/>MyDriverParis garantiert flexible, schnelle und professionelle Dienstleistungen, die auf eine Vielzahl von Anforderungen und Umst\u00e4nden zugeschnitten sind.<\/p>\n<p>Sie k\u00f6nnen buchen und entspannen, MyDriverParis k\u00fcmmert sich um Ihre Reise mit P\u00fcnktlichkeit und hoher Professionalit\u00e4t.<\/p>\n<p>MyDriverParis bietet Transferservice vom Flughafen Marseille, Castellet und Toulon-Hyeres, den Bahnh\u00f6fen von Marseille Saint Charles, Aix en Provence, Toulon und Transfer von Marseille nach Paris. Genie\u00dfen Sie einen Moment des Komforts in einem Fahrzeug der neuesten Generation Ihrer Wahl und entspannen Sie sich, w\u00e4hrend Sie sich von einem unserer professionellen Chauffeure zu Ihrem Ziel fahren lassen.<\/p>\n","protected":false},"excerpt":{"rendered":"","protected":false},"author":1,"featured_media":0,"parent":0,"menu_order":0,"comment_status":"closed","ping_status":"closed","template":"","meta":{"om_disable_all_campaigns":false,"footnotes":""},"class_list":["post-3651","page","type-page","status-publish","hentry"],"_links":{"self":[{"href":"https:\/\/www.mydriverparis.com\/de\/wp-json\/wp\/v2\/pages\/3651","targetHints":{"allow":["GET"]}}],"collection":[{"href":"https:\/\/www.mydriverparis.com\/de\/wp-json\/wp\/v2\/pages"}],"about":[{"href":"https:\/\/www.mydriverparis.com\/de\/wp-json\/wp\/v2\/types\/page"}],"author":[{"embeddable":true,"href":"https:\/\/www.mydriverparis.com\/de\/wp-json\/wp\/v2\/users\/1"}],"replies":[{"embeddable":true,"href":"https:\/\/www.mydriverparis.com\/de\/wp-json\/wp\/v2\/comments?post=3651"}],"version-history":[{"count":0,"href":"https:\/\/www.mydriverparis.com\/de\/wp-json\/wp\/v2\/pages\/3651\/revisions"}],"wp:attachment":[{"href":"https:\/\/www.mydriverparis.com\/de\/wp-json\/wp\/v2\/media?parent=3651"}],"curies":[{"name":"wp","href":"https:\/\/api.w.org\/{rel}","templated":true}]}}