{"id":3656,"date":"2019-02-22T18:36:49","date_gmt":"2019-02-22T17:36:49","guid":{"rendered":"https:\/\/www.mydriverparis.com\/chauffeurservice-nice\/"},"modified":"2019-02-22T18:44:06","modified_gmt":"2019-02-22T17:44:06","slug":"chauffeurservice-nice","status":"publish","type":"page","link":"https:\/\/www.mydriverparis.com\/de\/chauffeurservice-nice\/","title":{"rendered":"Chauffeurservice Nice"},"content":{"rendered":"<p>Die Hauptstadt der franz\u00f6sischen Riviera, Nizza, liegt zwischen Meer und Bergen, im S\u00fcden Frankreichs und Mitteleuropas und nur wenige Kilometer von der italienischen Grenze entfernt. Stadt der Geschichte, Kultur, Kunst, kreativ, Events, Freizeit, Natur, S\u00fc\u00dfe, Geschmacksrichtungen&#8230;.. Nizza pflegt den Charme seines Unterschieds und bietet eine Vielzahl von Besuchen und Aktivit\u00e4ten.<\/p>\n<p>Nizza mit seinen makellosen Blumeng\u00e4rten, mit mediterranen und exotischen Arten, kleinen Boutique-Hotels, Pal\u00e4sten mit wundersch\u00f6nen denkmalgesch\u00fctzten Fassaden, Modeboutiquen, die die gr\u00f6\u00dften Marken der Haute Couture und der franz\u00f6sischen Parfums repr\u00e4sentieren, seinem Kunsthandwerk, vielen Museen und Kunstgalerien, ber\u00fchmten Restaurants und kleinen typischen Restaurants, hervorragenden Weinen aus sehr alten Reben, ist ein ideales Ziel f\u00fcr alle. Die elegante Strandpromenade, die bunten M\u00e4rkte und unvergleichlichen D\u00fcfte, die Altstadt mit ihren typischen und lebendigen Stra\u00dfen, die barocken Kunstsch\u00e4tze, die Geb\u00e4ude, deren Architektur die Pracht der Vergangenheit widerspiegelt, die kleinen Pl\u00e4tze voller Charme, die Caf\u00e9s, die Kneipenterrasse, die man wie im Winter essen kann, der international bekannte Karneval und die vielen Festivals sind alle Bestandteile der Romantik und der Kunst des franz\u00f6sischen Lebens, die das ganze Jahr \u00fcber leben!<\/p>\n<h2 style=\"text-align: center;\">Chauffeurservice in\u00a0<strong>Nice<\/strong><\/h2>\n<h2><strong><img loading=\"lazy\" decoding=\"async\" width=\"300\" height=\"167\" class=\"alignnone size-medium wp-image-1971 aligncenter\" src=\"https:\/\/www.mydriverparis.com\/wp-content\/uploads\/2018\/07\/nice-private-driver-300x167.jpg\" alt=\"nice private driver\" srcset=\"https:\/\/www.mydriverparis.com\/wp-content\/uploads\/2018\/07\/nice-private-driver-300x167.jpg 300w, https:\/\/www.mydriverparis.com\/wp-content\/uploads\/2018\/07\/nice-private-driver-768x427.jpg 768w, https:\/\/www.mydriverparis.com\/wp-content\/uploads\/2018\/07\/nice-private-driver-100x56.jpg 100w, https:\/\/www.mydriverparis.com\/wp-content\/uploads\/2018\/07\/nice-private-driver-110x60.jpg 110w, https:\/\/www.mydriverparis.com\/wp-content\/uploads\/2018\/07\/nice-private-driver.jpg 800w\" sizes=\"auto, (max-width: 300px) 100vw, 300px\" \/><\/strong><\/h2>\n<p><\/p>\n<h2 style=\"text-align: center;\">Ihr privater Fahrer in<strong> Nice<\/strong><\/h2>\n<h2><strong><img loading=\"lazy\" decoding=\"async\" width=\"300\" height=\"132\" class=\"alignnone size-medium wp-image-1894 aligncenter\" src=\"https:\/\/www.mydriverparis.com\/wp-content\/uploads\/2018\/07\/private-chauffeur-finest-300x132.jpeg\" alt=\"private chauffeur finest\" srcset=\"https:\/\/www.mydriverparis.com\/wp-content\/uploads\/2018\/07\/private-chauffeur-finest-300x132.jpeg 300w, https:\/\/www.mydriverparis.com\/wp-content\/uploads\/2018\/07\/private-chauffeur-finest-100x44.jpeg 100w, https:\/\/www.mydriverparis.com\/wp-content\/uploads\/2018\/07\/private-chauffeur-finest.jpeg 600w\" sizes=\"auto, (max-width: 300px) 100vw, 300px\" \/><\/strong><\/h2>\n<p>Um die Sch\u00e4tze von Nizza auf die bequemste Weise zu entdecken und zu navigieren, bietet Ihnen unser Limousinenservice ma\u00dfgeschneiderte Transferservices. Auf dem Weg zu einem wichtigen Business Meeting? Planung einer Stadtrundfahrt durch die Stadt und Umgebung? Ben\u00f6tigen Sie einen privaten Chauffeur f\u00fcr ein paar Stunden? M\u00f6chten Sie einen Bus f\u00fcr eine Gruppe von Touristen oder Kollegen finden?<\/p>\n<p>Mydriverparis garantiert flexible, schnelle und professionelle Dienstleistungen, die auf eine Vielzahl von Anforderungen und Umst\u00e4nden zugeschnitten sind.<\/p>\n<p>Sie k\u00f6nnen buchen und entspannen, MyDriverParis k\u00fcmmert sich um Ihre Reise mit P\u00fcnktlichkeit und hoher Professionalit\u00e4t.<\/p>\n<p>MyDriverParis bietet Transferservice von den Flugh\u00e4fen von Nizza (Nice Airport, Cannes &#8211; Mandelieu Airport), Bahnh\u00f6fen und Transfers Ihrer Wahl in C\u00f4te d&#8217;Azur (Nizza, Cannes, Monte Carlo, Antibes&#8230;.). Genie\u00dfen Sie einen Moment des Komforts in einem Fahrzeug der neuesten Generation Ihrer Wahl und entspannen Sie sich, w\u00e4hrend Sie sich von einem unserer professionellen Chauffeure zu Ihrem Ziel fahren lassen.<\/p>\n","protected":false},"excerpt":{"rendered":"","protected":false},"author":1,"featured_media":0,"parent":0,"menu_order":0,"comment_status":"closed","ping_status":"closed","template":"","meta":{"om_disable_all_campaigns":false,"footnotes":""},"class_list":["post-3656","page","type-page","status-publish","hentry"],"_links":{"self":[{"href":"https:\/\/www.mydriverparis.com\/de\/wp-json\/wp\/v2\/pages\/3656","targetHints":{"allow":["GET"]}}],"collection":[{"href":"https:\/\/www.mydriverparis.com\/de\/wp-json\/wp\/v2\/pages"}],"about":[{"href":"https:\/\/www.mydriverparis.com\/de\/wp-json\/wp\/v2\/types\/page"}],"author":[{"embeddable":true,"href":"https:\/\/www.mydriverparis.com\/de\/wp-json\/wp\/v2\/users\/1"}],"replies":[{"embeddable":true,"href":"https:\/\/www.mydriverparis.com\/de\/wp-json\/wp\/v2\/comments?post=3656"}],"version-history":[{"count":0,"href":"https:\/\/www.mydriverparis.com\/de\/wp-json\/wp\/v2\/pages\/3656\/revisions"}],"wp:attachment":[{"href":"https:\/\/www.mydriverparis.com\/de\/wp-json\/wp\/v2\/media?parent=3656"}],"curies":[{"name":"wp","href":"https:\/\/api.w.org\/{rel}","templated":true}]}}