{"id":3400,"date":"2019-02-12T16:43:05","date_gmt":"2019-02-12T15:43:05","guid":{"rendered":"https:\/\/www.mydriverparis.com\/traslado\/"},"modified":"2019-02-12T16:43:06","modified_gmt":"2019-02-12T15:43:06","slug":"traslado","status":"publish","type":"page","link":"https:\/\/www.mydriverparis.com\/es\/traslado\/","title":{"rendered":"Traslado"},"content":{"rendered":"<p>Desde una estaci\u00f3n de trenes, aeropuertos o para sus obligaciones dentro de Par\u00eds, MyDriverParis le proveer\u00e1 con soluciones completas para sus necesidades de transporte terrestre.<strong><br \/>\n<\/strong><\/p>\n<p><strong>Servicio de traslado de aeropuerto en veh\u00edculos con chofer<\/strong><\/p>\n<p>MyDriverParis ofrece ocuparse de sus necesidades de traslado en el aeropuerto con un sed\u00e1n, limosina, minivan y minib\u00fas con chofer y hacia los aeropuertos en Par\u00eds y en toda Francia.<\/p>\n<p>El transporte en los aeropuertos es nuestro servicio de choferes m\u00e1s preciado.<\/p>\n<p>\u200bNuestro chofer lo estar\u00e1 esperando para darle la bienvenida y estar\u00e1 a su disposici\u00f3n para cargar con su equipaje mientras lo escolta hacia su limosina y pr\u00f3ximamente hacia su destino final.<\/p>\n<p>Nuestro equipo revisar\u00e1 todos los estatus de vuelos privados con la compa\u00f1\u00eda en cada aeropuerto en busca de retrasos, llegadas tempranas o cancelaciones de manera que los clientes puedan ser recibidos en el aeropuerto a la hora exacta.<\/p>\n<p><strong>Servicios de transporte terrestre de lujo para Jets Privados<\/strong><\/p>\n<p><strong>\u200b<\/strong>MyDriverParis provee servicios Premium de choferes para el mercado de aviaci\u00f3n privado, incluyendo departamentos de flotillas corporativas y compa\u00f1\u00edas de aviaci\u00f3n\/gesti\u00f3n de jet ch\u00e1rter. Este servicio de lujo est\u00e1 disponible en el aeropuerto Le Bourget de Par\u00eds.<\/p>\n<p>\u200b<strong>Servicio de traslado de estaciones en veh\u00edculos con chofer<\/strong><\/p>\n<p><strong>\u200b<\/strong>MyDriverParis tambien ofrece encargarse de sus traslados de estaciones con un sed\u00e1n, minivan, SUV o minib\u00fas con chofer, desde y hacia las estaciones de trenes de Par\u00eds.<\/p>\n<p>Los traslados desde Gare du Nord, Gare du Lyon son nuestros servicios de choferes m\u00e1s preciados.<\/p>\n<p>\u200b\u200b<strong>Servicio de traslado de ciudades en veh\u00edculos con chofer<\/strong><\/p>\n<p>\u200bMyDriverParis se encargar\u00e1 de llevarlo de una ciudad a otra, ofreciendo tasas especiales fijas para traslados entre ciudades.<\/p>\n<p>Proveemos un viaje seguro y confiable de puerta a puerta con choferes profesionales y veh\u00edculos de lujo.<\/p>\n<p>\u200bTambi\u00e9n ofrecemos servicios como tours en las ciudades de Par\u00eds como Versalles, Giverny, Mont Saint Michel, Fontainebleau, Vaux le Vicomte o una regi\u00f3n de Francia como Normand\u00eda, Champagne, Valle de Loira, Breta\u00f1a, Borgo\u00f1a.<\/p>\n<p>&nbsp;<\/p>\n<p>&nbsp;<\/p>\n<p><\/p>\n","protected":false},"excerpt":{"rendered":"","protected":false},"author":1,"featured_media":0,"parent":0,"menu_order":0,"comment_status":"closed","ping_status":"closed","template":"excursion-template.php","meta":{"om_disable_all_campaigns":false,"footnotes":""},"class_list":["post-3400","page","type-page","status-publish","hentry"],"_links":{"self":[{"href":"https:\/\/www.mydriverparis.com\/es\/wp-json\/wp\/v2\/pages\/3400","targetHints":{"allow":["GET"]}}],"collection":[{"href":"https:\/\/www.mydriverparis.com\/es\/wp-json\/wp\/v2\/pages"}],"about":[{"href":"https:\/\/www.mydriverparis.com\/es\/wp-json\/wp\/v2\/types\/page"}],"author":[{"embeddable":true,"href":"https:\/\/www.mydriverparis.com\/es\/wp-json\/wp\/v2\/users\/1"}],"replies":[{"embeddable":true,"href":"https:\/\/www.mydriverparis.com\/es\/wp-json\/wp\/v2\/comments?post=3400"}],"version-history":[{"count":0,"href":"https:\/\/www.mydriverparis.com\/es\/wp-json\/wp\/v2\/pages\/3400\/revisions"}],"wp:attachment":[{"href":"https:\/\/www.mydriverparis.com\/es\/wp-json\/wp\/v2\/media?parent=3400"}],"curies":[{"name":"wp","href":"https:\/\/api.w.org\/{rel}","templated":true}]}}