{"id":3402,"date":"2019-02-12T16:47:25","date_gmt":"2019-02-12T15:47:25","guid":{"rendered":"https:\/\/www.mydriverparis.com\/programa-variado\/"},"modified":"2019-02-12T16:47:26","modified_gmt":"2019-02-12T15:47:26","slug":"programa-variado","status":"publish","type":"page","link":"https:\/\/www.mydriverparis.com\/es\/nuestros-servicios\/programa-variado\/","title":{"rendered":"Programa Variado"},"content":{"rendered":"<p>Desde viajes con un solo destino hasta los itinerarios m\u00e1s sofisticados, nuestra experiencia y cuidadoso planeamiento marcan la diferencia.<\/p>\n<p>Sabemos bien que cada minuto cuenta y cada reuni\u00f3n puede ser clave para cerrar un trato.<\/p>\n<p>Es un servicio de veh\u00edculos con choferes, fluidos en varios idiomas, enfocado espec\u00edficamente hacia el ejecutivo que necesita moverse r\u00e1pidamente de un lugar a otro, cumpliendo un horario de reuniones y un programa organizado, de un banco a otro, de una oficina a la siguiente.<\/p>\n<p>El personal de MyDriverParis est\u00e1 conformado por choferes profesionales expl\u00edcitamente entrenados para acomodarse a las necesidades espec\u00edficas del sector financiero, conduciendo una flotilla impecable de sedanes, SUV y vans de \u00faltimo modelo, todos equipados con la mejor tecnolog\u00eda de punta.<\/p>\n<p>\u200bNuestras facturas y reportes son personalizados seg\u00fan sus indicaciones<\/p>\n<p>Consejos de log\u00edstica, organizaci\u00f3n y optimizaci\u00f3n de su viaje profesional.<\/p>\n<p>Le proveemos con soluciones de viaje confiables y personalizadas al igual que ahorro de tiempo, ya sea que este en Francia.<\/p>\n","protected":false},"excerpt":{"rendered":"","protected":false},"author":1,"featured_media":0,"parent":3505,"menu_order":0,"comment_status":"closed","ping_status":"closed","template":"excursion-template.php","meta":{"om_disable_all_campaigns":false,"footnotes":""},"class_list":["post-3402","page","type-page","status-publish","hentry"],"_links":{"self":[{"href":"https:\/\/www.mydriverparis.com\/es\/wp-json\/wp\/v2\/pages\/3402","targetHints":{"allow":["GET"]}}],"collection":[{"href":"https:\/\/www.mydriverparis.com\/es\/wp-json\/wp\/v2\/pages"}],"about":[{"href":"https:\/\/www.mydriverparis.com\/es\/wp-json\/wp\/v2\/types\/page"}],"author":[{"embeddable":true,"href":"https:\/\/www.mydriverparis.com\/es\/wp-json\/wp\/v2\/users\/1"}],"replies":[{"embeddable":true,"href":"https:\/\/www.mydriverparis.com\/es\/wp-json\/wp\/v2\/comments?post=3402"}],"version-history":[{"count":0,"href":"https:\/\/www.mydriverparis.com\/es\/wp-json\/wp\/v2\/pages\/3402\/revisions"}],"up":[{"embeddable":true,"href":"https:\/\/www.mydriverparis.com\/es\/wp-json\/wp\/v2\/pages\/3505"}],"wp:attachment":[{"href":"https:\/\/www.mydriverparis.com\/es\/wp-json\/wp\/v2\/media?parent=3402"}],"curies":[{"name":"wp","href":"https:\/\/api.w.org\/{rel}","templated":true}]}}