{"id":3404,"date":"2019-02-12T16:52:22","date_gmt":"2019-02-12T15:52:22","guid":{"rendered":"https:\/\/www.mydriverparis.com\/tours-con-chofer\/"},"modified":"2019-02-12T16:52:23","modified_gmt":"2019-02-12T15:52:23","slug":"tours-con-chofer","status":"publish","type":"page","link":"https:\/\/www.mydriverparis.com\/es\/nuestros-servicios\/tours-con-chofer\/","title":{"rendered":"Tours con chofer"},"content":{"rendered":"<p>Los tours con chofer de MyDriverParis a\u00f1aden un toque especial que de seguro transformara su d\u00eda en una experiencia inolvidable.<\/p>\n<p>\u200bCon nosotros, usted puede ver los mejores y m\u00e1s famosos lugares que Par\u00eds tiene para ofrecer. Viaje a lugares tales como la Torre Eiffel, Les Champs-Elys\u00e9es, Le Moulin Rouge, la Catedral de Notre-Dam\u00e9 y el palacio de Versalles.<\/p>\n<p>Los choferes de MyDriverParis est\u00e1n incre\u00edblemente capacitados con todos los conocimientos necesarios sobre los lugares que ustedes desee visitar.<\/p>\n<p>\u200bNuestros tours pueden personalizarse espec\u00edficamente seg\u00fan sus requerimientos o tambi\u00e9n nos encantar\u00eda crear un itinerario personalizado basado en sus preferencias.<\/p>\n<p>\u200bSu tour de lujo preferido puede prepararse con distintos veh\u00edculos. Nuestra variada flota de autos incluye sedanes, limosinas, minivans o minibuses, dependiendo de sus necesidades y el n\u00famero de viajeros.<\/p>\n<p>Nuestros servicios son para Par\u00eds, las playas de Normand\u00eda, el tour de Champagne en Epernay, los jardines de Giverny y los Castillos del valle de Loira.<\/p>\n<p>\u200bSimplemente dinos a d\u00f3nde quieres ir.<\/p>\n","protected":false},"excerpt":{"rendered":"","protected":false},"author":1,"featured_media":0,"parent":3505,"menu_order":0,"comment_status":"closed","ping_status":"closed","template":"excursion-template.php","meta":{"om_disable_all_campaigns":false,"footnotes":""},"class_list":["post-3404","page","type-page","status-publish","hentry"],"_links":{"self":[{"href":"https:\/\/www.mydriverparis.com\/es\/wp-json\/wp\/v2\/pages\/3404","targetHints":{"allow":["GET"]}}],"collection":[{"href":"https:\/\/www.mydriverparis.com\/es\/wp-json\/wp\/v2\/pages"}],"about":[{"href":"https:\/\/www.mydriverparis.com\/es\/wp-json\/wp\/v2\/types\/page"}],"author":[{"embeddable":true,"href":"https:\/\/www.mydriverparis.com\/es\/wp-json\/wp\/v2\/users\/1"}],"replies":[{"embeddable":true,"href":"https:\/\/www.mydriverparis.com\/es\/wp-json\/wp\/v2\/comments?post=3404"}],"version-history":[{"count":0,"href":"https:\/\/www.mydriverparis.com\/es\/wp-json\/wp\/v2\/pages\/3404\/revisions"}],"up":[{"embeddable":true,"href":"https:\/\/www.mydriverparis.com\/es\/wp-json\/wp\/v2\/pages\/3505"}],"wp:attachment":[{"href":"https:\/\/www.mydriverparis.com\/es\/wp-json\/wp\/v2\/media?parent=3404"}],"curies":[{"name":"wp","href":"https:\/\/api.w.org\/{rel}","templated":true}]}}