{"id":3406,"date":"2019-02-12T16:57:06","date_gmt":"2019-02-12T15:57:06","guid":{"rendered":"https:\/\/www.mydriverparis.com\/van-de-equipaje\/"},"modified":"2019-02-12T16:57:07","modified_gmt":"2019-02-12T15:57:07","slug":"van-de-equipaje","status":"publish","type":"page","link":"https:\/\/www.mydriverparis.com\/es\/nuestros-servicios\/van-de-equipaje\/","title":{"rendered":"Van de equipaje"},"content":{"rendered":"<p>MyDriverParis se enorgullece de decir que somos una Compa\u00f1\u00eda de Choferes que tiene su propia van de equipaje a disposici\u00f3n de nuestros clientes con exceso de maletas.<\/p>\n<p>La van de equipaje es un servicio que ofrecemos para clientes con exceso del mismo, incluyendo maletines, equipos de m\u00fasica e incluso muebles.<\/p>\n<p><strong>\u200b<\/strong>Entendemos que no todos veh\u00edculos pueden funcionar con excesos de equipaje y es por esta raz\u00f3n que esta van es una soluci\u00f3n ideal. Le permite a su equipaje llegar a su destino de manera segura junto con su transporte.<\/p>\n<p>Si desea mover su equipaje hacia su destino o simplemente desea transportar algo de manera discreta, cont\u00e1ctenos y haremos todos los preparativos.<\/p>\n","protected":false},"excerpt":{"rendered":"","protected":false},"author":1,"featured_media":0,"parent":3505,"menu_order":0,"comment_status":"closed","ping_status":"closed","template":"excursion-template.php","meta":{"om_disable_all_campaigns":false,"footnotes":""},"class_list":["post-3406","page","type-page","status-publish","hentry"],"_links":{"self":[{"href":"https:\/\/www.mydriverparis.com\/es\/wp-json\/wp\/v2\/pages\/3406","targetHints":{"allow":["GET"]}}],"collection":[{"href":"https:\/\/www.mydriverparis.com\/es\/wp-json\/wp\/v2\/pages"}],"about":[{"href":"https:\/\/www.mydriverparis.com\/es\/wp-json\/wp\/v2\/types\/page"}],"author":[{"embeddable":true,"href":"https:\/\/www.mydriverparis.com\/es\/wp-json\/wp\/v2\/users\/1"}],"replies":[{"embeddable":true,"href":"https:\/\/www.mydriverparis.com\/es\/wp-json\/wp\/v2\/comments?post=3406"}],"version-history":[{"count":0,"href":"https:\/\/www.mydriverparis.com\/es\/wp-json\/wp\/v2\/pages\/3406\/revisions"}],"up":[{"embeddable":true,"href":"https:\/\/www.mydriverparis.com\/es\/wp-json\/wp\/v2\/pages\/3505"}],"wp:attachment":[{"href":"https:\/\/www.mydriverparis.com\/es\/wp-json\/wp\/v2\/media?parent=3406"}],"curies":[{"name":"wp","href":"https:\/\/api.w.org\/{rel}","templated":true}]}}