{"id":3408,"date":"2019-02-12T17:01:55","date_gmt":"2019-02-12T16:01:55","guid":{"rendered":"https:\/\/www.mydriverparis.com\/bienvenida-vip\/"},"modified":"2019-02-12T17:01:56","modified_gmt":"2019-02-12T16:01:56","slug":"bienvenida-vip","status":"publish","type":"page","link":"https:\/\/www.mydriverparis.com\/es\/nuestros-servicios\/bienvenida-vip\/","title":{"rendered":"Bienvenida VIP"},"content":{"rendered":"<p>MyDriverParis puede proveerle una variedad de servicios de acompa\u00f1amiento de lujo en Par\u00eds para que su jornada en el aeropuerto y otros lugares este tan libre de estr\u00e9s y sea tan relajante como sea posible para su llegada o salida.<\/p>\n<p>Asistencia de Impuestos y Reembolsos<\/p>\n<p>Esto debe realizarse en el \u00faltimo pa\u00eds europeo en el que usted se encuentre.<\/p>\n<p>Deber\u00e1 entregar su boleto, pasaporte y los formularios que haya recolectado durante sus compras.<\/p>\n<p>Nuestro chofer de MyDriverParis lo ayudar\u00e1:<br \/>\n&#8211; A acelerar los reembolsos de las devoluciones libres de impuestos.<br \/>\n&#8211; Asisti\u00e9ndolo con la facturaci\u00f3n de su equipaje.<\/p>\n<p>Servicios adicionales:<br \/>\n&#8211; Gu\u00eda e interprete<br \/>\n&#8211; Bienvenidas VIP en Estaciones de Trenes (Eurostar y Thalys) en la estaci\u00f3n de tren Gare Du Nord de Par\u00eds<\/p>\n","protected":false},"excerpt":{"rendered":"","protected":false},"author":1,"featured_media":0,"parent":3505,"menu_order":0,"comment_status":"closed","ping_status":"closed","template":"excursion-template.php","meta":{"om_disable_all_campaigns":false,"footnotes":""},"class_list":["post-3408","page","type-page","status-publish","hentry"],"_links":{"self":[{"href":"https:\/\/www.mydriverparis.com\/es\/wp-json\/wp\/v2\/pages\/3408","targetHints":{"allow":["GET"]}}],"collection":[{"href":"https:\/\/www.mydriverparis.com\/es\/wp-json\/wp\/v2\/pages"}],"about":[{"href":"https:\/\/www.mydriverparis.com\/es\/wp-json\/wp\/v2\/types\/page"}],"author":[{"embeddable":true,"href":"https:\/\/www.mydriverparis.com\/es\/wp-json\/wp\/v2\/users\/1"}],"replies":[{"embeddable":true,"href":"https:\/\/www.mydriverparis.com\/es\/wp-json\/wp\/v2\/comments?post=3408"}],"version-history":[{"count":0,"href":"https:\/\/www.mydriverparis.com\/es\/wp-json\/wp\/v2\/pages\/3408\/revisions"}],"up":[{"embeddable":true,"href":"https:\/\/www.mydriverparis.com\/es\/wp-json\/wp\/v2\/pages\/3505"}],"wp:attachment":[{"href":"https:\/\/www.mydriverparis.com\/es\/wp-json\/wp\/v2\/media?parent=3408"}],"curies":[{"name":"wp","href":"https:\/\/api.w.org\/{rel}","templated":true}]}}