{"id":3410,"date":"2019-02-12T17:06:46","date_gmt":"2019-02-12T16:06:46","guid":{"rendered":"https:\/\/www.mydriverparis.com\/autobus-y-autocar\/"},"modified":"2019-02-12T17:06:47","modified_gmt":"2019-02-12T16:06:47","slug":"autobus-y-autocar","status":"publish","type":"page","link":"https:\/\/www.mydriverparis.com\/es\/autobus-y-autocar\/","title":{"rendered":"Autob\u00fas y Autocar"},"content":{"rendered":"<p><img loading=\"lazy\" decoding=\"async\" width=\"300\" height=\"200\" class=\"alignnone size-medium wp-image-1705\" src=\"https:\/\/www.mydriverparis.com\/wp-content\/uploads\/2018\/05\/setra-bus-picture-300x200.jpg\" alt=\"bus coach hire in paris\" srcset=\"https:\/\/www.mydriverparis.com\/wp-content\/uploads\/2018\/05\/setra-bus-picture-300x200.jpg 300w, https:\/\/www.mydriverparis.com\/wp-content\/uploads\/2018\/05\/setra-bus-picture-100x67.jpg 100w, https:\/\/www.mydriverparis.com\/wp-content\/uploads\/2018\/05\/setra-bus-picture.jpg 400w\" sizes=\"auto, (max-width: 300px) 100vw, 300px\" \/><\/p>\n<p>MyDriverParis le ofrece un viaje sencillo y comodo con un chofer privado y un autob\u00fas o Autocar de lujo desde Par\u00eds. Con MyDriverParis usted tendr\u00e1 :<\/p>\n<ul>\n<li>Traslados Privados desde Par\u00eds<\/li>\n<li>Transporte puerta-a-puerta totalmente confiable<\/li>\n<li>Precios fijos<\/li>\n<li>Pagos con tarjeta, transferencia electr\u00f3nica<\/li>\n<li>Conductores profesionales de habla inglesa o espanol<\/li>\n<\/ul>\n<p>Nuestro chofer puede recogerlo en el aeropuerto, estaci\u00f3n de tren o dondequiera que usted desee en Par\u00eds. Con nuestro servicio de lujo, usted podr\u00e1 disfrutar de su propio y exclusivo viaje desde Par\u00eds, mientras que se relaja en los asientos de uno de nuestros autobuses y autocars Premium.<\/p>\n<p>Somos totalmente vers\u00e1tiles seg\u00fan sus necesidades y como tal, ofrecemos autobuses con 30 asientos hasta los m\u00e1s grandes con 59. Recuerde reservar tan pronto como le sea posible para que de esta manera podamos asegurarnos que obtenga el veh\u00edculo adecuado para sus necesidades. Tambi\u00e9n ofrecemos la oportunidad de contratar m\u00e1s de un autob\u00fas para que as\u00ed, pueda viajar en convoy seg\u00fan desee.<\/p>\n<p>Todos nuestros choferes son conductores profesionales, entrenados para entender el valor de la atenci\u00f3n al cliente. Son amigables, confiables y totalmente entrenados en el \u00e1mbito del servicio al cliente y por supuesto, puntuales. La puntualidad en nuestro negocio de contrataci\u00f3n de autobuses es de la mayor importancia. Nuestros conductores llegar al punto de recogida, a tiempo y montando un autob\u00fas o autocar completamente limpio y bien mantenido.<\/p>\n<p>Entendemos que la \u00fanica manera que nuestro negocio tenga \u00e9xito es si nuestros clientes son felices y se encuentran satisfechos con nuestros servicios. Nuestros conductores son profesionales, los autobuses se mantienen limpios y bien mantenidos y est\u00e1 de m\u00e1s decir que cumplimos con todas y cada una de las regulaciones de seguridad para transportes p\u00fablicos.<\/p>\n<p>Hacemos nuestro mejor esfuerzo para asegurarnos que nuestros precios sean bajos sin perder calidad de servicio. Nuestro negocio est\u00e1 dise\u00f1ado para ofrecer contrataciones de autobuses y autocars con choferes a un precio razonable.<\/p>\n","protected":false},"excerpt":{"rendered":"","protected":false},"author":1,"featured_media":0,"parent":0,"menu_order":0,"comment_status":"closed","ping_status":"closed","template":"excursion-template.php","meta":{"om_disable_all_campaigns":false,"footnotes":""},"class_list":["post-3410","page","type-page","status-publish","hentry"],"_links":{"self":[{"href":"https:\/\/www.mydriverparis.com\/es\/wp-json\/wp\/v2\/pages\/3410","targetHints":{"allow":["GET"]}}],"collection":[{"href":"https:\/\/www.mydriverparis.com\/es\/wp-json\/wp\/v2\/pages"}],"about":[{"href":"https:\/\/www.mydriverparis.com\/es\/wp-json\/wp\/v2\/types\/page"}],"author":[{"embeddable":true,"href":"https:\/\/www.mydriverparis.com\/es\/wp-json\/wp\/v2\/users\/1"}],"replies":[{"embeddable":true,"href":"https:\/\/www.mydriverparis.com\/es\/wp-json\/wp\/v2\/comments?post=3410"}],"version-history":[{"count":0,"href":"https:\/\/www.mydriverparis.com\/es\/wp-json\/wp\/v2\/pages\/3410\/revisions"}],"wp:attachment":[{"href":"https:\/\/www.mydriverparis.com\/es\/wp-json\/wp\/v2\/media?parent=3410"}],"curies":[{"name":"wp","href":"https:\/\/api.w.org\/{rel}","templated":true}]}}