{"id":3418,"date":"2019-02-12T17:24:58","date_gmt":"2019-02-12T16:24:58","guid":{"rendered":"https:\/\/www.mydriverparis.com\/sobre-nosotros\/"},"modified":"2019-02-17T13:16:19","modified_gmt":"2019-02-17T12:16:19","slug":"sobre-nosotros","status":"publish","type":"page","link":"https:\/\/www.mydriverparis.com\/es\/sobre-nosotros\/","title":{"rendered":"Sobre Nosotros"},"content":{"rendered":"<p><h4 class=\"text-xl font-title\">Nuestra Misi\u00f3n<\/h4><div class=\"mt-2 mb-6 w-20 h-0.5 bg-primary-500\"><\/div>Nuestra misi\u00f3n es la de proveer servicios de viajes de clase mundial con lujo, privacidad y personalizaci\u00f3n en mente. MyDriverParis fue creado para entregar servicios de choferes y choferes privados de la m\u00e1s alta calidad, como un facilitador para negocios corporativos y viajeros dom\u00e9sticos o internacionales.<h4 class=\"text-xl font-title\">Como Funcionamos<\/h4><div class=\"mt-2 mb-6 w-20 h-0.5 bg-primary-500\"><\/div>Cubriendo una amplia variedad de pa\u00edses, atendemos a viajeros de negocios (que conf\u00edan en nuestros servicios profesionales) y vacacionistas que desean consentirse con un poco de lujo. Nuestros conductores expertos hablan varios idiomas, as\u00ed que f\u00e1cilmente puede solicitar un chofer que hable su lenguaje sin importar en qu\u00e9 pa\u00eds quiera hacer su reservaci\u00f3n.<\/p>\n<ul class=\"border-list\">\n<li>Veh\u00edculos de la m\u00e1s alta calidad<\/li>\n<li>Conductores profesionales y bien informados<\/li>\n<li>Servicios confiables y de lujo<\/li>\n<li>Una experiencia personalizada a sus necesidades<\/li>\n<\/ul>\n<p><h4 class=\"text-xl font-title\">Testimonios<\/h4><div class=\"mt-2 mb-6 w-20 h-0.5 bg-primary-500\"><\/div><h4 class=\"text-xl font-title\">Nuestra Compa\u00f1\u00eda<\/h4><div class=\"mt-2 mb-6 w-20 h-0.5 bg-primary-500\"><\/div><\/p>\n<p id=\"tw-target-text\" class=\"tw-data-text tw-ta tw-text-small\" dir=\"ltr\" data-placeholder=\"Translation\">MyDriverParis es la compa\u00f1\u00eda de limosinas m\u00e1s grande y antigua de Par\u00eds, con una clientela pol\u00edtica y corporativa establecida. Nos enorgullecemos de nuestra prestigiosa y famosa marca, conocida por su alto nivel de servicio, discreci\u00f3n y seguridad.<\/p>\n<p><\/p>\n","protected":false},"excerpt":{"rendered":"","protected":false},"author":1,"featured_media":0,"parent":0,"menu_order":0,"comment_status":"closed","ping_status":"closed","template":"excursion-template.php","meta":{"om_disable_all_campaigns":false,"footnotes":""},"class_list":["post-3418","page","type-page","status-publish","hentry"],"_links":{"self":[{"href":"https:\/\/www.mydriverparis.com\/es\/wp-json\/wp\/v2\/pages\/3418","targetHints":{"allow":["GET"]}}],"collection":[{"href":"https:\/\/www.mydriverparis.com\/es\/wp-json\/wp\/v2\/pages"}],"about":[{"href":"https:\/\/www.mydriverparis.com\/es\/wp-json\/wp\/v2\/types\/page"}],"author":[{"embeddable":true,"href":"https:\/\/www.mydriverparis.com\/es\/wp-json\/wp\/v2\/users\/1"}],"replies":[{"embeddable":true,"href":"https:\/\/www.mydriverparis.com\/es\/wp-json\/wp\/v2\/comments?post=3418"}],"version-history":[{"count":0,"href":"https:\/\/www.mydriverparis.com\/es\/wp-json\/wp\/v2\/pages\/3418\/revisions"}],"wp:attachment":[{"href":"https:\/\/www.mydriverparis.com\/es\/wp-json\/wp\/v2\/media?parent=3418"}],"curies":[{"name":"wp","href":"https:\/\/api.w.org\/{rel}","templated":true}]}}