{"id":3434,"date":"2019-02-13T13:24:04","date_gmt":"2019-02-13T12:24:04","guid":{"rendered":"https:\/\/www.mydriverparis.com\/paris-air-show\/"},"modified":"2019-02-13T13:24:05","modified_gmt":"2019-02-13T12:24:05","slug":"paris-air-show","status":"publish","type":"page","link":"https:\/\/www.mydriverparis.com\/es\/evento\/paris-air-show\/","title":{"rendered":"Paris Air Show"},"content":{"rendered":"<p><img loading=\"lazy\" decoding=\"async\" width=\"178\" height=\"182\" class=\"alignnone size-full wp-image-913\" src=\"https:\/\/www.mydriverparis.com\/wp-content\/uploads\/2017\/10\/1880324-1-logo.jpg\" alt=\"\" srcset=\"https:\/\/www.mydriverparis.com\/wp-content\/uploads\/2017\/10\/1880324-1-logo.jpg 178w, https:\/\/www.mydriverparis.com\/wp-content\/uploads\/2017\/10\/1880324-1-logo-98x100.jpg 98w\" sizes=\"auto, (max-width: 178px) 100vw, 178px\" \/> El <b>Paris Air Show<\/b>\u00a0 tambi\u00e9n conocido como \u2018Sal\u00f3n Internacional de la Aeron\u00e1utica y el Espacio de Par\u00eds-Le Bourget\u2019 (Salon International de l\u2019a\u00e9ronautique et de l\u2019espace de Paris-Le Bourget, Salon du Bourget) dice ser el espect\u00e1culo aeron\u00e1utico m\u00e1s antiguo del mundo. Establecido en 1909, se ha llevado a cabo cada a\u00f1o desde 1949 en el Aeropuerto de Par\u00eds-Le Bourget al norte de Par\u00eds, Francia.<\/p>\n<p>Es un gran evento comercial y su prop\u00f3sito principal es demostrar aeronaves civiles y militares a los potenciales clientes. Afirma ser la exposici\u00f3n de aeronaves m\u00e1s prestigiosa del mundo. Las mayores ventas y contratos son anunciados por los fabricantes durante este espect\u00e1culo. Los mejores fabricantes internacionales, al igual que representantes de las fuerzas militares de muchos pa\u00edses atienden a este evento.<br \/>\nYou can now hire a chauffeur for the next International\u00a0Paris Air Show.<\/p>\n<p>Ahora puede contratar a un chofer para el siguiente Show Aeron\u00e1utico Internacional de Par\u00eds.<\/p>\n<p>MyDriverParis usualmente presenta una mayor demanda para el Paris Air Show, as\u00ed que lo mejor es reservar con antelaci\u00f3n para asegurar el autom\u00f3vil de su preferencia.<\/p>\n","protected":false},"excerpt":{"rendered":"","protected":false},"author":1,"featured_media":0,"parent":3510,"menu_order":0,"comment_status":"closed","ping_status":"closed","template":"excursion-template.php","meta":{"om_disable_all_campaigns":false,"footnotes":""},"class_list":["post-3434","page","type-page","status-publish","hentry"],"_links":{"self":[{"href":"https:\/\/www.mydriverparis.com\/es\/wp-json\/wp\/v2\/pages\/3434","targetHints":{"allow":["GET"]}}],"collection":[{"href":"https:\/\/www.mydriverparis.com\/es\/wp-json\/wp\/v2\/pages"}],"about":[{"href":"https:\/\/www.mydriverparis.com\/es\/wp-json\/wp\/v2\/types\/page"}],"author":[{"embeddable":true,"href":"https:\/\/www.mydriverparis.com\/es\/wp-json\/wp\/v2\/users\/1"}],"replies":[{"embeddable":true,"href":"https:\/\/www.mydriverparis.com\/es\/wp-json\/wp\/v2\/comments?post=3434"}],"version-history":[{"count":0,"href":"https:\/\/www.mydriverparis.com\/es\/wp-json\/wp\/v2\/pages\/3434\/revisions"}],"up":[{"embeddable":true,"href":"https:\/\/www.mydriverparis.com\/es\/wp-json\/wp\/v2\/pages\/3510"}],"wp:attachment":[{"href":"https:\/\/www.mydriverparis.com\/es\/wp-json\/wp\/v2\/media?parent=3434"}],"curies":[{"name":"wp","href":"https:\/\/api.w.org\/{rel}","templated":true}]}}