{"id":3436,"date":"2019-02-13T13:28:51","date_gmt":"2019-02-13T12:28:51","guid":{"rendered":"https:\/\/www.mydriverparis.com\/copa-mundial-femenina-de-la-fifa-2019\/"},"modified":"2019-02-13T13:28:53","modified_gmt":"2019-02-13T12:28:53","slug":"copa-mundial-femenina-de-la-fifa-2019","status":"publish","type":"page","link":"https:\/\/www.mydriverparis.com\/es\/evento\/copa-mundial-femenina-de-la-fifa-2019\/","title":{"rendered":"Copa Mundial Femenina de la FIFA 2019"},"content":{"rendered":"<\/p>\n<div>\n<div class=\"u-serif-font-main--large\">\n<p><img loading=\"lazy\" decoding=\"async\" width=\"300\" height=\"133\" class=\"size-medium wp-image-2584 aligncenter\" src=\"https:\/\/www.mydriverparis.com\/wp-content\/uploads\/2018\/10\/worldcup_france2019-300x133.jpg\" alt=\"driver-worldcup_france2019\" srcset=\"https:\/\/www.mydriverparis.com\/wp-content\/uploads\/2018\/10\/worldcup_france2019-300x133.jpg 300w, https:\/\/www.mydriverparis.com\/wp-content\/uploads\/2018\/10\/worldcup_france2019-768x341.jpg 768w, https:\/\/www.mydriverparis.com\/wp-content\/uploads\/2018\/10\/worldcup_france2019-1024x455.jpg 1024w, https:\/\/www.mydriverparis.com\/wp-content\/uploads\/2018\/10\/worldcup_france2019-100x44.jpg 100w, https:\/\/www.mydriverparis.com\/wp-content\/uploads\/2018\/10\/worldcup_france2019.jpg 1500w\" sizes=\"auto, (max-width: 300px) 100vw, 300px\" \/><\/p>\n<p>MyDriverParis le ofrece un viaje c\u00f3modo y sencillo con un conductor privado y un auto de lujo hacia la Copa Mundial Femenina de la FIFA 2019. Con MyDriverParis obtendr\u00e1s:<\/p>\n<ul>\n<li>Traslados Privados<\/li>\n<li>Transporte puerta-a-puerta totalmente confiable<\/li>\n<li>Precios fijos<\/li>\n<li>Pagos con tarjeta, transferencia electr\u00f3nica<\/li>\n<li>Conductores profesionales de habla inglesa<\/li>\n<\/ul>\n<p>Nuestro chofer puede recogerlo en el aeropuerto, estaci\u00f3n de tren o dondequiera que usted desee y llevarlo directamente a los siguientes estadios:<\/p>\n<ul>\n<li>Grenoble,\u00a0Stade des Alpes<\/li>\n<li>Le Havre,\u00a0Stade Oc\u00e9ane<\/li>\n<li>Lyon,\u00a0Groupama Stadium<\/li>\n<li>Montpellier,\u00a0Stade de la Mosson<\/li>\n<li>Nice, l&#8217;Allianz Riviera<\/li>\n<li>Paris,\u00a0Parc des Princes<\/li>\n<li>Reims,\u00a0Stade Auguste-Delaune<\/li>\n<li>Rennes,\u00a0Roazhon Park<\/li>\n<li>Valenciennes,\u00a0Stade du Hainaut<\/li>\n<\/ul>\n<p>MyDriverParis posee una gran variedad de veh\u00edculos de donde puede escoger para su viaje. Estos van desde sedanes de lujo hasta minivans. Para grupos de mayor tama\u00f1o, podemos proveerles un minib\u00fas o un autob\u00fas.<\/p>\n<p>La Copa Mundial Femenina de la FIFA 2019 ser\u00e1 la octava edici\u00f3n de la misma (anteriormente conocido como Campeonato Mundial Femenino), el campeonato internacional femenino de asociaciones de f\u00fatbol, en el cual compiten los equipos nacionales de la FIFA entre el 7 de Junio y el 7 de Julio del 2019.<\/p>\n<p>En Marzo del 2015, Francio obtuvo el derecho de ser el anfitri\u00f3n de este evento por primera vez, siendo as\u00ed la tercera vez que es llevado a cabo en Europa. Los partidos se separaron en nueve ciudades alrededor de toda Francia.<\/p>\n<p>El formato actual presenta a 24 equipos, incluyendo al anfitri\u00f3n. Los campeones defensores, Estados Unidos.<\/p>\n<\/div>\n<\/div>\n<div id=\"MxfrOz\">Ahora puede contratar a un chofer para la pr\u00f3xima Copa Mundial Femenina de la FIFA 2019 en Francia.<\/div>\n<p>MyDriverParis usualmente presenta una mayor demanda para la Copa Mundial Femenina de la FIFA, as\u00ed que lo mejor es reservar con antelaci\u00f3n para asegurar el autom\u00f3vil de su preferencia.\n","protected":false},"excerpt":{"rendered":"","protected":false},"author":1,"featured_media":0,"parent":3510,"menu_order":0,"comment_status":"closed","ping_status":"closed","template":"excursion-template.php","meta":{"om_disable_all_campaigns":false,"footnotes":""},"class_list":["post-3436","page","type-page","status-publish","hentry"],"_links":{"self":[{"href":"https:\/\/www.mydriverparis.com\/es\/wp-json\/wp\/v2\/pages\/3436","targetHints":{"allow":["GET"]}}],"collection":[{"href":"https:\/\/www.mydriverparis.com\/es\/wp-json\/wp\/v2\/pages"}],"about":[{"href":"https:\/\/www.mydriverparis.com\/es\/wp-json\/wp\/v2\/types\/page"}],"author":[{"embeddable":true,"href":"https:\/\/www.mydriverparis.com\/es\/wp-json\/wp\/v2\/users\/1"}],"replies":[{"embeddable":true,"href":"https:\/\/www.mydriverparis.com\/es\/wp-json\/wp\/v2\/comments?post=3436"}],"version-history":[{"count":0,"href":"https:\/\/www.mydriverparis.com\/es\/wp-json\/wp\/v2\/pages\/3436\/revisions"}],"up":[{"embeddable":true,"href":"https:\/\/www.mydriverparis.com\/es\/wp-json\/wp\/v2\/pages\/3510"}],"wp:attachment":[{"href":"https:\/\/www.mydriverparis.com\/es\/wp-json\/wp\/v2\/media?parent=3436"}],"curies":[{"name":"wp","href":"https:\/\/api.w.org\/{rel}","templated":true}]}}