{"id":3440,"date":"2019-02-13T13:32:03","date_gmt":"2019-02-13T12:32:03","guid":{"rendered":"https:\/\/www.mydriverparis.com\/show-automotor-de-paris\/"},"modified":"2019-02-13T13:32:03","modified_gmt":"2019-02-13T12:32:03","slug":"show-automotor-de-paris","status":"publish","type":"page","link":"https:\/\/www.mydriverparis.com\/es\/evento\/show-automotor-de-paris\/","title":{"rendered":"Show Automotor de Par\u00eds"},"content":{"rendered":"<p><img loading=\"lazy\" decoding=\"async\" width=\"300\" height=\"300\" class=\"alignnone size-medium wp-image-916\" src=\"https:\/\/www.mydriverparis.com\/wp-content\/uploads\/2017\/10\/mondial-de-lautomobile-de-paris-300x300.jpg\" alt=\"\" srcset=\"https:\/\/www.mydriverparis.com\/wp-content\/uploads\/2017\/10\/mondial-de-lautomobile-de-paris-300x300.jpg 300w, https:\/\/www.mydriverparis.com\/wp-content\/uploads\/2017\/10\/mondial-de-lautomobile-de-paris-150x150.jpg 150w, https:\/\/www.mydriverparis.com\/wp-content\/uploads\/2017\/10\/mondial-de-lautomobile-de-paris-100x100.jpg 100w, https:\/\/www.mydriverparis.com\/wp-content\/uploads\/2017\/10\/mondial-de-lautomobile-de-paris-70x70.jpg 70w, https:\/\/www.mydriverparis.com\/wp-content\/uploads\/2017\/10\/mondial-de-lautomobile-de-paris-80x80.jpg 80w, https:\/\/www.mydriverparis.com\/wp-content\/uploads\/2017\/10\/mondial-de-lautomobile-de-paris.jpg 387w\" sizes=\"auto, (max-width: 300px) 100vw, 300px\" \/>The\u00a0<b>Paris Motor Show<\/b>\u00a0(French:\u00a0<span lang=\"fr\" xml:lang=\"fr\"><i>Mondial de l&#8217;Automobile<\/i><\/span>) es un espect\u00e1culo bienal en Par\u00eds. Llevado a cabo durante el mes de Octubre, es uno de los espect\u00e1culos automotores m\u00e1s importantes, usualmente presentando muchos autom\u00f3viles de gama alta junto con el debut de muchos conceptos. El show actualmente toma lugar en el Paris expo Porte de Versailles. El \u2018Mondial\u2019 es organizado por la Organizaci\u00f3n Internacional de Constructores de Autom\u00f3viles, los cuales consideran a este un evento internacional gran importancia.<\/p>\n<p>Ahora puede contratar a un chofer para el pr\u00f3ximo Show Automotor de Par\u00eds.<\/p>\n<p>MyDriverParis usualmente presenta una mayor demanda para el Show Automotor de Par\u00eds, as\u00ed que lo mejor es reservar con antelaci\u00f3n para asegurar el autom\u00f3vil de su preferencia.<\/p>\n","protected":false},"excerpt":{"rendered":"","protected":false},"author":1,"featured_media":0,"parent":3510,"menu_order":0,"comment_status":"closed","ping_status":"closed","template":"excursion-template.php","meta":{"om_disable_all_campaigns":false,"footnotes":""},"class_list":["post-3440","page","type-page","status-publish","hentry"],"_links":{"self":[{"href":"https:\/\/www.mydriverparis.com\/es\/wp-json\/wp\/v2\/pages\/3440","targetHints":{"allow":["GET"]}}],"collection":[{"href":"https:\/\/www.mydriverparis.com\/es\/wp-json\/wp\/v2\/pages"}],"about":[{"href":"https:\/\/www.mydriverparis.com\/es\/wp-json\/wp\/v2\/types\/page"}],"author":[{"embeddable":true,"href":"https:\/\/www.mydriverparis.com\/es\/wp-json\/wp\/v2\/users\/1"}],"replies":[{"embeddable":true,"href":"https:\/\/www.mydriverparis.com\/es\/wp-json\/wp\/v2\/comments?post=3440"}],"version-history":[{"count":0,"href":"https:\/\/www.mydriverparis.com\/es\/wp-json\/wp\/v2\/pages\/3440\/revisions"}],"up":[{"embeddable":true,"href":"https:\/\/www.mydriverparis.com\/es\/wp-json\/wp\/v2\/pages\/3510"}],"wp:attachment":[{"href":"https:\/\/www.mydriverparis.com\/es\/wp-json\/wp\/v2\/media?parent=3440"}],"curies":[{"name":"wp","href":"https:\/\/api.w.org\/{rel}","templated":true}]}}