{"id":3442,"date":"2019-02-13T13:35:35","date_gmt":"2019-02-13T12:35:35","guid":{"rendered":"https:\/\/www.mydriverparis.com\/maison-objet\/"},"modified":"2019-02-13T13:35:35","modified_gmt":"2019-02-13T12:35:35","slug":"maison-objet","status":"publish","type":"page","link":"https:\/\/www.mydriverparis.com\/es\/evento\/maison-objet\/","title":{"rendered":"Maison &#038; Objet"},"content":{"rendered":"<p><b><img loading=\"lazy\" decoding=\"async\" width=\"300\" height=\"124\" class=\"alignnone size-medium wp-image-910\" src=\"https:\/\/www.mydriverparis.com\/wp-content\/uploads\/2017\/10\/Best-Design-Trade-Shows-2017-You-Should-Visit-Maison-Objet-300x124.jpg\" alt=\"\" srcset=\"https:\/\/www.mydriverparis.com\/wp-content\/uploads\/2017\/10\/Best-Design-Trade-Shows-2017-You-Should-Visit-Maison-Objet-300x124.jpg 300w, https:\/\/www.mydriverparis.com\/wp-content\/uploads\/2017\/10\/Best-Design-Trade-Shows-2017-You-Should-Visit-Maison-Objet-768x317.jpg 768w, https:\/\/www.mydriverparis.com\/wp-content\/uploads\/2017\/10\/Best-Design-Trade-Shows-2017-You-Should-Visit-Maison-Objet-100x41.jpg 100w, https:\/\/www.mydriverparis.com\/wp-content\/uploads\/2017\/10\/Best-Design-Trade-Shows-2017-You-Should-Visit-Maison-Objet.jpg 800w\" sizes=\"auto, (max-width: 300px) 100vw, 300px\" \/>Maison et Objet\u00a0<\/b><sup id=\"cite_ref-1\" class=\"reference\"><\/sup>es una important\u00edsima feria comercial francesa para el dise\u00f1o de interiores. Llevada a cabo cada 2 a\u00f1os, ha sido calificada entre los 3 eventos europeos m\u00e1s importantes en el tema del dise\u00f1o de interiores. Una gran colecci\u00f3n de innovaci\u00f3n y talento, todo reunido en un solo lugar.<\/p>\n<p>Ahora puede contratar a un chofer para el pr\u00f3ximo Maison &#038; Objet en Par\u00eds.<\/p>\n<p>MyDriverParis usualmente presenta una mayor demanda para la feria Maison &#038; Objet, as\u00ed que lo mejor es reservar con antelaci\u00f3n para asegurar el autom\u00f3vil de su preferencia.<\/p>\n","protected":false},"excerpt":{"rendered":"","protected":false},"author":1,"featured_media":0,"parent":3510,"menu_order":0,"comment_status":"closed","ping_status":"closed","template":"excursion-template.php","meta":{"om_disable_all_campaigns":false,"footnotes":""},"class_list":["post-3442","page","type-page","status-publish","hentry"],"_links":{"self":[{"href":"https:\/\/www.mydriverparis.com\/es\/wp-json\/wp\/v2\/pages\/3442","targetHints":{"allow":["GET"]}}],"collection":[{"href":"https:\/\/www.mydriverparis.com\/es\/wp-json\/wp\/v2\/pages"}],"about":[{"href":"https:\/\/www.mydriverparis.com\/es\/wp-json\/wp\/v2\/types\/page"}],"author":[{"embeddable":true,"href":"https:\/\/www.mydriverparis.com\/es\/wp-json\/wp\/v2\/users\/1"}],"replies":[{"embeddable":true,"href":"https:\/\/www.mydriverparis.com\/es\/wp-json\/wp\/v2\/comments?post=3442"}],"version-history":[{"count":0,"href":"https:\/\/www.mydriverparis.com\/es\/wp-json\/wp\/v2\/pages\/3442\/revisions"}],"up":[{"embeddable":true,"href":"https:\/\/www.mydriverparis.com\/es\/wp-json\/wp\/v2\/pages\/3510"}],"wp:attachment":[{"href":"https:\/\/www.mydriverparis.com\/es\/wp-json\/wp\/v2\/media?parent=3442"}],"curies":[{"name":"wp","href":"https:\/\/api.w.org\/{rel}","templated":true}]}}