{"id":3444,"date":"2019-02-13T13:51:38","date_gmt":"2019-02-13T12:51:38","guid":{"rendered":"https:\/\/www.mydriverparis.com\/las-24-horas-de-le-mans\/"},"modified":"2019-02-13T13:51:39","modified_gmt":"2019-02-13T12:51:39","slug":"las-24-horas-de-le-mans","status":"publish","type":"page","link":"https:\/\/www.mydriverparis.com\/es\/evento\/las-24-horas-de-le-mans\/","title":{"rendered":"Las 24 Horas de Le Mans"},"content":{"rendered":"<img loading=\"lazy\" decoding=\"async\" width=\"300\" height=\"242\" class=\"alignnone size-medium wp-image-1638\" src=\"https:\/\/www.mydriverparis.com\/wp-content\/uploads\/2018\/03\/transfer-driver-24_heures_du_mans-300x242.png\" alt=\"transfer 24 hours of le mans\" srcset=\"https:\/\/www.mydriverparis.com\/wp-content\/uploads\/2018\/03\/transfer-driver-24_heures_du_mans-300x242.png 300w, https:\/\/www.mydriverparis.com\/wp-content\/uploads\/2018\/03\/transfer-driver-24_heures_du_mans-100x81.png 100w, https:\/\/www.mydriverparis.com\/wp-content\/uploads\/2018\/03\/transfer-driver-24_heures_du_mans.png 468w\" sizes=\"auto, (max-width: 300px) 100vw, 300px\" \/><\/p>\n<p>MyDriverParis le ofrece un viaje c\u00f3modo y sencillo con un conductor privado y un auto de lujo hacia Las 24 Horas de Le Mans. Con MyDriverParis obtendr\u00e1s :<\/p>\n<div>\n<div class=\"u-serif-font-main--large\">\n<ul>\n<li>Traslados Privados desde Par\u00eds hacia Le Mans<\/li>\n<li>Transporte puerta-a-puerta totalmente confiable<\/li>\n<li>Precios fijos<\/li>\n<li>Pagos con tarjeta, transferencia electr\u00f3nica<\/li>\n<li>Conductores profesionales de habla inglesa<\/li>\n<\/ul>\n<p>Nuestro chofer puede recogerlo en el aeropuerto, estaci\u00f3n de tren o dondequiera que usted desee en Par\u00eds y llevarlo directamente hacia Las 24 Horas de Le Mans.<\/p>\n<p>MyDriverParis posee una gran variedad de veh\u00edculos de donde puede escoger para su viaje. Estos van desde sedanes de lujo hasta minivans. Para grupos de mayor tama\u00f1o, podemos proveerles un minib\u00fas o un autob\u00fas.<\/p>\n<p>Las 24 Horas de Le Mans (En franc\u00e9s: 24 Heures du Mans) es el evento activo m\u00e1s antiguo de autos de carrera en el estilo de carreras de resistencia, llevado a cabo anualmente desde 1923 cerca de la localidad de Le Mans, Francia. Es una de las carreras de autom\u00f3viles m\u00e1s prestigiosas del mundo y se le ha denominado como el \u201cEl Grand Prix de la Resistencia y la Eficiencia\u201d. El evento representa una de las etapas de la Triple Corona de los deportes de motor; otros eventos siendo la Indian\u00e1polis 500 y el Gran Prix de M\u00f3naco.<\/p>\n<p>La carrera es organizada por el Automobile Club de l\u2019Ouest (ACO) y se lleva a cabo en el Circuit de la Sarthe, el cual contiene una mezcla de carreteras publicas cerradas y secciones de pista dedicadas, en donde los equipos deben balancear las demandas de velocidad con la habilidad de los autos para correr durante 24 horas sin presentar ninguna falla mec\u00e1nica. La brutalidad de esta carrera puede entenderse f\u00e1cilmente al comparar la lista de equipos que parten de la l\u00ednea de salida contra el pu\u00f1ado de autos que sobreviven hasta el final.<\/p>\n<\/div>\n<\/div>\n<div id=\"MxfrOz\">Ahora puede contratar a un chofer para las pr\u00f3ximas 24 Horas de Le Mans.<\/div>\n<p>MyDriverParis usualmente presenta una mayor demanda para Las 24 Horas de Le Mans, as\u00ed que lo mejor es reservar con antelaci\u00f3n para asegurar el autom\u00f3vil de su preferencia.\n","protected":false},"excerpt":{"rendered":"","protected":false},"author":1,"featured_media":0,"parent":3510,"menu_order":0,"comment_status":"closed","ping_status":"closed","template":"excursion-template.php","meta":{"om_disable_all_campaigns":false,"footnotes":""},"class_list":["post-3444","page","type-page","status-publish","hentry"],"_links":{"self":[{"href":"https:\/\/www.mydriverparis.com\/es\/wp-json\/wp\/v2\/pages\/3444","targetHints":{"allow":["GET"]}}],"collection":[{"href":"https:\/\/www.mydriverparis.com\/es\/wp-json\/wp\/v2\/pages"}],"about":[{"href":"https:\/\/www.mydriverparis.com\/es\/wp-json\/wp\/v2\/types\/page"}],"author":[{"embeddable":true,"href":"https:\/\/www.mydriverparis.com\/es\/wp-json\/wp\/v2\/users\/1"}],"replies":[{"embeddable":true,"href":"https:\/\/www.mydriverparis.com\/es\/wp-json\/wp\/v2\/comments?post=3444"}],"version-history":[{"count":0,"href":"https:\/\/www.mydriverparis.com\/es\/wp-json\/wp\/v2\/pages\/3444\/revisions"}],"up":[{"embeddable":true,"href":"https:\/\/www.mydriverparis.com\/es\/wp-json\/wp\/v2\/pages\/3510"}],"wp:attachment":[{"href":"https:\/\/www.mydriverparis.com\/es\/wp-json\/wp\/v2\/media?parent=3444"}],"curies":[{"name":"wp","href":"https:\/\/api.w.org\/{rel}","templated":true}]}}