{"id":3446,"date":"2019-02-13T13:55:48","date_gmt":"2019-02-13T12:55:48","guid":{"rendered":"https:\/\/www.mydriverparis.com\/el-estadio-de-francia\/"},"modified":"2019-02-13T13:55:49","modified_gmt":"2019-02-13T12:55:49","slug":"el-estadio-de-francia","status":"publish","type":"page","link":"https:\/\/www.mydriverparis.com\/es\/evento\/el-estadio-de-francia\/","title":{"rendered":"El Estadio de Francia"},"content":{"rendered":"<img loading=\"lazy\" decoding=\"async\" width=\"300\" height=\"300\" class=\"alignnone size-medium wp-image-1646\" src=\"https:\/\/www.mydriverparis.com\/wp-content\/uploads\/2018\/03\/transfer-driver-stade-de-france-300x300.jpg\" alt=\"\" srcset=\"https:\/\/www.mydriverparis.com\/wp-content\/uploads\/2018\/03\/transfer-driver-stade-de-france-300x300.jpg 300w, https:\/\/www.mydriverparis.com\/wp-content\/uploads\/2018\/03\/transfer-driver-stade-de-france-150x150.jpg 150w, https:\/\/www.mydriverparis.com\/wp-content\/uploads\/2018\/03\/transfer-driver-stade-de-france-100x100.jpg 100w, https:\/\/www.mydriverparis.com\/wp-content\/uploads\/2018\/03\/transfer-driver-stade-de-france.jpg 350w, https:\/\/www.mydriverparis.com\/wp-content\/uploads\/2018\/03\/transfer-driver-stade-de-france-70x70.jpg 70w, https:\/\/www.mydriverparis.com\/wp-content\/uploads\/2018\/03\/transfer-driver-stade-de-france-80x80.jpg 80w\" sizes=\"auto, (max-width: 300px) 100vw, 300px\" \/><\/p>\n<div>\n<div class=\"u-serif-font-main--large\">\n<div>\n<p>MyDriverParis le ofrece un viaje c\u00f3modo y sencillo con un conductor privado y un auto de lujo hacia el Estadio de Francia y de regreso. Con MyDriverParis obtendr\u00e1s :<\/p>\n<ul>\n<li>Traslados Privados desde Par\u00eds hacia El Estadio de Francia<\/li>\n<li>Transporte puerta-a-puerta totalmente confiable<\/li>\n<li>Precios fijos<\/li>\n<li>Pagos con tarjeta, transferencia electr\u00f3nica<\/li>\n<li>Conductores profesionales de habla inglesa<\/li>\n<\/ul>\n<p>Nuestro chofer puede recogerlo en el aeropuerto, estaci\u00f3n de tren o dondequiera que usted desee en Par\u00eds y llevarlo directamente hacia El Estadio de Francia.<\/p>\n<p>MyDriverParis posee una gran variedad de veh\u00edculos de donde puede escoger para su viaje. Estos van desde sedanes de lujo hasta minivans. Para grupos de mayor tama\u00f1o, podemos proveerles un minib\u00fas o un autob\u00fas.<\/p>\n<p>El Estadio de Francia es el estadio nacional este pa\u00eds, ubicado al norte de Par\u00eds en la comuna de Saint-Denis. Su capacidad es de 81.338 asientos, haci\u00e9ndolo el sexto estadio m\u00e1s grande de Europa. Es usado por el equipo nacional franc\u00e9s de f\u00fatbol y el equipo de la uni\u00f3n francesa de rugby para sus competiciones internacionales. El estadio tambi\u00e9n es el d\u00e9cimo m\u00e1s grande del mundo y el m\u00e1s grande de Europa para eventos de atletismo, llegando a tener 78.338 asientos en dicha configuraci\u00f3n. A pesar de esto, la pista de carreras del estadio se encuentra escondida bajo el campo de juego ya que no se han realizado eventos de atletismo de manera regular en el lugar desde el 2017, cuando Meeting de Par\u00eds regreso al Stade S\u00e9bastian Charl\u00e9ty despu\u00e9s de 19 a\u00f1os. Los Campeonatos Europeos de Atletismo ser\u00e1n llevados a cabo aqu\u00ed en Agosto del 2020. Servir\u00e1 como anfitri\u00f3n de las ceremonias de inauguraci\u00f3n y clausura y de los eventos de atletismo de las Olimpiadas de Vera no del 2024.<\/p>\n<\/div>\n<div class=\"ui_qtext_expanded\">MyDriverParis usualmente presenta una mayor demanda para los eventos en el Estadio de Francia, as\u00ed que lo mejor es reservar con antelaci\u00f3n para asegurar el autom\u00f3vil de su preferencia.<\/div>\n<\/div>\n<\/div>\n<p>\n","protected":false},"excerpt":{"rendered":"","protected":false},"author":1,"featured_media":0,"parent":3510,"menu_order":0,"comment_status":"closed","ping_status":"closed","template":"excursion-template.php","meta":{"om_disable_all_campaigns":false,"footnotes":""},"class_list":["post-3446","page","type-page","status-publish","hentry"],"_links":{"self":[{"href":"https:\/\/www.mydriverparis.com\/es\/wp-json\/wp\/v2\/pages\/3446","targetHints":{"allow":["GET"]}}],"collection":[{"href":"https:\/\/www.mydriverparis.com\/es\/wp-json\/wp\/v2\/pages"}],"about":[{"href":"https:\/\/www.mydriverparis.com\/es\/wp-json\/wp\/v2\/types\/page"}],"author":[{"embeddable":true,"href":"https:\/\/www.mydriverparis.com\/es\/wp-json\/wp\/v2\/users\/1"}],"replies":[{"embeddable":true,"href":"https:\/\/www.mydriverparis.com\/es\/wp-json\/wp\/v2\/comments?post=3446"}],"version-history":[{"count":0,"href":"https:\/\/www.mydriverparis.com\/es\/wp-json\/wp\/v2\/pages\/3446\/revisions"}],"up":[{"embeddable":true,"href":"https:\/\/www.mydriverparis.com\/es\/wp-json\/wp\/v2\/pages\/3510"}],"wp:attachment":[{"href":"https:\/\/www.mydriverparis.com\/es\/wp-json\/wp\/v2\/media?parent=3446"}],"curies":[{"name":"wp","href":"https:\/\/api.w.org\/{rel}","templated":true}]}}