{"id":3448,"date":"2019-02-13T18:32:06","date_gmt":"2019-02-13T17:32:06","guid":{"rendered":"https:\/\/www.mydriverparis.com\/servicio-de-chofer-en-burdeos\/"},"modified":"2019-02-13T18:47:56","modified_gmt":"2019-02-13T17:47:56","slug":"servicio-de-chofer-en-burdeos","status":"publish","type":"page","link":"https:\/\/www.mydriverparis.com\/es\/servicio-de-chofer-en-burdeos\/","title":{"rendered":"Alquiler de Coches con Conductor en Burdeos"},"content":{"rendered":"<p><\/p>\n<p style=\"font-weight: 400;\">Bordeaux is one of the world&#8217;s largest urban World Heritage Sites with it\u2019s several Unesco-listed treasures. The city offers a world-class architecture with the elegant symmetry of place de la Bourse, many palaces strung with stone-sculpted\u00a0mascarons\u00a0(faces), and the tree-shaded boulevards laced with\u00a0h\u00f4tels particuliers(mansions) built for 18th-century wine merchants.<\/p>\n<p style=\"font-weight: 400;\">Surrounded by green and sun-drenched vineyards, Bordeaux is the most famous wine capital in the world. Viticulture here is an ancient art and tradition bearing its own unique trademarks and no other vineyards produce as much fine wine.<\/p>\n<p style=\"font-weight: 400;\">Bordeaux enjoys an overwhelming sense of local pride and\u00a0savoir-faire. Paired with the city&#8217;s exceptional dining scene \u2013 a sassy mix of traditional French kitchens, experimental neobistros,\u00a0and\u00a0creative fusion restaurants.<\/p>\n<p style=\"font-weight: 400;\">To navigate and discover the treasures of\u00a0Bordeaux in\u00a0the most confortable way our limousine service will provide you with tailored transfer services. Heading to an important Business Meeting or <a href=\"\/?page_id=1975\">Bordeaux Wine Tour<\/a> ? Planning a sightseeing trip of the city and surroundings ? Need a private chauffeur for a couple of hours\u00a0? Want to find a coach for a group of tourists or colleagues\u00a0?<\/p>\n<p><\/p>\n<h2 style=\"text-align: center;\">Servicio de Chofer en Burdeos<\/h2>\n<p><img loading=\"lazy\" decoding=\"async\" width=\"300\" height=\"147\" class=\"alignnone size-medium wp-image-1924 aligncenter\" src=\"https:\/\/www.mydriverparis.com\/wp-content\/uploads\/2018\/07\/bordeaux-private-driver-300x147.png\" alt=\"bordeaux private driver\" srcset=\"https:\/\/www.mydriverparis.com\/wp-content\/uploads\/2018\/07\/bordeaux-private-driver-300x147.png 300w, https:\/\/www.mydriverparis.com\/wp-content\/uploads\/2018\/07\/bordeaux-private-driver-100x49.png 100w, https:\/\/www.mydriverparis.com\/wp-content\/uploads\/2018\/07\/bordeaux-private-driver.png 672w\" sizes=\"auto, (max-width: 300px) 100vw, 300px\" \/><\/p>\n<h2 style=\"text-align: center;\">Servicio de Chofer en Burdeos<\/h2>\n<h2><img loading=\"lazy\" decoding=\"async\" width=\"300\" height=\"132\" class=\"alignnone size-medium wp-image-1894 aligncenter\" src=\"https:\/\/www.mydriverparis.com\/wp-content\/uploads\/2018\/07\/private-chauffeur-finest-300x132.jpeg\" alt=\"private chauffeur finest\" srcset=\"https:\/\/www.mydriverparis.com\/wp-content\/uploads\/2018\/07\/private-chauffeur-finest-300x132.jpeg 300w, https:\/\/www.mydriverparis.com\/wp-content\/uploads\/2018\/07\/private-chauffeur-finest-100x44.jpeg 100w, https:\/\/www.mydriverparis.com\/wp-content\/uploads\/2018\/07\/private-chauffeur-finest.jpeg 600w\" sizes=\"auto, (max-width: 300px) 100vw, 300px\" \/><\/h2>\n<p><span class=\"m_-6112715640126663576gmail-js-intro-narrative\">MyDriverParis le garantizar\u00e1 servicios personalizados flexibles, r\u00e1pidos y profesionales para una gran variedad de peticiones y circunstancias.<\/span><\/p>\n<p><span class=\"m_-6112715640126663576gmail-js-intro-narrative\">Puede relajarse y reservar con nosotros, MyDriverParis se ocupar\u00e1 de su viaje con puntualidad y todo nuestro profesionalismo.<\/span><\/p>\n<p><span class=\"m_-6112715640126663576gmail-js-intro-narrative\">MyDriverParis ofrece servicios de traslado desde el aeropuerto de Burdeos (Burdeos-M\u00e9rignac), estaciones de tren y traslados de su preferencia en Aquitania o Gironda (Estaci\u00f3n Saint-Jean, Estaci\u00f3n Caud\u00e9ran-M\u00e9rignac\u2026) tours de vino en Burdeos, Saint Emilion, Margaux y tambi\u00e9n traslados desde Burdeos hacia Par\u00eds. Disfrute el momento y la comodidad de un moderno veh\u00edculo de su elecci\u00f3n y rel\u00e1jese mientras que deja que uno de nuestros choferes profesionales lo lleve hacia su destino.<\/span><\/p>\n<h2>Precios<\/h2>\n<table>\n<tbody>\n<tr>\n<td data-title=\"Column 1\">Mercedes Clase E Class<\/td>\n<td data-title=\"Column 1\">Personas: 4<\/td>\n<td data-title=\"Column 1\">Traslado de Aeropuerto: 90\u20ac<\/td>\n<td data-title=\"Column 1\">Precio por Hora: 80\u20ac\/hour<\/td>\n<\/tr>\n<tr>\n<td data-title=\"Column 2\">Mercedes Clase V<\/td>\n<td data-title=\"Column 2\">Personas : 7<\/td>\n<td data-title=\"Column 2\">Traslado de Aeropuerto: 100\u20ac<\/td>\n<td data-title=\"Column 2\">Precio por Hora: 85\u20ac\/hour<\/td>\n<\/tr>\n<tr>\n<td data-title=\"Column 3\">Mercedes Clase S<\/td>\n<td data-title=\"Column 3\">Personas : 4<\/td>\n<td data-title=\"Column 3\">Traslado de Aeropuerto: 160\u20ac<\/td>\n<td data-title=\"Column 3\">Precio por Hora: 95\u20ac\/hour<\/td>\n<\/tr>\n<tr>\n<td data-title=\"Column 4\">Mercedes Sprinter<\/td>\n<td data-title=\"Column 4\">Personas : from 12 to 22<\/td>\n<td data-title=\"Column 4\">Traslado de Aeropuerto: 450\u20ac<\/td>\n<td data-title=\"Column 4\">Precio por Hora: 140\u20ac\/hour<\/td>\n<\/tr>\n<tr>\n<td data-title=\"Column 4\">Mercedes Bus<\/td>\n<td data-title=\"Column 4\">Personas : from 30 to 50<\/td>\n<td data-title=\"Column 4\">Traslado de Aeropuerto: 750\u20ac<\/td>\n<td data-title=\"Column 4\">Precio por Hora: 180\u20ac\/hour<\/td>\n<\/tr>\n<\/tbody>\n<\/table>\n<p>\n<div class=\"wpcf7 no-js\" id=\"wpcf7-f7-o1\" lang=\"fr-FR\" dir=\"ltr\" data-wpcf7-id=\"7\">\n<div class=\"screen-reader-response\"><p role=\"status\" aria-live=\"polite\" aria-atomic=\"true\"><\/p> <ul><\/ul><\/div>\n<form action=\"\/es\/wp-json\/wp\/v2\/pages\/3448#wpcf7-f7-o1\" method=\"post\" class=\"wpcf7-form init\" aria-label=\"Formulaire de contact\" novalidate=\"novalidate\" data-status=\"init\">\n<fieldset class=\"hidden-fields-container\"><input type=\"hidden\" name=\"_wpcf7\" value=\"7\" \/><input type=\"hidden\" name=\"_wpcf7_version\" value=\"6.1.4\" \/><input type=\"hidden\" name=\"_wpcf7_locale\" value=\"fr_FR\" \/><input type=\"hidden\" name=\"_wpcf7_unit_tag\" value=\"wpcf7-f7-o1\" \/><input type=\"hidden\" name=\"_wpcf7_container_post\" value=\"0\" \/><input type=\"hidden\" name=\"_wpcf7_posted_data_hash\" value=\"\" \/><input type=\"hidden\" name=\"_wpcf7_recaptcha_response\" value=\"\" \/>\n<\/fieldset>\n<p><label> Your Name (required)<br \/>\n<span class=\"wpcf7-form-control-wrap\" data-name=\"your-name\"><input size=\"40\" maxlength=\"400\" class=\"wpcf7-form-control wpcf7-text wpcf7-validates-as-required\" aria-required=\"true\" aria-invalid=\"false\" value=\"\" type=\"text\" name=\"your-name\" \/><\/span> <\/label>\n<\/p>\n<p><label> Your Email (required)<br \/>\n<span class=\"wpcf7-form-control-wrap\" data-name=\"your-email\"><input size=\"40\" maxlength=\"400\" class=\"wpcf7-form-control wpcf7-email wpcf7-validates-as-required wpcf7-text wpcf7-validates-as-email\" aria-required=\"true\" aria-invalid=\"false\" value=\"\" type=\"email\" name=\"your-email\" \/><\/span> <\/label>\n<\/p>\n<p><label> Subject<br \/>\n<span class=\"wpcf7-form-control-wrap\" data-name=\"your-subject\"><input size=\"40\" maxlength=\"400\" class=\"wpcf7-form-control wpcf7-text\" aria-invalid=\"false\" value=\"\" type=\"text\" name=\"your-subject\" \/><\/span> <\/label>\n<\/p>\n<p><label> Your Message<br \/>\n<span class=\"wpcf7-form-control-wrap\" data-name=\"your-message\"><textarea cols=\"40\" rows=\"10\" maxlength=\"2000\" class=\"wpcf7-form-control wpcf7-textarea\" aria-invalid=\"false\" name=\"your-message\"><\/textarea><\/span> <\/label><br \/>\n<span class=\"wpcf7-form-control-wrap\" data-name=\"quiz-144\"><label><span class=\"wpcf7-quiz-label\">Which is bigger, 2 or 8?<\/span> <input size=\"40\" class=\"wpcf7-form-control wpcf7-quiz\" autocomplete=\"off\" aria-required=\"true\" aria-invalid=\"false\" type=\"text\" name=\"quiz-144\" \/><\/label><input type=\"hidden\" name=\"_wpcf7_quiz_answer_quiz-144\" value=\"d6fb07eb1abb7ca4ea8d962035f245ae\" \/><\/span><br \/>\n<input value=\"\" type=\"hidden\" name=\"UTM_source\" \/><br \/>\n<input value=\"\" type=\"hidden\" name=\"UTM_medium\" \/><br \/>\n<input value=\"\" type=\"hidden\" name=\"UTM_campaign\" \/><br \/>\n<input value=\"\" type=\"hidden\" name=\"UTM_term\" \/><br \/>\n<input value=\"\" type=\"hidden\" name=\"UTM_content\" \/><br \/>\n<input value=\"\" type=\"hidden\" name=\"gclid\" \/><br \/>\n<input value=\"\" type=\"hidden\" name=\"referrer\" \/>\n<\/p>\n<p><input class=\"wpcf7-form-control wpcf7-submit has-spinner\" type=\"submit\" value=\"Send\" \/>\n<\/p><p style=\"display: none !important;\" class=\"akismet-fields-container\" data-prefix=\"_wpcf7_ak_\"><label>&#916;<textarea name=\"_wpcf7_ak_hp_textarea\" cols=\"45\" rows=\"8\" maxlength=\"100\"><\/textarea><\/label><input type=\"hidden\" id=\"ak_js_1\" name=\"_wpcf7_ak_js\" value=\"204\"\/><script>document.getElementById( \"ak_js_1\" ).setAttribute( \"value\", ( new Date() ).getTime() );<\/script><\/p><div class=\"wpcf7-response-output\" aria-hidden=\"true\"><\/div>\n<\/form>\n<\/div>\n<\/p>\n","protected":false},"excerpt":{"rendered":"","protected":false},"author":1,"featured_media":0,"parent":0,"menu_order":0,"comment_status":"closed","ping_status":"closed","template":"","meta":{"om_disable_all_campaigns":false,"footnotes":""},"class_list":["post-3448","page","type-page","status-publish","hentry"],"_links":{"self":[{"href":"https:\/\/www.mydriverparis.com\/es\/wp-json\/wp\/v2\/pages\/3448","targetHints":{"allow":["GET"]}}],"collection":[{"href":"https:\/\/www.mydriverparis.com\/es\/wp-json\/wp\/v2\/pages"}],"about":[{"href":"https:\/\/www.mydriverparis.com\/es\/wp-json\/wp\/v2\/types\/page"}],"author":[{"embeddable":true,"href":"https:\/\/www.mydriverparis.com\/es\/wp-json\/wp\/v2\/users\/1"}],"replies":[{"embeddable":true,"href":"https:\/\/www.mydriverparis.com\/es\/wp-json\/wp\/v2\/comments?post=3448"}],"version-history":[{"count":0,"href":"https:\/\/www.mydriverparis.com\/es\/wp-json\/wp\/v2\/pages\/3448\/revisions"}],"wp:attachment":[{"href":"https:\/\/www.mydriverparis.com\/es\/wp-json\/wp\/v2\/media?parent=3448"}],"curies":[{"name":"wp","href":"https:\/\/api.w.org\/{rel}","templated":true}]}}