{"id":3466,"date":"2019-02-13T18:53:38","date_gmt":"2019-02-13T17:53:38","guid":{"rendered":"https:\/\/www.mydriverparis.com\/alquiler-de-coches-con-conductor-en-lyon\/"},"modified":"2019-02-13T18:53:39","modified_gmt":"2019-02-13T17:53:39","slug":"alquiler-de-coches-con-conductor-en-lyon","status":"publish","type":"page","link":"https:\/\/www.mydriverparis.com\/es\/alquiler-de-coches-con-conductor-en-lyon\/","title":{"rendered":"Alquiler de coches con conductor en Lyon"},"content":{"rendered":"<p><\/p>\n<p style=\"font-weight: 400;\">Con una rica historia que data desde hace m\u00e1s de 2.000 a\u00f1os, Lyon est\u00e1 situada en el punto de encuentro de los r\u00edos Rh\u00f4ne y Sa\u00f4ne y descansa bajo las impresionantes colinas de Fourvi\u00e8re y Croix Rousse.<\/p>\n<p style=\"font-weight: 400;\">Puede encontrar una maravillosa herencia arquitect\u00f3nica. Entre sus varios distritos, Lyon exhibe un amplio rango de estilos arquitect\u00f3nicos. Desde los vestigios romanos en el distrito de Fourvi\u00e8re hasta los pasillos \u201cTraboule\u201d del distrito renacentista de Vieux-Lyon.<\/p>\n<p style=\"font-weight: 400;\">Lyon es famosa mundialmente por su arte del buen vivir. Con una gran cantidad de restaurantes de 5 estrellas Michelin, chefs famosos, restaurantes \u201cbouchon\u201d t\u00edpicos, caf\u00e9 bistr\u00f3s y sus experiencias culinarias de vanguardia.<\/p>\n<p style=\"font-weight: 400;\">La ciudad vibra con sus muchos eventos. Algunos de los m\u00e1s famosos incluyen el Festival de las Luces, el Biennale de Arte Contempor\u00e1neo, el Biennale de Baile, el Nuits Sonores (festival de m\u00fasica electr\u00f3nica), el festival de artes interpretativas Nuits de Fourvi\u00e8re, el festival de crimen de ficci\u00f3n Quais du Polar y el Gran Festival de Cine de Lyon.<\/p>\n<p><\/p>\n<h2 style=\"text-align: center;\">Servicio de Chofer en Lyon<\/h2>\n<p><img loading=\"lazy\" decoding=\"async\" width=\"300\" height=\"125\" class=\"alignnone size-medium wp-image-1907 aligncenter\" src=\"https:\/\/www.mydriverparis.com\/wp-content\/uploads\/2018\/07\/lyon_private_driver-300x125.jpg\" alt=\"lyon private driver\" srcset=\"https:\/\/www.mydriverparis.com\/wp-content\/uploads\/2018\/07\/lyon_private_driver-300x125.jpg 300w, https:\/\/www.mydriverparis.com\/wp-content\/uploads\/2018\/07\/lyon_private_driver-100x42.jpg 100w, https:\/\/www.mydriverparis.com\/wp-content\/uploads\/2018\/07\/lyon_private_driver.jpg 600w\" sizes=\"auto, (max-width: 300px) 100vw, 300px\" \/><\/p>\n<h2 style=\"text-align: center;\">Su chofer privado en Lyon<\/h2>\n<p><img loading=\"lazy\" decoding=\"async\" width=\"300\" height=\"132\" class=\"alignnone size-medium wp-image-1894 aligncenter\" src=\"https:\/\/www.mydriverparis.com\/wp-content\/uploads\/2018\/07\/private-chauffeur-finest-300x132.jpeg\" alt=\"private chauffeur finest\" srcset=\"https:\/\/www.mydriverparis.com\/wp-content\/uploads\/2018\/07\/private-chauffeur-finest-300x132.jpeg 300w, https:\/\/www.mydriverparis.com\/wp-content\/uploads\/2018\/07\/private-chauffeur-finest-100x44.jpeg 100w, https:\/\/www.mydriverparis.com\/wp-content\/uploads\/2018\/07\/private-chauffeur-finest.jpeg 600w\" sizes=\"auto, (max-width: 300px) 100vw, 300px\" \/>Para navegar y descubrir la hermosa ciudad de Lyon de la manera m\u00e1s c\u00f3moda, nuestro servicio de limosina le proveer\u00e1 con servicios de traslado personalizados. \u00bfSe dirige a una importante Reuni\u00f3n de Negocios? \u00bfPlanea un viaje de placer por la ciudad y sus alrededores? \u00bfNecesita un chofer privado por un par de horas? \u00bfDesea encontrar un autob\u00fas para un grupo de turistas o colegas?<\/p>\n<p>MyDriverParis le garantizar\u00e1 servicios personalizados flexibles, r\u00e1pidos y profesionales para una gran variedad de peticiones y circunstancias.<\/p>\n<p>Puede relajarse y reservar con nosotros, MyDriverParis se ocupar\u00e1 de su viaje con puntualidad y todo nuestro profesionalismo.<\/p>\n<p>MyDriverParis ofrece servicios de traslado desde los aeropuertos de Lyon (Lyon-Saint-Exup\u00e9ry o Lyon-Bron), estaciones de tren y traslados de su preferencia en Rh\u00f2ne-Alpes (Estaci\u00f3n Lyon Part-Dieu, Estaci\u00f3n Lyon Saint Exp\u00e8ry, Estaci\u00f3n de tren Valence\u2026) y traslados de Par\u00eds a Lyon y de regreso. Disfrute el momento y la comodidad de un moderno veh\u00edculo de su elecci\u00f3n y rel\u00e1jese mientras que deja que uno de nuestros choferes profesionales lo lleve hacia su destino.<\/p>\n<h2>Precios<\/h2>\n<table>\n<tbody>\n<tr>\n<td data-title=\"Column 1\">Mercedes Clase E Class<\/td>\n<td data-title=\"Column 1\">Personas: 4<\/td>\n<td data-title=\"Column 1\">Traslado de Aeropuerto: 90\u20ac<\/td>\n<td data-title=\"Column 1\">Precio por Hora: 80\u20ac\/hour<\/td>\n<\/tr>\n<tr>\n<td data-title=\"Column 2\">Mercedes Clase V<\/td>\n<td data-title=\"Column 2\">Personas : 7<\/td>\n<td data-title=\"Column 2\">Traslado de Aeropuerto: 100\u20ac<\/td>\n<td data-title=\"Column 2\">Precio por Hora: 85\u20ac\/hour<\/td>\n<\/tr>\n<tr>\n<td data-title=\"Column 3\">Mercedes Clase S<\/td>\n<td data-title=\"Column 3\">Personas : 4<\/td>\n<td data-title=\"Column 3\">Traslado de Aeropuerto: 160\u20ac<\/td>\n<td data-title=\"Column 3\">Precio por Hora: 95\u20ac\/hour<\/td>\n<\/tr>\n<tr>\n<td data-title=\"Column 4\">Mercedes Sprinter<\/td>\n<td data-title=\"Column 4\">Personas : from 12 to 22<\/td>\n<td data-title=\"Column 4\">Traslado de Aeropuerto: 450\u20ac<\/td>\n<td data-title=\"Column 4\">Precio por Hora: 140\u20ac\/hour<\/td>\n<\/tr>\n<tr>\n<td data-title=\"Column 4\">Mercedes Bus<\/td>\n<td data-title=\"Column 4\">Personas : from 30 to 50<\/td>\n<td data-title=\"Column 4\">Traslado de Aeropuerto: 750\u20ac<\/td>\n<td data-title=\"Column 4\">Precio por Hora: 180\u20ac\/hour<\/td>\n<\/tr>\n<\/tbody>\n<\/table>\n<p>\n<div class=\"wpcf7 no-js\" id=\"wpcf7-f7-o1\" lang=\"fr-FR\" dir=\"ltr\" data-wpcf7-id=\"7\">\n<div class=\"screen-reader-response\"><p role=\"status\" aria-live=\"polite\" aria-atomic=\"true\"><\/p> <ul><\/ul><\/div>\n<form action=\"\/es\/wp-json\/wp\/v2\/pages\/3466#wpcf7-f7-o1\" method=\"post\" class=\"wpcf7-form init\" aria-label=\"Formulaire de contact\" novalidate=\"novalidate\" data-status=\"init\">\n<fieldset class=\"hidden-fields-container\"><input type=\"hidden\" name=\"_wpcf7\" value=\"7\" \/><input type=\"hidden\" name=\"_wpcf7_version\" value=\"6.1.4\" \/><input type=\"hidden\" name=\"_wpcf7_locale\" value=\"fr_FR\" \/><input type=\"hidden\" name=\"_wpcf7_unit_tag\" value=\"wpcf7-f7-o1\" \/><input type=\"hidden\" name=\"_wpcf7_container_post\" value=\"0\" \/><input type=\"hidden\" name=\"_wpcf7_posted_data_hash\" value=\"\" \/><input type=\"hidden\" name=\"_wpcf7_recaptcha_response\" value=\"\" \/>\n<\/fieldset>\n<p><label> Your Name (required)<br \/>\n<span class=\"wpcf7-form-control-wrap\" data-name=\"your-name\"><input size=\"40\" maxlength=\"400\" class=\"wpcf7-form-control wpcf7-text wpcf7-validates-as-required\" aria-required=\"true\" aria-invalid=\"false\" value=\"\" type=\"text\" name=\"your-name\" \/><\/span> <\/label>\n<\/p>\n<p><label> Your Email (required)<br \/>\n<span class=\"wpcf7-form-control-wrap\" data-name=\"your-email\"><input size=\"40\" maxlength=\"400\" class=\"wpcf7-form-control wpcf7-email wpcf7-validates-as-required wpcf7-text wpcf7-validates-as-email\" aria-required=\"true\" aria-invalid=\"false\" value=\"\" type=\"email\" name=\"your-email\" \/><\/span> <\/label>\n<\/p>\n<p><label> Subject<br \/>\n<span class=\"wpcf7-form-control-wrap\" data-name=\"your-subject\"><input size=\"40\" maxlength=\"400\" class=\"wpcf7-form-control wpcf7-text\" aria-invalid=\"false\" value=\"\" type=\"text\" name=\"your-subject\" \/><\/span> <\/label>\n<\/p>\n<p><label> Your Message<br \/>\n<span class=\"wpcf7-form-control-wrap\" data-name=\"your-message\"><textarea cols=\"40\" rows=\"10\" maxlength=\"2000\" class=\"wpcf7-form-control wpcf7-textarea\" aria-invalid=\"false\" name=\"your-message\"><\/textarea><\/span> <\/label><br \/>\n<span class=\"wpcf7-form-control-wrap\" data-name=\"quiz-144\"><label><span class=\"wpcf7-quiz-label\">Which is bigger, 2 or 8?<\/span> <input size=\"40\" class=\"wpcf7-form-control wpcf7-quiz\" autocomplete=\"off\" aria-required=\"true\" aria-invalid=\"false\" type=\"text\" name=\"quiz-144\" \/><\/label><input type=\"hidden\" name=\"_wpcf7_quiz_answer_quiz-144\" value=\"d6fb07eb1abb7ca4ea8d962035f245ae\" \/><\/span><br \/>\n<input value=\"\" type=\"hidden\" name=\"UTM_source\" \/><br \/>\n<input value=\"\" type=\"hidden\" name=\"UTM_medium\" \/><br \/>\n<input value=\"\" type=\"hidden\" name=\"UTM_campaign\" \/><br \/>\n<input value=\"\" type=\"hidden\" name=\"UTM_term\" \/><br \/>\n<input value=\"\" type=\"hidden\" name=\"UTM_content\" \/><br \/>\n<input value=\"\" type=\"hidden\" name=\"gclid\" \/><br \/>\n<input value=\"\" type=\"hidden\" name=\"referrer\" \/>\n<\/p>\n<p><input class=\"wpcf7-form-control wpcf7-submit has-spinner\" type=\"submit\" value=\"Send\" \/>\n<\/p><p style=\"display: none !important;\" class=\"akismet-fields-container\" data-prefix=\"_wpcf7_ak_\"><label>&#916;<textarea name=\"_wpcf7_ak_hp_textarea\" cols=\"45\" rows=\"8\" maxlength=\"100\"><\/textarea><\/label><input type=\"hidden\" id=\"ak_js_1\" name=\"_wpcf7_ak_js\" value=\"40\"\/><script>document.getElementById( \"ak_js_1\" ).setAttribute( \"value\", ( new Date() ).getTime() );<\/script><\/p><div class=\"wpcf7-response-output\" aria-hidden=\"true\"><\/div>\n<\/form>\n<\/div>\n<\/p>\n","protected":false},"excerpt":{"rendered":"","protected":false},"author":1,"featured_media":0,"parent":0,"menu_order":0,"comment_status":"closed","ping_status":"closed","template":"","meta":{"om_disable_all_campaigns":false,"footnotes":""},"class_list":["post-3466","page","type-page","status-publish","hentry"],"_links":{"self":[{"href":"https:\/\/www.mydriverparis.com\/es\/wp-json\/wp\/v2\/pages\/3466","targetHints":{"allow":["GET"]}}],"collection":[{"href":"https:\/\/www.mydriverparis.com\/es\/wp-json\/wp\/v2\/pages"}],"about":[{"href":"https:\/\/www.mydriverparis.com\/es\/wp-json\/wp\/v2\/types\/page"}],"author":[{"embeddable":true,"href":"https:\/\/www.mydriverparis.com\/es\/wp-json\/wp\/v2\/users\/1"}],"replies":[{"embeddable":true,"href":"https:\/\/www.mydriverparis.com\/es\/wp-json\/wp\/v2\/comments?post=3466"}],"version-history":[{"count":0,"href":"https:\/\/www.mydriverparis.com\/es\/wp-json\/wp\/v2\/pages\/3466\/revisions"}],"wp:attachment":[{"href":"https:\/\/www.mydriverparis.com\/es\/wp-json\/wp\/v2\/media?parent=3466"}],"curies":[{"name":"wp","href":"https:\/\/api.w.org\/{rel}","templated":true}]}}