{"id":3487,"date":"2019-02-13T19:01:30","date_gmt":"2019-02-13T18:01:30","guid":{"rendered":"https:\/\/www.mydriverparis.com\/alquiler-de-coches-con-conductor-en-niza\/"},"modified":"2019-02-13T19:01:32","modified_gmt":"2019-02-13T18:01:32","slug":"alquiler-de-coches-con-conductor-en-niza","status":"publish","type":"page","link":"https:\/\/www.mydriverparis.com\/es\/alquiler-de-coches-con-conductor-en-niza\/","title":{"rendered":"Alquiler de coches con conductor en Niza"},"content":{"rendered":"<p>Capital de la Rivera Francesa, Niza est\u00e1 situada entre el mar y las monta\u00f1as, al sur de Francia y Europa central y a tan solo unos kil\u00f3metros de la frontera con Italia. Ciudad de historia, cultura, arte, creatividad, eventos, ocio, naturaleza, dulzura y gustos\u2026 Niza cultiva el encanto de sus diferencias al ofrecer un innumerable n\u00famero de visitas y actividades.<\/p>\n<p>Niza, con sus impecables jardines florales con especies mediterr\u00e1neas y ex\u00f3ticas, peque\u00f1os hoteles y boutiques, palacios con hermosas fachadas, boutiques de moda representando las mejores marcas de alta costura y perfumes franceses, artesan\u00edas, museos y galer\u00edas de arte, restaurantes famosos junto con los peque\u00f1os restaurantes t\u00edpicos y los deliciosos vinos de los antiguos vi\u00f1edos hacen que sea el destino ideal para todos. Su paseo mar\u00edtimo, mercados coloridos e incomparables aromas, su antiguo pueblo con calles t\u00edpicas y vivaces, tesores del arte barroco, edificios cuya arquitectura refleja el esplendor del pasado, sus peque\u00f1as plazas llenas de encanto, caf\u00e9s, pubs junto con su carnaval de renombre mundial y varios festivales son muchos de los componentes que dan vida al romance y arte franc\u00e9s \u00a1durante todo el a\u00f1o!<\/p>\n<h2 style=\"text-align: center;\"><strong>Servicio de Chofer y Automovil\u00edstico en Niza<\/strong><\/h2>\n<h2><strong><img loading=\"lazy\" decoding=\"async\" width=\"300\" height=\"167\" class=\"alignnone size-medium wp-image-1971 aligncenter\" src=\"https:\/\/www.mydriverparis.com\/wp-content\/uploads\/2018\/07\/nice-private-driver-300x167.jpg\" alt=\"nice private driver\" srcset=\"https:\/\/www.mydriverparis.com\/wp-content\/uploads\/2018\/07\/nice-private-driver-300x167.jpg 300w, https:\/\/www.mydriverparis.com\/wp-content\/uploads\/2018\/07\/nice-private-driver-768x427.jpg 768w, https:\/\/www.mydriverparis.com\/wp-content\/uploads\/2018\/07\/nice-private-driver-100x56.jpg 100w, https:\/\/www.mydriverparis.com\/wp-content\/uploads\/2018\/07\/nice-private-driver-110x60.jpg 110w, https:\/\/www.mydriverparis.com\/wp-content\/uploads\/2018\/07\/nice-private-driver.jpg 800w\" sizes=\"auto, (max-width: 300px) 100vw, 300px\" \/><\/strong><\/h2>\n<p><\/p>\n<h2 style=\"text-align: center;\"><strong>Su chofer privado en Niza<\/strong><\/h2>\n<h2><strong><img loading=\"lazy\" decoding=\"async\" width=\"300\" height=\"132\" class=\"alignnone size-medium wp-image-1894 aligncenter\" src=\"https:\/\/www.mydriverparis.com\/wp-content\/uploads\/2018\/07\/private-chauffeur-finest-300x132.jpeg\" alt=\"private chauffeur finest\" srcset=\"https:\/\/www.mydriverparis.com\/wp-content\/uploads\/2018\/07\/private-chauffeur-finest-300x132.jpeg 300w, https:\/\/www.mydriverparis.com\/wp-content\/uploads\/2018\/07\/private-chauffeur-finest-100x44.jpeg 100w, https:\/\/www.mydriverparis.com\/wp-content\/uploads\/2018\/07\/private-chauffeur-finest.jpeg 600w\" sizes=\"auto, (max-width: 300px) 100vw, 300px\" \/><\/strong><\/h2>\n<p>To navigate and discover the treasures of Nice in the most confortable way our limousine service will provide you with tailored transfer services. Heading to an important Business Meeting\u00a0? Planning a sightseeing trip of the city and surroundings ? Need a private chauffeur for a couple of hours\u00a0? Want to find a coach for a group of tourists or colleagues\u00a0?<\/p>\n<p>Mydriverparis will guarantee flexible, fast and professional services tailored on a variety of requests and circumstances.<\/p>\n<p>You can book and relax, MyDriverParis will take care of your travel with punctuality and\u00a0high professionalism.<\/p>\n<p>MyDriverParis offers transfer services from the airports of Nice (<a href=\"\/?page_id=1954\">Nice Airport<\/a>, Cannes \u2013 Mandelieu\u00a0Airport), train stations and transfers of your choice in C\u00f4te d\u2019Azur (Nice, Cannes, Monte Carlo, Antibes\u2026). Enjoy a moment of comfort in a latest generation vehicle of your choice, and relax as you let one of our professional chauffeurs drive you to your destination.<\/p>\n<h2>Precios<\/h2>\n<table>\n<tbody>\n<tr>\n<td data-title=\"Column 1\">Mercedes Clase E Class<\/td>\n<td data-title=\"Column 1\">Personas: 4<\/td>\n<td data-title=\"Column 1\">Traslado de Aeropuerto: 90\u20ac<\/td>\n<td data-title=\"Column 1\">Precio por Hora: 80\u20ac\/hour<\/td>\n<\/tr>\n<tr>\n<td data-title=\"Column 2\">Mercedes Clase V<\/td>\n<td data-title=\"Column 2\">Personas : 7<\/td>\n<td data-title=\"Column 2\">Traslado de Aeropuerto: 100\u20ac<\/td>\n<td data-title=\"Column 2\">Precio por Hora: 85\u20ac\/hour<\/td>\n<\/tr>\n<tr>\n<td data-title=\"Column 3\">Mercedes Clase S<\/td>\n<td data-title=\"Column 3\">Personas : 4<\/td>\n<td data-title=\"Column 3\">Traslado de Aeropuerto: 160\u20ac<\/td>\n<td data-title=\"Column 3\">Precio por Hora: 95\u20ac\/hour<\/td>\n<\/tr>\n<tr>\n<td data-title=\"Column 4\">Mercedes Sprinter<\/td>\n<td data-title=\"Column 4\">Personas : from 12 to 22<\/td>\n<td data-title=\"Column 4\">Traslado de Aeropuerto: 450\u20ac<\/td>\n<td data-title=\"Column 4\">Precio por Hora: 140\u20ac\/hour<\/td>\n<\/tr>\n<tr>\n<td data-title=\"Column 4\">Mercedes Bus<\/td>\n<td data-title=\"Column 4\">Personas : from 30 to 50<\/td>\n<td data-title=\"Column 4\">Traslado de Aeropuerto: 750\u20ac<\/td>\n<td data-title=\"Column 4\">Precio por Hora: 180\u20ac\/hour<\/td>\n<\/tr>\n<\/tbody>\n<\/table>\n<p>\n<div class=\"wpcf7 no-js\" id=\"wpcf7-f7-o1\" lang=\"fr-FR\" dir=\"ltr\" data-wpcf7-id=\"7\">\n<div class=\"screen-reader-response\"><p role=\"status\" aria-live=\"polite\" aria-atomic=\"true\"><\/p> <ul><\/ul><\/div>\n<form action=\"\/es\/wp-json\/wp\/v2\/pages\/3487#wpcf7-f7-o1\" method=\"post\" class=\"wpcf7-form init\" aria-label=\"Formulaire de contact\" novalidate=\"novalidate\" data-status=\"init\">\n<fieldset class=\"hidden-fields-container\"><input type=\"hidden\" name=\"_wpcf7\" value=\"7\" \/><input type=\"hidden\" name=\"_wpcf7_version\" value=\"6.1.4\" \/><input type=\"hidden\" name=\"_wpcf7_locale\" value=\"fr_FR\" \/><input type=\"hidden\" name=\"_wpcf7_unit_tag\" value=\"wpcf7-f7-o1\" \/><input type=\"hidden\" name=\"_wpcf7_container_post\" value=\"0\" \/><input type=\"hidden\" name=\"_wpcf7_posted_data_hash\" value=\"\" \/><input type=\"hidden\" name=\"_wpcf7_recaptcha_response\" value=\"\" \/>\n<\/fieldset>\n<p><label> Your Name (required)<br \/>\n<span class=\"wpcf7-form-control-wrap\" data-name=\"your-name\"><input size=\"40\" maxlength=\"400\" class=\"wpcf7-form-control wpcf7-text wpcf7-validates-as-required\" aria-required=\"true\" aria-invalid=\"false\" value=\"\" type=\"text\" name=\"your-name\" \/><\/span> <\/label>\n<\/p>\n<p><label> Your Email (required)<br \/>\n<span class=\"wpcf7-form-control-wrap\" data-name=\"your-email\"><input size=\"40\" maxlength=\"400\" class=\"wpcf7-form-control wpcf7-email wpcf7-validates-as-required wpcf7-text wpcf7-validates-as-email\" aria-required=\"true\" aria-invalid=\"false\" value=\"\" type=\"email\" name=\"your-email\" \/><\/span> <\/label>\n<\/p>\n<p><label> Subject<br \/>\n<span class=\"wpcf7-form-control-wrap\" data-name=\"your-subject\"><input size=\"40\" maxlength=\"400\" class=\"wpcf7-form-control wpcf7-text\" aria-invalid=\"false\" value=\"\" type=\"text\" name=\"your-subject\" \/><\/span> <\/label>\n<\/p>\n<p><label> Your Message<br \/>\n<span class=\"wpcf7-form-control-wrap\" data-name=\"your-message\"><textarea cols=\"40\" rows=\"10\" maxlength=\"2000\" class=\"wpcf7-form-control wpcf7-textarea\" aria-invalid=\"false\" name=\"your-message\"><\/textarea><\/span> <\/label><br \/>\n<span class=\"wpcf7-form-control-wrap\" data-name=\"quiz-144\"><label><span class=\"wpcf7-quiz-label\">Which is bigger, 2 or 8?<\/span> <input size=\"40\" class=\"wpcf7-form-control wpcf7-quiz\" autocomplete=\"off\" aria-required=\"true\" aria-invalid=\"false\" type=\"text\" name=\"quiz-144\" \/><\/label><input type=\"hidden\" name=\"_wpcf7_quiz_answer_quiz-144\" value=\"d6fb07eb1abb7ca4ea8d962035f245ae\" \/><\/span><br \/>\n<input value=\"\" type=\"hidden\" name=\"UTM_source\" \/><br \/>\n<input value=\"\" type=\"hidden\" name=\"UTM_medium\" \/><br \/>\n<input value=\"\" type=\"hidden\" name=\"UTM_campaign\" \/><br \/>\n<input value=\"\" type=\"hidden\" name=\"UTM_term\" \/><br \/>\n<input value=\"\" type=\"hidden\" name=\"UTM_content\" \/><br \/>\n<input value=\"\" type=\"hidden\" name=\"gclid\" \/><br \/>\n<input value=\"\" type=\"hidden\" name=\"referrer\" \/>\n<\/p>\n<p><input class=\"wpcf7-form-control wpcf7-submit has-spinner\" type=\"submit\" value=\"Send\" \/>\n<\/p><p style=\"display: none !important;\" class=\"akismet-fields-container\" data-prefix=\"_wpcf7_ak_\"><label>&#916;<textarea name=\"_wpcf7_ak_hp_textarea\" cols=\"45\" rows=\"8\" maxlength=\"100\"><\/textarea><\/label><input type=\"hidden\" id=\"ak_js_1\" name=\"_wpcf7_ak_js\" value=\"150\"\/><script>document.getElementById( \"ak_js_1\" ).setAttribute( \"value\", ( new Date() ).getTime() );<\/script><\/p><div class=\"wpcf7-response-output\" aria-hidden=\"true\"><\/div>\n<\/form>\n<\/div>\n<\/p>\n","protected":false},"excerpt":{"rendered":"","protected":false},"author":1,"featured_media":0,"parent":0,"menu_order":0,"comment_status":"closed","ping_status":"closed","template":"","meta":{"om_disable_all_campaigns":false,"footnotes":""},"class_list":["post-3487","page","type-page","status-publish","hentry"],"_links":{"self":[{"href":"https:\/\/www.mydriverparis.com\/es\/wp-json\/wp\/v2\/pages\/3487","targetHints":{"allow":["GET"]}}],"collection":[{"href":"https:\/\/www.mydriverparis.com\/es\/wp-json\/wp\/v2\/pages"}],"about":[{"href":"https:\/\/www.mydriverparis.com\/es\/wp-json\/wp\/v2\/types\/page"}],"author":[{"embeddable":true,"href":"https:\/\/www.mydriverparis.com\/es\/wp-json\/wp\/v2\/users\/1"}],"replies":[{"embeddable":true,"href":"https:\/\/www.mydriverparis.com\/es\/wp-json\/wp\/v2\/comments?post=3487"}],"version-history":[{"count":0,"href":"https:\/\/www.mydriverparis.com\/es\/wp-json\/wp\/v2\/pages\/3487\/revisions"}],"wp:attachment":[{"href":"https:\/\/www.mydriverparis.com\/es\/wp-json\/wp\/v2\/media?parent=3487"}],"curies":[{"name":"wp","href":"https:\/\/api.w.org\/{rel}","templated":true}]}}