{"id":3495,"date":"2019-02-13T19:06:02","date_gmt":"2019-02-13T18:06:02","guid":{"rendered":"https:\/\/www.mydriverparis.com\/aviso-legal\/"},"modified":"2019-02-13T19:06:02","modified_gmt":"2019-02-13T18:06:02","slug":"aviso-legal","status":"publish","type":"page","link":"https:\/\/www.mydriverparis.com\/es\/aviso-legal\/","title":{"rendered":"Aviso Legal"},"content":{"rendered":"<h1 class=\"h1\">AVISO LEGAL:<\/h1>\n<p>&nbsp;<\/p>\n<address>\n<div class=\"with-margin\">SARL KAVENTURE<\/div>\n<div class=\"with-margin\">3 CHEMIN DES CH\u00caNES VERT<\/div>\n<div class=\"with-margin\">04700 ORAISON<\/div>\n<div class=\"with-margin\">E-Mail: contact@mydriverparis.com<\/div>\n<div class=\"with-margin\">Director Ejecutivo: Sylvain KATCHIKIAN<\/div>\n<div class=\"with-margin\">Registrado en: N\u00b0 RCS : 751 219 916 MANOSQUE<\/div>\n<div class=\"with-margin\">Resoluci\u00f3n de disputas en l\u00ednea de acuerdo con el Art. 14(a) de la Regulaci\u00f3n-ODR: La Comisi\u00f3n Europea provee una plataforma para la resoluci\u00f3n de disputas en l\u00ednea (OS) a la cual se puede acceder en\u00a0<a href=\"http:\/\/ec.europa.eu\/consumers\/odr\/\">http:\/\/ec.europa.eu\/consumers\/odr\/<\/a><\/div>\n<\/address>\n","protected":false},"excerpt":{"rendered":"<p>AVISO LEGAL: &nbsp; SARL KAVENTURE 3 CHEMIN DES CH\u00caNES VERT 04700 ORAISON E-Mail: contact@mydriverparis.com Director Ejecutivo: Sylvain KATCHIKIAN Registrado en: N\u00b0 RCS : 751 219 916 MANOSQUE Resoluci\u00f3n de disputas en l\u00ednea de acuerdo con el Art. 14(a) de la Regulaci\u00f3n-ODR: La Comisi\u00f3n Europea provee una plataforma para la resoluci\u00f3n de disputas en l\u00ednea (OS) [&hellip;]<\/p>\n","protected":false},"author":1,"featured_media":0,"parent":0,"menu_order":0,"comment_status":"closed","ping_status":"closed","template":"","meta":{"om_disable_all_campaigns":false,"footnotes":""},"class_list":["post-3495","page","type-page","status-publish","hentry"],"_links":{"self":[{"href":"https:\/\/www.mydriverparis.com\/es\/wp-json\/wp\/v2\/pages\/3495","targetHints":{"allow":["GET"]}}],"collection":[{"href":"https:\/\/www.mydriverparis.com\/es\/wp-json\/wp\/v2\/pages"}],"about":[{"href":"https:\/\/www.mydriverparis.com\/es\/wp-json\/wp\/v2\/types\/page"}],"author":[{"embeddable":true,"href":"https:\/\/www.mydriverparis.com\/es\/wp-json\/wp\/v2\/users\/1"}],"replies":[{"embeddable":true,"href":"https:\/\/www.mydriverparis.com\/es\/wp-json\/wp\/v2\/comments?post=3495"}],"version-history":[{"count":0,"href":"https:\/\/www.mydriverparis.com\/es\/wp-json\/wp\/v2\/pages\/3495\/revisions"}],"wp:attachment":[{"href":"https:\/\/www.mydriverparis.com\/es\/wp-json\/wp\/v2\/media?parent=3495"}],"curies":[{"name":"wp","href":"https:\/\/api.w.org\/{rel}","templated":true}]}}