{"id":3499,"date":"2019-02-15T21:46:29","date_gmt":"2019-02-15T20:46:29","guid":{"rendered":"https:\/\/www.mydriverparis.com\/politica-de-privacidad\/"},"modified":"2019-02-15T21:46:29","modified_gmt":"2019-02-15T20:46:29","slug":"politica-de-privacidad","status":"publish","type":"page","link":"https:\/\/www.mydriverparis.com\/es\/politica-de-privacidad\/","title":{"rendered":"Pol\u00edtica de privacidad"},"content":{"rendered":"<h2>\u00a01. INTRODUCCI\u00d3N<\/h2>\n<p>Nosotros, KAVENTURE (De aqu\u00ed en adelante referidos como \u201cMyDriverParis\u201d) tomamos muy en serio la protecci\u00f3n de sus datos privados y los protegemos cuando dichos datos son procesados, de acuerdo con las leyes aplicables de protecci\u00f3n de datos.<br \/>\nEstas provisiones sobre protecci\u00f3n de datos le entregan informaci\u00f3n detallada a usted, el usuario, acerca del tipo, extensi\u00f3n y prop\u00f3sitos de la recolecci\u00f3n, aplicaci\u00f3n y uso de datos personales por MyDriverParis, el proveedor responsable de estos servicios. Esta declaraci\u00f3n de privacidad de datos aplica de la misma manera a los servicios ofrecidos mediante la plataforma en l\u00ednea, al igual que a cualquier funci\u00f3n en plataformas en l\u00ednea de terceros y aplicaciones para dispositivos m\u00f3viles (\u201cServicios de MyDriverParis\u201d).<\/p>\n<h2>\u00a02. PROCESAMIENTO DE DATOS Y TRANSFERENCIA DE DATOS<\/h2>\n<h3>2.1 PROCESAMIENTOPOR MYDRIVER PARIS<br \/>\n<\/h3>\n<p>Los Servicios de MyDriverParis procesaran los datos personales del usuario, solo hasta donde sea necesario para justificar y ejecutar los Servicios de MyDriverParis, para el dise\u00f1o relacionado al contenido o modificaci\u00f3n de los acuerdo del uso del mismo o para transacciones de negocios singulares. Los datos solo ser\u00e1n procesados si el usuario ha dado su consentimiento.<br \/>\nPara seguir mejorando y desarrollando los Servicios de MyDriverParis, MyDriverParis usar\u00e1 herramientas de an\u00e1lisis para obtener informaci\u00f3n tales como, el comportamiento en el uso de las Aplicaciones y Sitio Web de MyDriverParis, por cuanto tiempo, el origen del usuario en cuanto al canal, el nombre del sitio web al que se accedi\u00f3, archivos descargados, fecha y hora del acceso y el tipo de navegador utilizado, etc. Tambi\u00e9n utilizaremos cualquier data conectada con el uso de nuestros servicios para crear publicidades para nuestros servicios que est\u00e9n optimizados para el inter\u00e9s del usuario.<br \/>\nSujeto a \u00a7 7 para 3 UWG tenemos el derecho de usar su direcci\u00f3n de correo electr\u00f3nico, la cual usted nos ha provisto durante la reservaci\u00f3n, para prop\u00f3sitos directos de mercadeo con respecto a productos similares o servicios de MyDriverParis. Si usted no deseara recibir publicidades para productos o servicios similares, puede objetar el uso de su direcci\u00f3n de correo electr\u00f3nico en cualquier momento, sin incurrir en ning\u00fan costo m\u00e1s all\u00e1 del costo de transmisi\u00f3n. Usted pudiera eliminar la suscripci\u00f3n de recomendaciones de nuestros productos al hacer clic en el enlace correspondiente provisto en cada correo electr\u00f3nico enviado.<\/p>\n<h3>2.2 TRANSFERENCIA<\/h3>\n<p>MyDriverParis \u00fanicamente transferir\u00e1 datos a terceros con el prop\u00f3sito de cumplir el contrato o con el consentimiento del usuario. En particular, esto incluye la transferencia de los datos personales del usuario por parte de MyDriverParis hasta la extensi\u00f3n requerida para los proveedores de servicios de transporte que deben llevar al usuario.<br \/>\nLas compa\u00f1\u00edas asociadas que son responsables del procesamiento t\u00e9cnico de ciertas partes de los servicios ofrecidos por MyDriverParis (tales como procesamiento de pagos, envio de la informaci\u00f3n de contactor del conductor, etc.) tambien obtendr\u00e1n ciertos datos para procesador un denominado procedimiento de procesamiento de datos. En dados casos, la cantidad de datos transmitidos ser\u00e1, sin embargo, limitada al requerimiento m\u00ednimo.<br \/>\nLos datos personales solo ser\u00e1n transferidos a oficinas gubernamentales y autoridades de acuerdo con las disposiciones legales obligatorias.<\/p>\n<h2>\u00a03. SEGURIDAD DE DATOS<\/h2>\n<h3>3.1 PRINCIPIOS<\/h3>\n<p>MyDriverParis siempre buscara procesar los datos personales tomando todas las medidas t\u00e9cnicas y organizacionales para asegurar que estas est\u00e9n seguras y, en particular, que no sean accesibles por personas no autorizadas. En este aspecto, MyDriverParis se\u00f1ala  expresamente que la comunicaci\u00f3n por correo electr\u00f3nico no puede garantizar la total seguridad de los datos. Por lo tanto, MyDriverParis recomienda que cualquier informaci\u00f3n confidencial sea enviada por correo.<\/p>\n<h3>3.2 MEDIDAS<\/h3>\n<p>Para proteger los datos del usuario en contra de manipulaciones accidentales o intencionales, perdidas, destrucci\u00f3n o acceso por individuos no autorizados de la mejor manera posible, MyDriverParis tomara las medidas de seguridad t\u00e9cnicas y organizacionales adecuadas, las cuales puedes optimizarse constantemente de acuerdo con el desarrollo tecnol\u00f3gico.<\/p>\n<h2>\u00a04. HERRAMIENTAS DE ANALISIS<br \/>\n<\/h2>\n<h3>4.1 GENERAL<\/h3>\n<p>El uso de MyDriverParis dejar\u00e1 informaci\u00f3n relacionada al usuario en el computador del usuario, mediante las denominadas \u201ccookies\u201d, esto permite que los Servicios de MyDriverParis sean operados f\u00e1cilmente con extrema comodidad para el usuario. Sin embargo, es posible que los cookies sean borrados despu\u00e9s de cada uso. Para hacer esto, el usuario debe consultar los documentos provistos en el respectivo programa de acceso (\u201cNavegador\u201d).<br \/>\nCuando MyDriverParis es utilizado, los datos relacionados a su uso tambi\u00e9n son guardados autom\u00e1ticamente; esto incluye cualquier sitio web visitado, la duraci\u00f3n de cada visita, el origen del usuario en cuanto al canal, el nombre del sitio web visitado, el archivo, fecha y hora de acceso, la cantidad de datos transmitidos, reporte de acceso exitoso, tipo de navegador junto con su versi\u00f3n, sistema operativo del usuario, la URL referida (el sitio web visitado anteriormente que lo refiri\u00f3 hacia MyDriverParis), la direcci\u00f3n IP y el proveedor solicitador. Los datos son utilizados, hasta la extensi\u00f3n de lo legalmente permisible, para analizar, guardar y evaluar el comportamiento del usuario y para mejorar y desarrollar los servicios de manera constante.<br \/>\nAl hacer esto, adem\u00e1s de los cookies, tambi\u00e9n utilizados los denominados tracking pixels, que graban, por ejemplo, las p\u00e1ginas visitadas (En el sitio de MyDriverParis pero tambi\u00e9n en sitios de terceros o boletines informativos).<br \/>\nMyDriverParis tambi\u00e9n recolectar\u00e1 estos datos mediante la utilizaci\u00f3n de tecnolog\u00edas de otros proveedores de servicios (terceros). En particular, para analizar el comportamiento de uso en el sitio de MyDriverParis, nos valemos de las varias funciones ofrecidas por proveedores de motores de b\u00fasqueda, redes de publicidad y socios de distribuci\u00f3n alrededor del mundo quienes conectan a sitios de terceros al hacer clic en publicidades. Estas tecnolog\u00edas hacen que sea posible medir el \u00e9xito de la colocaci\u00f3n de una publicidad, tambi\u00e9n porque podemos utilizar esto para hacer que el comportamiento de uso subsecuente sea visible en nuestros propios sitios web. M\u00e1s abajo se encuentra una descripci\u00f3n detallada de algunas de estas herramientas de an\u00e1lisis:<\/p>\n<h3>4.2 HERRAMIENTA DE ANALISIS DE GOOGLE<br \/>\n<\/h3>\n<p>MyDriverParis utiliza Google Analytics, Google AdWords\/Google Conversion Tracking y Google Remarketing Technology como tambien GoogleTag Manager: todos los servicios de an\u00e1lisis web de Google Inc. (1600 Amphitheatre Parkway, Mountain View, CA 94043, EEUU; De aqu\u00ed en adelante referidos como \u201cGoogle\u201d).<br \/>\nEstos servicios de an\u00e1lisis transmiten direcciones IP y usan cookies, lo que hace posible el analizar su uso de nuestros sitios web y servicios en l\u00ednea. Estos cookies tienen una valides limitada (Ejemplo, 30 d\u00edas en el caso de Google Conversion Tracking); la informaci\u00f3n generada por el cookie sobre su uso de estos sitios web y servicios en l\u00ednea es transmitido a un servidor de Google en los EEUU y almacenado.<br \/>\nEl usuario puede prevenir que los cookies sean configurados al ajustar la configuraci\u00f3n de su navegador. Si el usuario decide hacer esto, \u00e9l\/ella no ser\u00e1 capaz de usar todas las funciones de los Servicios de MyDriverParis. El procesamiento de datos en cuanto a Google Analytic puede ser detenido en cualquier momento con efecto inmediato, al instalar un plug-in adecuado de Google en su navegador.<\/p>\n<h4><strong>4.2.1 GOOGLE ANALYTICS<\/strong><\/h4>\n<p>Como cliente de AdWords, MyDriverParis utilizara Google Conversion Tracking, el cual tambien es un servicio de an\u00e1lisis de Google Inc. En este proceso, Google AdWords configura un cookie en el computador del usuario (\u201cCookie de Conversi\u00f3n\u201d), siempre y cuando el usuario haya alcanzado los Servicios M\u00f3viles mediante una publicidad de Google. Este cookie se invalida luego de 30 d\u00edas y no presenta uso alguno en cuanto a la identificaci\u00f3n personal del usuario. Si el usuario visita ciertos sitios dentro de los Servicios M\u00f3viles y el cookie no ha expirado, MyDriverParis y Google ser\u00e1n capaces de detectar que alguien ha hecho clic en la publicidad y por lo tanto, ha sido redirigido al sitio. Cada cliente de AdWords recibir\u00e1 un cookie distinto. Por lo tanto, es posible llevar un registro de los cookies mediante los sitios web de los clientes de AdWords. La informaci\u00f3n obtenida con ayuda de los cookies de conversi\u00f3n se utiliza para crear estad\u00edsticas de conversi\u00f3n para los clientes de AdWords, quienes han optado para el conversion-tracking. Los clientes de AdWords conocen el n\u00famero total de usuarios que han hecho clic en sus publicidades y han sido redirigidos a un sitio con la etiqueta de conversion-tracking. Sin embargo, no reciben ning\u00fan tipo de informaci\u00f3n con la que el usuario pueda ser identificado personalmente. Si usted no desea participar en el procedimiento de rastreo, puede negarse a la configuraci\u00f3n de cookies necesarias para este prop\u00f3sito. Por ejemplo, por medio de la configuraci\u00f3n de su navegador que desactiva autom\u00e1ticamente la configuraci\u00f3n general de cookies. Tambi\u00e9n puede desactivar las cookies para conversion-tracking al configurar su navegador de tal manera que los cookies sean bloqueados por el dominio \u201cgoogleadservices.com\u201d.<\/p>\n<h4><strong>4.2.2 GOOGLE ADWORDS\/GOOGLE CONVERSION TRACKING<\/strong><\/h4>\n<p>MyDriverParis tambi\u00e9n utiliza la Remarketing Technology, tambi\u00e9n propiedad de Google Inc. Esta tecnolog\u00eda se acerca nuevamente a los usuarios que ya han visitado los Servicios M\u00f3viles y mostrado inter\u00e9s en la oferta, como medio para enfocar las publicidades de los sitios de la Google Partner Network. El cambio de publicidades tambi\u00e9n se realiza mediante el uso de esta cookie. Con la ayuda de esta cookie, es posible analizar el comportamiento del usuario al visitar el sitio web y entonces utilizar esto para recomendar productos personalizados y publicidades basadas en sus intereses. Si el usuario no deseara recibir ninguna clase de publicidad basada en sus intereses, el\/ella puede deshabilitar el uso de cookies por parte de Google para estos prop\u00f3sitos, espec\u00edficamente al entrar al sitio www.google.de\/settings\/ads y seguir los pasos se\u00f1alados para deshabilitarlos.<\/p>\n<h4><strong>4.2.3 GOOGLE REMARKETING TECHNOLOGY<\/strong><\/h4>\n<p>MyDriverParis tambi\u00e9n utiliza Google Tag Manager, tambi\u00e9n un producto de Google, el cual hace que sea posible manejar las etiquetas de un sitio web mediante una sola interface. El Administrador de Etiquetas es una cookie de dominio libre y no graba ning\u00fan dato personal. La herramienta permite que se activen otras etiquetas que, en cambio, s\u00ed pueden grabar datos. Google Tag Manager no accede a estos datos. Si los dominios o cookies han sido deshabilitados, esta situaci\u00f3n se mantendr\u00e1 para todas las etiquetas de rastreo que est\u00e9n implementadas con Google Tag Manager.<\/p>\n<h4><strong>4.2.4 GOOGLE TAG MANAGER<\/strong><\/h4>\n<p>MyDriverParis utiliza Google Analytics con la extensi\u00f3n \u201c_anonymizelp()\u201d, lo que significa que cualquier direcci\u00f3n IP que sea transmitida a Google Analytics en primer lugar son recortadas y procesadas en servidores ubicados en Europa, para as\u00ed poder excluir cualquier referencia directa al usuario. Google utilizar\u00e1 esta informaci\u00f3n para evaluar la visita al sitio web, compilar los reportes de actividades en el sitio web para MyDriverParis y para proveer mayores servicios conectados con el uso del sitio web y el internet. Google transmitir\u00e1 esta informaci\u00f3n a terceros, de ser necesario, hasta la extensi\u00f3n de lo legalmente establecido o si terceros procesan estos datos por parte de Google. Google, bajo ninguna circunstancia, conectara la direcci\u00f3n IP del usuario con otros datos de Google.<\/p>\n<h3>4.3 INTEGRACION DE SERVICIOS Y CONTENIDOS DE TERCEROS<\/h3>\n<p>Pudiera ocurrir que dentro de esta oferta en l\u00ednea, los contenidos de terceros tales como New Relic, un servicio de an\u00e1lisis de New Relic Inc., 101 Second Street, 15th Floor, San Francisco, CA 94105 (\u201cNew Relic\u201d) ore Komi Ltd., Markgrafenstra\u00dfe 11, 10969 Berlin (\u201ceKomi\u201d), sean integrados para obtener tasaciones de clientes. Esto siempre requiere que el proveedor de estos contenidos (De aqu\u00ed en adelante referidos como \u201cProveedores terceros\u201d) observe la direcci\u00f3n IP del usuario. Sin la direcci\u00f3n IP, no ser\u00edan capaces de enviar los contenidos al navegador del usuario. Por lo tanto, la direcci\u00f3n IP es necesaria para representar estos contenidos. Buscamos utilizar \u00fanicamente los contenidos de proveedores que utilicen la direcci\u00f3n IP con el \u00fanico prop\u00f3sito de entregar los contenidos. Sin embargo, no tenemos ninguna influencia sobre si los proveedores terceros utilizan la direcci\u00f3n IP para prop\u00f3sitos estad\u00edsticos, por ejemplo. Si tenemos conocimiento de esto, informaremos al usuario.<br \/>\nMyDriverParis tambi\u00e9n utiliza el servicio de Remarketing Technology de Facebook (Facebook, Inc., 1601 Willow Road, Menlo Park, CA 94025). Esto b\u00e1sicamente funciona de la misma manera que lo descrito m\u00e1s arriba para la Tecnolog\u00eda de Google.  Puede encontrar m\u00e1s informaci\u00f3n en https:\/\/www.facebook.com\/about\/privacy\/.  MyDriverParis tambi\u00e9n utiliza una herramienta de conversion-tracking y los siguientes an\u00e1lisis de uso, como se describieron arriba, y otros proveedores de buscadores de internet tales como Microsoft (Bing), Yandex (Russia), Baidu (China) y Yahoo (Por ejemplo, Jap\u00f3n), al igual que otros socios de distribuci\u00f3n, incluyendo Twitter y terceros.<\/p>\n<h2>\u00a05. GOOGLE RECAPTCHA<\/h2>\n<p>MyDriverParis utiliza el servicio de reCAPTCHA provisto por Google Inc. (Google) para proteger sus presentaciones mediante los formulares de presentaciones de internet en este sitio. Este plug-in revisa si usted es un humano, para as\u00ed prevenir que ciertas funciones del sitio web sean usadas (o abusadas) por bots de spam. El consulta de este plugin incluye el env\u00edo de la direcci\u00f3n IP y posiblemente otros datos requeridos por Google para el servicio de Google reCAPTCHA. Para este prop\u00f3sito su contribuci\u00f3n ser\u00e1 comunicada a Google y utilizada por ellos. Sin embargo, la direcci\u00f3n IP es previamente truncada por Google dentro de los estados miembros de la Uni\u00f3n Europea o en otros estados que formen parte del acuerdo del \u00c1rea Econ\u00f3mica Europea y, como tal, es anonimizada.  \u00danicamente en casos excepcionales, una direcci\u00f3n IP completa es transmitida a los servidores de Google en los Estados Unidos y truncada en este lugar. De parte de MyDriverParis, Google utilizar\u00e1 esta informaci\u00f3n para evaluar su uso del servicio. La direcci\u00f3n IP provista por el reCAPTCHA para su navegador no deber\u00e1 fusionarse con ning\u00fan otro dato de Google.<br \/>\nEsta recolecci\u00f3n de datos est\u00e1 sujeta a las regulaciones de protecci\u00f3n de datos de Google. Para m\u00e1s informaci\u00f3n sobre la pol\u00edtica de privacidad de Google, visite: https:\/\/www.google.com\/intl\/en\/policies\/privacy\/<br \/>\nAl utilizar el servicio de reCAPTCHA, da consentimiento para el procesamiento de datos sobre usted por parte de Google de la manera y para los prop\u00f3sitos se\u00f1alados anteriormente.<\/p>\n<h2>\u00a06. FUNCIONES DE  REDES SOCIALES<\/h2>\n<p>MyDriverParis utiliza funciones de redes sociales de Twitter, Google (Google+) y Facebook (Especialmente Facebook Messenger).<br \/>\nLas funciones de Twitter son provistas por Twitter Inc., 1355 Market Street, Suite 900, San Francisco, CA 94103, EEUU. Al utilizar Twitter y las funciones integradas en nuestros sitios, informaci\u00f3n tal como: Los sitios web visitados conectados con la cuenta de Twitter y divulgados a otros usuarios [sic]. En este proceso, los datos son transmitidos a Twitter. MyDriverParis no recibe ning\u00fan tipo de informaci\u00f3n acerca de los contenidos de los datos transmitidos o su uso por Twitter. Mayor informaci\u00f3n puede encontrarse en la declaraci\u00f3n de privacidad de datos de Twitter, bajo https:\/\/twitter.com\/privacy, como tambi\u00e9n informaci\u00f3n sobre los cambios en la configuraci\u00f3n de la cuenta.<br \/>\nGoogle+ es provisto por Google Inc. (Ver punto 4.2 m\u00e1s arriba). Si m\u00e1s sitios web son llamados utilizando la herramienta de Google+, los datos son enviados directamente a Google. Mayor informaci\u00f3n sobre el procesamiento y uso de los datos por google, como tambi\u00e9n cualquier opci\u00f3n de configuraci\u00f3n, puede ser recogida de los consejos de protecci\u00f3n de datos de Google, la cual puede encontrarse aqu\u00ed: https:\/\/www.google.com\/policies\/privacy\/partners\/.<br \/>\nSi usted no desea que se recolecten datos en nuestros sitios web mediante Google+ o Twitter, por favor, desconecte las cuentas de usuarios relativas de los servicios respectivos antes de entrar a nuestros sitios web.<br \/>\nUsted pudiera utilizar Facebook Messenger para comunicarse con nosotros. Messenger es un producto de Facebook Inc. Al utilizar Messenger, los datos ser\u00e1n transferidos a Facebook. Facebook pudiera, potencialmente, utilizar tambi\u00e9n los datos para sus propios prop\u00f3sitos, mayor informaci\u00f3n sobre esto puede encontrarse en sus pol\u00edticas de privacidad (ver 4.3 m\u00e1s arriba).<\/p>\n<h2>\u00a07. DETALLES DE TARJETA DE CREDITO<\/h2>\n<p>Todas las reservaciones en MyDriverParis pueden ser pagadas mediante tarjeta de cr\u00e9dito. Los detalles de su tarjeta de cr\u00e9dito deben guardarse \u00fanicamente cuando se haga una reservaci\u00f3n por primera vez y son protegidos contra accesos no autorizados. MyDriverParis no almacena esta informaci\u00f3n. Un proveedor de pagos certificado es utilizado para este prop\u00f3sito, cuyo sistema cumple con los est\u00e1ndares de seguridad aplicables tal como el est\u00e1ndar PCI-DSS (Payment Card Industry Data Security Standard). En el caso de transacciones recurrentes, los datos de la tarjeta de cr\u00e9dito son almacenados con proveedor de pagos certificado con PCI-DSS utilizado.<\/p>\n<h2>\u00a08. CONSENTIMIENTO DE CONTACTO, BORRADO, INFORMACION Y REPORTES<br \/>\n<\/h2>\n<p>En aplicaci\u00f3n, el usuario recibir\u00e1 informaci\u00f3n acerca de los datos que \u00e9l\/ella haya guardado, sin costo. El usuario tambi\u00e9n tiene el derecho de borrar sus datos personales o, de ser incorrectos, corregirlos. Los datos personales que deban ser almacenados debido a las provisiones legales obligatorias ser\u00e1n bloqueados.<br \/>\nCualquier consentimiento dado puede ser revocado en cualquier momento y con efecto inmediato. En el caso de boletines enviados por correo electr\u00f3nico, esto tambi\u00e9n es posible al hacer clic en el enlace suministrado en el mensaje para cancelar la suscripci\u00f3n.<br \/>\nPara cualquier pregunta o consulta sobre el tema de protecci\u00f3n de datos, por favor, p\u00f3ngase en contacto con el oficial de protecci\u00f3n de datos a trav\u00e9s de contact@MyDriverParis.com.<\/p>\n<p>&nbsp;<\/p>\n<p>&nbsp;<\/p>\n","protected":false},"excerpt":{"rendered":"<p>\u00a01. INTRODUCCI\u00d3N Nosotros, KAVENTURE (De aqu\u00ed en adelante referidos como \u201cMyDriverParis\u201d) tomamos muy en serio la protecci\u00f3n de sus datos privados y los protegemos cuando dichos datos son procesados, de acuerdo con las leyes aplicables de protecci\u00f3n de datos. Estas provisiones sobre protecci\u00f3n de datos le entregan informaci\u00f3n detallada a usted, el usuario, acerca del [&hellip;]<\/p>\n","protected":false},"author":1,"featured_media":0,"parent":0,"menu_order":0,"comment_status":"closed","ping_status":"closed","template":"","meta":{"om_disable_all_campaigns":false,"footnotes":""},"class_list":["post-3499","page","type-page","status-publish","hentry"],"_links":{"self":[{"href":"https:\/\/www.mydriverparis.com\/es\/wp-json\/wp\/v2\/pages\/3499","targetHints":{"allow":["GET"]}}],"collection":[{"href":"https:\/\/www.mydriverparis.com\/es\/wp-json\/wp\/v2\/pages"}],"about":[{"href":"https:\/\/www.mydriverparis.com\/es\/wp-json\/wp\/v2\/types\/page"}],"author":[{"embeddable":true,"href":"https:\/\/www.mydriverparis.com\/es\/wp-json\/wp\/v2\/users\/1"}],"replies":[{"embeddable":true,"href":"https:\/\/www.mydriverparis.com\/es\/wp-json\/wp\/v2\/comments?post=3499"}],"version-history":[{"count":0,"href":"https:\/\/www.mydriverparis.com\/es\/wp-json\/wp\/v2\/pages\/3499\/revisions"}],"wp:attachment":[{"href":"https:\/\/www.mydriverparis.com\/es\/wp-json\/wp\/v2\/media?parent=3499"}],"curies":[{"name":"wp","href":"https:\/\/api.w.org\/{rel}","templated":true}]}}