{"id":3505,"date":"2019-02-17T11:20:13","date_gmt":"2019-02-17T10:20:13","guid":{"rendered":"https:\/\/www.mydriverparis.com\/nuestros-servicios\/"},"modified":"2019-02-17T11:20:14","modified_gmt":"2019-02-17T10:20:14","slug":"nuestros-servicios","status":"publish","type":"page","link":"https:\/\/www.mydriverparis.com\/es\/nuestros-servicios\/","title":{"rendered":"Nuestros Servicios"},"content":{"rendered":"MyDriverParis propone una amplia gama de servicios de limusina y ch\u00f3fer para satisfacer sus necesidades y superar todas sus expectativas.<\/p>\n<p>MyDriverParis ofrece servicios de chofer <strong> de alta calidad en Par\u00eds <\/strong> y muchas otras ciudades en <strong> Francia <\/strong>.<\/p>\n<p>Nuestro conocimiento y experiencia en el servicio a clientes de alto nivel nos permite brindar un nivel de calidad excepcional y garantizar <strong> la mejor experiencia de servicio de limusina <\/strong> en el mercado. MyDriverParis propone una gran flota de las limusinas, sedanes, veh\u00edculos utilitarios deportivos y minivans <strong> <\/strong> m\u00e1s prestigiosos y c\u00f3modos.<\/p>\n<p>Nuestros choferes son multiling\u00fces. Est\u00e1n capacitados para brindar un excelente nivel de servicio con atenci\u00f3n a los detalles y garantizar un viaje c\u00f3modo y seguro.<\/p>\n<p>El servicio de ch\u00f3fer MyDriverParis en pocas palabras:<\/p>\n<p>&#8211; Una gran selecci\u00f3n de coches de prestigio que cumplen con todos los presupuestos<\/p>\n<p>&#8211; Servicio 24\/7.<\/p>\n<p>&#8211; Conductores altamente profesionales formados como gu\u00edas locales.<\/p>\n<p>&#8211; Una gama de servicios adaptados a las necesidades de cada cliente: traslados de aeropuerto y punto a punto, servicio de auto y ch\u00f3fer como gu\u00eda, roadshows, visitas guiadas y tours, y servicio de traslado de eventos.\n","protected":false},"excerpt":{"rendered":"","protected":false},"author":1,"featured_media":0,"parent":0,"menu_order":0,"comment_status":"closed","ping_status":"closed","template":"","meta":{"om_disable_all_campaigns":false,"footnotes":""},"class_list":["post-3505","page","type-page","status-publish","hentry"],"_links":{"self":[{"href":"https:\/\/www.mydriverparis.com\/es\/wp-json\/wp\/v2\/pages\/3505","targetHints":{"allow":["GET"]}}],"collection":[{"href":"https:\/\/www.mydriverparis.com\/es\/wp-json\/wp\/v2\/pages"}],"about":[{"href":"https:\/\/www.mydriverparis.com\/es\/wp-json\/wp\/v2\/types\/page"}],"author":[{"embeddable":true,"href":"https:\/\/www.mydriverparis.com\/es\/wp-json\/wp\/v2\/users\/1"}],"replies":[{"embeddable":true,"href":"https:\/\/www.mydriverparis.com\/es\/wp-json\/wp\/v2\/comments?post=3505"}],"version-history":[{"count":0,"href":"https:\/\/www.mydriverparis.com\/es\/wp-json\/wp\/v2\/pages\/3505\/revisions"}],"wp:attachment":[{"href":"https:\/\/www.mydriverparis.com\/es\/wp-json\/wp\/v2\/media?parent=3505"}],"curies":[{"name":"wp","href":"https:\/\/api.w.org\/{rel}","templated":true}]}}