{"id":3510,"date":"2019-02-17T12:21:20","date_gmt":"2019-02-17T11:21:20","guid":{"rendered":"https:\/\/www.mydriverparis.com\/evento\/"},"modified":"2019-02-17T12:21:20","modified_gmt":"2019-02-17T11:21:20","slug":"evento","status":"publish","type":"page","link":"https:\/\/www.mydriverparis.com\/es\/evento\/","title":{"rendered":"Evento"},"content":{"rendered":"<p>MyDriverParis tiene una flota de autos de lujo que pueden transportar a cualquier n\u00famero de pasajeros y le asegurar\u00e1 que llegue a tiempo y que tenga un viaje c\u00f3modo y sin estr\u00e9s.<\/p>\n<p>Nuestra lujosa flota de autom\u00f3viles con ch\u00f3feres consta de: Mercedes S Class <strong>, <\/strong> Mercedes V Class, Mercedes E Class, cada uno de los mejores calidades y visualmente sublime junto con nuestros choferes ejecutivos profesionales de caballeros.<\/p>\n<p>Si necesita un chofer de alquiler para un evento, no busque m\u00e1s. MyDriverParis puede acomodar hasta 100 autom\u00f3viles con conductor y asegurarse de que su elemento de transporte para su evento sea un \u00e9xito completo.<\/p>\n","protected":false},"excerpt":{"rendered":"<p>MyDriverParis tiene una flota de autos de lujo que pueden transportar a cualquier n\u00famero de pasajeros y le asegurar\u00e1 que llegue a tiempo y que tenga un viaje c\u00f3modo y sin estr\u00e9s. Nuestra lujosa flota de autom\u00f3viles con ch\u00f3feres consta de: Mercedes S Class , Mercedes V Class, Mercedes E Class, cada uno de los [&hellip;]<\/p>\n","protected":false},"author":1,"featured_media":0,"parent":0,"menu_order":0,"comment_status":"closed","ping_status":"closed","template":"","meta":{"om_disable_all_campaigns":false,"footnotes":""},"class_list":["post-3510","page","type-page","status-publish","hentry"],"_links":{"self":[{"href":"https:\/\/www.mydriverparis.com\/es\/wp-json\/wp\/v2\/pages\/3510","targetHints":{"allow":["GET"]}}],"collection":[{"href":"https:\/\/www.mydriverparis.com\/es\/wp-json\/wp\/v2\/pages"}],"about":[{"href":"https:\/\/www.mydriverparis.com\/es\/wp-json\/wp\/v2\/types\/page"}],"author":[{"embeddable":true,"href":"https:\/\/www.mydriverparis.com\/es\/wp-json\/wp\/v2\/users\/1"}],"replies":[{"embeddable":true,"href":"https:\/\/www.mydriverparis.com\/es\/wp-json\/wp\/v2\/comments?post=3510"}],"version-history":[{"count":0,"href":"https:\/\/www.mydriverparis.com\/es\/wp-json\/wp\/v2\/pages\/3510\/revisions"}],"wp:attachment":[{"href":"https:\/\/www.mydriverparis.com\/es\/wp-json\/wp\/v2\/media?parent=3510"}],"curies":[{"name":"wp","href":"https:\/\/api.w.org\/{rel}","templated":true}]}}