{"id":3666,"date":"2019-02-22T18:49:10","date_gmt":"2019-02-22T17:49:10","guid":{"rendered":"https:\/\/www.mydriverparis.com\/servicio-de-chofer-courchevel\/"},"modified":"2019-02-22T18:50:19","modified_gmt":"2019-02-22T17:50:19","slug":"servicio-de-chofer-courchevel","status":"publish","type":"page","link":"https:\/\/www.mydriverparis.com\/es\/servicio-de-chofer-courchevel\/","title":{"rendered":"Servicio de ch\u00f3fer Courchevel"},"content":{"rendered":"<p>Courchevel es una estaci\u00f3n de esqu\u00ed alpino francesa. Es un trozo de Les Trois Vall\u00e9es, los mayores territorios de esqu\u00ed conectados del planeta. Courchevel tambi\u00e9n alude a las ciudades de Courchevel 1300 (Le Praz), Courchevel 1550, Courchevel 1650 (Moriond) y Courchevel 1850, que se llaman as\u00ed por sus alturas en metros. El punto focal de retiro de Courchevel est\u00e1 a 1.747 metros (5.732 pies) El nombre de Courchevel 1850, hasta cierto punto desviado, fue escogido por motivaciones publicitarias para lidiar con el adversario m\u00e1s despreciado, Val d&#8217;Is\u00e8re.<\/p>\n<p>Se trata de la zona Jard\u00edn Alpino de Courchevel 1850, que est\u00e1 realmente situada a 1.850 metros (6.070 pies). Courchevel era una pieza de la cooperativa de Saint-Bon-Tarentaise, pero en 2017 convergi\u00f3 con La Perri\u00e8re en el nuevo colectivo de Courchevel. Independientemente del nombre, los lugares de trabajo de regulaci\u00f3n del colectivo no est\u00e1n situados en Courchevel, sino en la ciudad vecina de Holy person Bon-Tarentaise. Courchevel se encuentra en el valle del Tarentaise, en el departamento de Savoie, en el distrito de Auvergne-Rh\u00f4ne-Alpes.<\/p>\n<h2 style=\"text-align: center;\">Servicio de ch\u00f3fer en Courchevel<\/h2>\n<p><img loading=\"lazy\" decoding=\"async\" width=\"300\" height=\"146\" class=\"alignnone size-medium wp-image-3580 aligncenter\" src=\"https:\/\/www.mydriverparis.com\/wp-content\/uploads\/2019\/02\/courchevel-chauffeur-service-300x146.jpg\" alt=\"courchevel-chauffeur-service\" srcset=\"https:\/\/www.mydriverparis.com\/wp-content\/uploads\/2019\/02\/courchevel-chauffeur-service-300x146.jpg 300w, https:\/\/www.mydriverparis.com\/wp-content\/uploads\/2019\/02\/courchevel-chauffeur-service-768x375.jpg 768w, https:\/\/www.mydriverparis.com\/wp-content\/uploads\/2019\/02\/courchevel-chauffeur-service.jpg 1024w, https:\/\/www.mydriverparis.com\/wp-content\/uploads\/2019\/02\/courchevel-chauffeur-service-100x49.jpg 100w\" sizes=\"auto, (max-width: 300px) 100vw, 300px\" \/><\/p>\n<h2 style=\"text-align: center;\">Su Chofer Privado en Courchevel<\/h2>\n<p><img loading=\"lazy\" decoding=\"async\" width=\"300\" height=\"169\" class=\"alignnone size-medium wp-image-3584 aligncenter\" src=\"https:\/\/www.mydriverparis.com\/wp-content\/uploads\/2019\/02\/transfer-paris-courchevel-v-class-300x169.jpg\" alt=\"transfer paris courchevel v class\" srcset=\"https:\/\/www.mydriverparis.com\/wp-content\/uploads\/2019\/02\/transfer-paris-courchevel-v-class-300x169.jpg 300w, https:\/\/www.mydriverparis.com\/wp-content\/uploads\/2019\/02\/transfer-paris-courchevel-v-class-768x431.jpg 768w, https:\/\/www.mydriverparis.com\/wp-content\/uploads\/2019\/02\/transfer-paris-courchevel-v-class-1024x575.jpg 1024w, https:\/\/www.mydriverparis.com\/wp-content\/uploads\/2019\/02\/transfer-paris-courchevel-v-class-100x56.jpg 100w, https:\/\/www.mydriverparis.com\/wp-content\/uploads\/2019\/02\/transfer-paris-courchevel-v-class.jpg 1200w\" sizes=\"auto, (max-width: 300px) 100vw, 300px\" \/>MyDriverParis garantizar\u00e1 servicios flexibles, r\u00e1pidos y profesionales adaptados a una variedad de solicitudes y circunstancias.<\/p>\n<p>Usted puede reservar y relajarse, MyDriverParis se encargar\u00e1 de su viaje con puntualidad y alta profesionalidad.<\/p>\n<p>MyDriverParis ofrece servicio de traslado desde los aeropuertos de Lyon y Bron a Courchevel, estaciones de tren o traslado desde Par\u00eds a Courchevel y traslados de su elecci\u00f3n. Disfrute de un momento de confort en un veh\u00edculo de \u00faltima generaci\u00f3n de su elecci\u00f3n, y rel\u00e1jese mientras deja que uno de nuestros ch\u00f3feres profesionales lo lleve a su destino.<\/p>\n","protected":false},"excerpt":{"rendered":"","protected":false},"author":1,"featured_media":0,"parent":0,"menu_order":0,"comment_status":"closed","ping_status":"closed","template":"excursion-template.php","meta":{"om_disable_all_campaigns":false,"footnotes":""},"class_list":["post-3666","page","type-page","status-publish","hentry"],"_links":{"self":[{"href":"https:\/\/www.mydriverparis.com\/es\/wp-json\/wp\/v2\/pages\/3666","targetHints":{"allow":["GET"]}}],"collection":[{"href":"https:\/\/www.mydriverparis.com\/es\/wp-json\/wp\/v2\/pages"}],"about":[{"href":"https:\/\/www.mydriverparis.com\/es\/wp-json\/wp\/v2\/types\/page"}],"author":[{"embeddable":true,"href":"https:\/\/www.mydriverparis.com\/es\/wp-json\/wp\/v2\/users\/1"}],"replies":[{"embeddable":true,"href":"https:\/\/www.mydriverparis.com\/es\/wp-json\/wp\/v2\/comments?post=3666"}],"version-history":[{"count":0,"href":"https:\/\/www.mydriverparis.com\/es\/wp-json\/wp\/v2\/pages\/3666\/revisions"}],"wp:attachment":[{"href":"https:\/\/www.mydriverparis.com\/es\/wp-json\/wp\/v2\/media?parent=3666"}],"curies":[{"name":"wp","href":"https:\/\/api.w.org\/{rel}","templated":true}]}}