{"id":1078,"date":"2018-01-23T13:32:42","date_gmt":"2018-01-23T12:32:42","guid":{"rendered":"https:\/\/www.mydriverparis.com\/?page_id=1078"},"modified":"2018-03-27T17:12:23","modified_gmt":"2018-03-27T15:12:23","slug":"nos-services","status":"publish","type":"page","link":"https:\/\/www.mydriverparis.com\/fr\/nos-services\/","title":{"rendered":"Nos services"},"content":{"rendered":"Le service de VTC de MyDriverParis\u00a0est le meilleur moyen de parcourir Paris tout en vous d\u00e9tendant ; <strong>une solution \u00e9l\u00e9gante et confortable<\/strong> pour tous vos d\u00e9placements. Rendez-vous sur notre site internet pour r\u00e9server votre service de chauffeur priv\u00e9, les tarifs affich\u00e9s sont ceux que vous payerez. Avec MyDriverParis vous serez toujours en mesure de calculer pr\u00e9cis\u00e9ment \u00e0 l\u2019avance vos frais de d\u00e9placement, ce qui est particuli\u00e8rement pratique pour les voyageurs d\u2019affaires.<\/p>\n<p>Un service de voiture avec chauffeur professionnel est le moyen id\u00e9al pour se d\u00e9placer dans Paris. Si vous venez d\u2019atterrir apr\u00e8s un long vol, choisissez le service de\u00a0transfert a\u00e9roport\u00a0. R\u00e9servez votre chauffeur professionnel, qui vous accueillera aux arriv\u00e9es avec une pancarte personnalis\u00e9e. Une fois install\u00e9 dans votre h\u00f4tel, profitez du service de chauffeur priv\u00e9 pour explorer Paris et toute la France, et n\u2019h\u00e9sitez pas \u00e0 demander des conseils \u00e0 votre chauffeur qui se fera un plaisir de vous r\u00e9pondre et pourra vous conseiller les meilleurs restaurants et endroits de la ville.<\/p>\n<p>Nous sommes pr\u00eat \u00e0 r\u00e9pondre \u00e0 de nombreuses demandes et requ\u00eates peu importe les circonstances.\u00a0 Si vous <strong>voyagez en groupe<\/strong>, nous vous proposons un van ou minibus, id\u00e9al pour se d\u00e9placer avec vos coll\u00e8gues de travail.<\/p>\n<p>\n","protected":false},"excerpt":{"rendered":"","protected":false},"author":1,"featured_media":0,"parent":0,"menu_order":0,"comment_status":"closed","ping_status":"closed","template":"","meta":{"om_disable_all_campaigns":false,"footnotes":""},"class_list":["post-1078","page","type-page","status-publish","hentry"],"_links":{"self":[{"href":"https:\/\/www.mydriverparis.com\/fr\/wp-json\/wp\/v2\/pages\/1078","targetHints":{"allow":["GET"]}}],"collection":[{"href":"https:\/\/www.mydriverparis.com\/fr\/wp-json\/wp\/v2\/pages"}],"about":[{"href":"https:\/\/www.mydriverparis.com\/fr\/wp-json\/wp\/v2\/types\/page"}],"author":[{"embeddable":true,"href":"https:\/\/www.mydriverparis.com\/fr\/wp-json\/wp\/v2\/users\/1"}],"replies":[{"embeddable":true,"href":"https:\/\/www.mydriverparis.com\/fr\/wp-json\/wp\/v2\/comments?post=1078"}],"version-history":[{"count":0,"href":"https:\/\/www.mydriverparis.com\/fr\/wp-json\/wp\/v2\/pages\/1078\/revisions"}],"wp:attachment":[{"href":"https:\/\/www.mydriverparis.com\/fr\/wp-json\/wp\/v2\/media?parent=1078"}],"curies":[{"name":"wp","href":"https:\/\/api.w.org\/{rel}","templated":true}]}}