{"id":1080,"date":"2018-01-23T13:36:34","date_gmt":"2018-01-23T12:36:34","guid":{"rendered":"https:\/\/www.mydriverparis.com\/?page_id=1080"},"modified":"2018-03-27T17:16:13","modified_gmt":"2018-03-27T15:16:13","slug":"mise-a-disposition","status":"publish","type":"page","link":"https:\/\/www.mydriverparis.com\/fr\/nos-services\/mise-a-disposition\/","title":{"rendered":"Mise \u00e0 disposition"},"content":{"rendered":"En fonction de vos besoins professionnels ou priv\u00e9s \u00e0 Paris, confiez vos d\u00e9placements au service de chauffeur MyDriverParis.<\/p>\n<p>Vous d\u00e9sirez <strong>une mise \u00e0 disposition<\/strong>\u00a0d&#8217;une location de\u00a0berlines ou vans haut de gamme<strong>\u00a0avec <\/strong>chauffeur priv\u00e9,\u00a0pour\u00a0une ou\u00a0plusieurs heures\u00a0et s&#8217;\u00e9tendre sur\u00a0une demie journ\u00e9e\u00a0ou m\u00eame\u00a0toute une journ\u00e9e\u00a0sur\u00a0Paris\u00a0et\u00a0l&#8217;ile de France<\/p>\n<ul>\n<li>Pour vos d\u00e9placements privil\u00e9gi\u00e9s : shopping, diner romantique, soir\u00e9es et galas<\/li>\n<li>Pour vos d\u00e9placements professionnels : s\u00e9minaire, congr\u00e8s, diner d&#8217;affaires<\/li>\n<li>Pour vos moments exceptionnels : mariages, anniversaires<\/li>\n<\/ul>\n<p>Vous pouvez<strong> r\u00e9servez votre chauffeur mis \u00e0 disposition avec MyDriverParis et <\/strong>vous offrir la qualit\u00e9 et les services<strong>\u00a0<\/strong>\u00e0 la hauteur de vos attentes.<\/p>\n<p>Nous pouvons g\u00e9rer toutes vos r\u00e9servations avec nos limousines, berlines et minivans de luxe \u00e0 Paris. Un chauffeur professionnel sera \u00e0 votre disposition aussi longtemps que vous le souhaitez \u00e0 des tarifs fixes.<\/p>\n<p><strong>La formule mise \u00e0 disposition comprend<\/strong><\/p>\n<ul>\n<li>Berline ou van\u00a0avec chauffeur priv\u00e9 pour le temps r\u00e9serv\u00e9<\/li>\n<li>forfaits\u00a0au nombre de\u00a0kilom\u00e8tres inclus<\/li>\n<li>Services \u00e0 bord haut de gamme\u00a0comprenant climatisation, toit panoramique, Wi-fi, chargeur USB, boissons, confiseries, sur demande si\u00e8ge-auto et marque de boissons<\/li>\n<li>Arr\u00eats sur demande\u00a0au chauffeur et\u00a0indication d&#8217;itin\u00e9raire<\/li>\n<li>Les\u00a0assurances, le\u00a0carburant, les\u00a0p\u00e9ages<\/li>\n<li>L&#8217;\u00a0accueil\u00a0personnalis\u00e9\u00a0en\u00a0a\u00e9roport\u00a0ou\u00a0gare,\u00a0le transport des\u00a0bagages<\/li>\n<\/ul>\n<p>\n","protected":false},"excerpt":{"rendered":"","protected":false},"author":1,"featured_media":0,"parent":1078,"menu_order":0,"comment_status":"closed","ping_status":"closed","template":"","meta":{"om_disable_all_campaigns":false,"footnotes":""},"class_list":["post-1080","page","type-page","status-publish","hentry"],"_links":{"self":[{"href":"https:\/\/www.mydriverparis.com\/fr\/wp-json\/wp\/v2\/pages\/1080","targetHints":{"allow":["GET"]}}],"collection":[{"href":"https:\/\/www.mydriverparis.com\/fr\/wp-json\/wp\/v2\/pages"}],"about":[{"href":"https:\/\/www.mydriverparis.com\/fr\/wp-json\/wp\/v2\/types\/page"}],"author":[{"embeddable":true,"href":"https:\/\/www.mydriverparis.com\/fr\/wp-json\/wp\/v2\/users\/1"}],"replies":[{"embeddable":true,"href":"https:\/\/www.mydriverparis.com\/fr\/wp-json\/wp\/v2\/comments?post=1080"}],"version-history":[{"count":0,"href":"https:\/\/www.mydriverparis.com\/fr\/wp-json\/wp\/v2\/pages\/1080\/revisions"}],"up":[{"embeddable":true,"href":"https:\/\/www.mydriverparis.com\/fr\/wp-json\/wp\/v2\/pages\/1078"}],"wp:attachment":[{"href":"https:\/\/www.mydriverparis.com\/fr\/wp-json\/wp\/v2\/media?parent=1080"}],"curies":[{"name":"wp","href":"https:\/\/api.w.org\/{rel}","templated":true}]}}