{"id":1082,"date":"2018-01-23T13:37:55","date_gmt":"2018-01-23T12:37:55","guid":{"rendered":"https:\/\/www.mydriverparis.com\/?page_id=1082"},"modified":"2018-03-27T17:18:43","modified_gmt":"2018-03-27T15:18:43","slug":"transfert","status":"publish","type":"page","link":"https:\/\/www.mydriverparis.com\/fr\/nos-services\/transfert\/","title":{"rendered":"Transfert"},"content":{"rendered":"D\u2019un a\u00e9roport, d\u2019une gare ou simplement pour vos voyages dans Paris, MyDriverParis vous fournira des solutions de transport avec ces voitures avec chauffeur.<\/p>\n<p><strong>Service de transfert a\u00e9roport dans une voiture avec chauffeur<\/strong><\/p>\n<p>MyDriverParis vous propose de prendre en charge votre transfert a\u00e9roport avec une berline avec chauffeur, une limousine, un minivan et un minibus de et vers les a\u00e9roports de Paris et de toute la France (A\u00e9roport Charles De Gaulle, A\u00e9roport Orly sud et ouest )<\/p>\n<p>Notre \u00e9quipe v\u00e9rifiera tous les vols priv\u00e9s avec la compagnie dans chaque a\u00e9roport pour les retards, les arriv\u00e9es anticip\u00e9es ou les annulations afin que les clients puissent \u00eatre accueillis \u00e0 l&#8217;a\u00e9roport \u00e0 l&#8217;heure pr\u00e9vue.<\/p>\n<p><strong>Service de transfert gares dans une voiture avec chauffeur<\/strong><\/p>\n<p>Les transferts depuis la Gare du Nord, la Gare de l\u2019est , la Gare du Lyon et la Gare Montparnasse sont notre service avec chauffeur le plus appr\u00e9ci\u00e9.<\/p>\n<p>Notre chauffeur vous attendra pour vous accueillir et vous aidera \u00e0 porter vos bagages tout en vous escortant jusqu&#8217;\u00e0 votre destination finale.<\/p>\n<p><strong>Services de transfert depuis votre jet priv\u00e9<\/strong><\/p>\n<p>MyDriverParis fournit un service de chauffeur haut de gamme pour le march\u00e9 de l&#8217;aviation priv\u00e9e, y compris les d\u00e9partements de la flotte d&#8217;entreprises et les compagnies d&#8217;affr\u00e8tement d&#8217;avions \/ de gestion. Ce service de luxe est disponible \u00e0 l&#8217;a\u00e9roport de Paris le Bourget.<\/p>\n<p><strong>Service de transfert avec chauffeur \u00e0 l\u2019ext\u00e9rieur de Paris<\/strong><\/p>\n<p>MyDriverParis vous emm\u00e8nera d&#8217;une ville \u00e0 l&#8217;autre, offrant des tarifs sp\u00e9ciaux pour les transferts entre les villes.<\/p>\n<p>Nous assurons un voyage s\u00fbr et fiable de porte \u00e0 porte avec des chauffeurs professionnels et des v\u00e9hicules de luxe.<\/p>\n<p>Nous offrons \u00e9galement d&#8217;autres services tels que Paris vers Versailles, Giverny, Mont Saint Michel, Fontainebleau, Vaux le Vicomte ou une r\u00e9gion de France Normandie, Champagne, Vall\u00e9e de la Loire, Bretagne, Bourgogne.\n","protected":false},"excerpt":{"rendered":"","protected":false},"author":1,"featured_media":0,"parent":1078,"menu_order":0,"comment_status":"closed","ping_status":"closed","template":"","meta":{"om_disable_all_campaigns":false,"footnotes":""},"class_list":["post-1082","page","type-page","status-publish","hentry"],"_links":{"self":[{"href":"https:\/\/www.mydriverparis.com\/fr\/wp-json\/wp\/v2\/pages\/1082","targetHints":{"allow":["GET"]}}],"collection":[{"href":"https:\/\/www.mydriverparis.com\/fr\/wp-json\/wp\/v2\/pages"}],"about":[{"href":"https:\/\/www.mydriverparis.com\/fr\/wp-json\/wp\/v2\/types\/page"}],"author":[{"embeddable":true,"href":"https:\/\/www.mydriverparis.com\/fr\/wp-json\/wp\/v2\/users\/1"}],"replies":[{"embeddable":true,"href":"https:\/\/www.mydriverparis.com\/fr\/wp-json\/wp\/v2\/comments?post=1082"}],"version-history":[{"count":0,"href":"https:\/\/www.mydriverparis.com\/fr\/wp-json\/wp\/v2\/pages\/1082\/revisions"}],"up":[{"embeddable":true,"href":"https:\/\/www.mydriverparis.com\/fr\/wp-json\/wp\/v2\/pages\/1078"}],"wp:attachment":[{"href":"https:\/\/www.mydriverparis.com\/fr\/wp-json\/wp\/v2\/media?parent=1082"}],"curies":[{"name":"wp","href":"https:\/\/api.w.org\/{rel}","templated":true}]}}