{"id":1084,"date":"2018-01-23T13:40:40","date_gmt":"2018-01-23T12:40:40","guid":{"rendered":"https:\/\/www.mydriverparis.com\/?page_id=1084"},"modified":"2018-03-27T17:16:01","modified_gmt":"2018-03-27T15:16:01","slug":"accueil-personnalise","status":"publish","type":"page","link":"https:\/\/www.mydriverparis.com\/fr\/nos-services\/accueil-personnalise\/","title":{"rendered":"Accueil personnalis\u00e9"},"content":{"rendered":"MyDriverParis peut vous fournir une gamme de services de conciergerie de luxe \u00e0 Paris pour rendre votre voyage confortable \u00e0\u00a0 l&#8217;a\u00e9roport ou \u00e0 la gare.<\/p>\n<p><strong>Assistance fiscale et remboursement :<\/strong><\/p>\n<p>Cela doit \u00eatre fait dans le dernier pays de l&#8217;UE o\u00f9 vous \u00eates sur le terrain.<\/p>\n<p>Vous devrez fournir votre billet, votre passeport et les formulaires que vous avez recueillis lors de vos achats.<\/p>\n<p>Notre chauffeur MyDriverParis vous aidera \u00e0:<\/p>\n<p>&#8211; Acc\u00e9l\u00e9rer le remboursement.<\/p>\n<p>&#8211; \u00c0 l\u2019enregistrement des\u00a0 bagages.<\/p>\n<p><strong>Des services suppl\u00e9mentaires<\/strong><\/p>\n<p>&#8211; Guide et interpr\u00e8te.<\/p>\n<p>&#8211; Les gares VIP Meet &amp; Greet (Eurostar &amp; Thalys) \u00e0 la Gare du Nord Paris.\n","protected":false},"excerpt":{"rendered":"","protected":false},"author":1,"featured_media":0,"parent":1078,"menu_order":0,"comment_status":"closed","ping_status":"closed","template":"","meta":{"om_disable_all_campaigns":false,"footnotes":""},"class_list":["post-1084","page","type-page","status-publish","hentry"],"_links":{"self":[{"href":"https:\/\/www.mydriverparis.com\/fr\/wp-json\/wp\/v2\/pages\/1084","targetHints":{"allow":["GET"]}}],"collection":[{"href":"https:\/\/www.mydriverparis.com\/fr\/wp-json\/wp\/v2\/pages"}],"about":[{"href":"https:\/\/www.mydriverparis.com\/fr\/wp-json\/wp\/v2\/types\/page"}],"author":[{"embeddable":true,"href":"https:\/\/www.mydriverparis.com\/fr\/wp-json\/wp\/v2\/users\/1"}],"replies":[{"embeddable":true,"href":"https:\/\/www.mydriverparis.com\/fr\/wp-json\/wp\/v2\/comments?post=1084"}],"version-history":[{"count":0,"href":"https:\/\/www.mydriverparis.com\/fr\/wp-json\/wp\/v2\/pages\/1084\/revisions"}],"up":[{"embeddable":true,"href":"https:\/\/www.mydriverparis.com\/fr\/wp-json\/wp\/v2\/pages\/1078"}],"wp:attachment":[{"href":"https:\/\/www.mydriverparis.com\/fr\/wp-json\/wp\/v2\/media?parent=1084"}],"curies":[{"name":"wp","href":"https:\/\/api.w.org\/{rel}","templated":true}]}}