{"id":1086,"date":"2018-01-23T13:42:43","date_gmt":"2018-01-23T12:42:43","guid":{"rendered":"https:\/\/www.mydriverparis.com\/?page_id=1086"},"modified":"2018-01-23T13:42:43","modified_gmt":"2018-01-23T12:42:43","slug":"voyages-daffaires","status":"publish","type":"page","link":"https:\/\/www.mydriverparis.com\/fr\/nos-services\/voyages-daffaires\/","title":{"rendered":"Voyages d&#8217;affaires"},"content":{"rendered":"De simples voyages \u00e0 destination unique \u00e0 des itin\u00e9raires sophistiqu\u00e9s, notre expertise et notre planification minutieuse font la diff\u00e9rence.<\/p>\n<p>Nous savons que chaque minute compte et que chaque r\u00e9union peut \u00eatre essentielle pour conclure l&#8217;affaire.<\/p>\n<p>Nous proposons donc un service de location de voiture avec <strong>chauffeur multilingue<\/strong>, sp\u00e9cialement con\u00e7u pour l&#8217;ex\u00e9cutif qui doit se d\u00e9placer rapidement d&#8217;un endroit \u00e0 l&#8217;autre, en respectant un calendrier de r\u00e9unions et un calendrier bien organis\u00e9, d&#8217;une banque \u00e0 l&#8217;autre, d&#8217;un bureau \u00e0 un autre.<\/p>\n<p>Le personnel de MyDriverParis est compos\u00e9 de <strong>chauffeurs professionnels<\/strong> sp\u00e9cialement form\u00e9s pour r\u00e9pondre aux besoins sp\u00e9cifiques du secteur financier, conduisant une flotte impeccable de berlines, limousines, van toutes \u00e9quip\u00e9es des derni\u00e8res technologies.<\/p>\n<p>Nos factures et rapports sont personnalis\u00e9s selon vos sp\u00e9cifications.<\/p>\n<p>Conseils logistiques, organisation et optimisation de votre voyage professionnel.<\/p>\n<p>Nous vous proposons des solutions de voyage fiables et sur mesure ainsi que des \u00e9conomies de temps, que vous soyez en France et \u00e0 Paris.\n","protected":false},"excerpt":{"rendered":"","protected":false},"author":1,"featured_media":0,"parent":1078,"menu_order":0,"comment_status":"closed","ping_status":"closed","template":"","meta":{"om_disable_all_campaigns":false,"footnotes":""},"class_list":["post-1086","page","type-page","status-publish","hentry"],"_links":{"self":[{"href":"https:\/\/www.mydriverparis.com\/fr\/wp-json\/wp\/v2\/pages\/1086","targetHints":{"allow":["GET"]}}],"collection":[{"href":"https:\/\/www.mydriverparis.com\/fr\/wp-json\/wp\/v2\/pages"}],"about":[{"href":"https:\/\/www.mydriverparis.com\/fr\/wp-json\/wp\/v2\/types\/page"}],"author":[{"embeddable":true,"href":"https:\/\/www.mydriverparis.com\/fr\/wp-json\/wp\/v2\/users\/1"}],"replies":[{"embeddable":true,"href":"https:\/\/www.mydriverparis.com\/fr\/wp-json\/wp\/v2\/comments?post=1086"}],"version-history":[{"count":0,"href":"https:\/\/www.mydriverparis.com\/fr\/wp-json\/wp\/v2\/pages\/1086\/revisions"}],"up":[{"embeddable":true,"href":"https:\/\/www.mydriverparis.com\/fr\/wp-json\/wp\/v2\/pages\/1078"}],"wp:attachment":[{"href":"https:\/\/www.mydriverparis.com\/fr\/wp-json\/wp\/v2\/media?parent=1086"}],"curies":[{"name":"wp","href":"https:\/\/api.w.org\/{rel}","templated":true}]}}