{"id":1088,"date":"2018-01-23T13:44:29","date_gmt":"2018-01-23T12:44:29","guid":{"rendered":"https:\/\/www.mydriverparis.com\/?page_id=1088"},"modified":"2018-03-27T17:22:51","modified_gmt":"2018-03-27T15:22:51","slug":"visite-guidee","status":"publish","type":"page","link":"https:\/\/www.mydriverparis.com\/fr\/nos-services\/visite-guidee\/","title":{"rendered":"Visite guid\u00e9e"},"content":{"rendered":"Les visites guid\u00e9es avec chauffeur de MyDriverParis ajoutent cette touche sp\u00e9ciale qui transformera votre journ\u00e9e en une <strong>exp\u00e9rience inoubliable<\/strong>.<\/p>\n<p>Avec nous, vous pouvez voir le meilleur des sites c\u00e9l\u00e8bres de Paris.<\/p>\n<p>Voir des endroits tels que la Tour Eiffel, les Champs-Elys\u00e9es, le Moulin Rouge, la cath\u00e9drale Notre-Dame et le ch\u00e2teau de Versailles<\/p>\n<p>Les chauffeurs de MyDriverParis sont hautement qualifi\u00e9s avec une <strong>connaissance experte des endroits<\/strong> que vous voulez voir.<\/p>\n<p>Nos excursions avec chauffeur peuvent \u00eatre <strong>personnalis\u00e9es selon vos besoins<\/strong> et nous serions heureux de cr\u00e9er un itin\u00e9raire personnalis\u00e9 en fonction de vos pr\u00e9f\u00e9rences.<\/p>\n<p>Votre tour de luxe id\u00e9al peut \u00eatre organis\u00e9 avec <strong>diff\u00e9rents v\u00e9hicules<\/strong>. Notre vaste flotte comprend des berlines, des limousines, des mini vans, des minibus en fonction de vos besoins et du nombre de voyageurs.<\/p>\n<p>Nous pouvons vous faire visiter Paris, Plages de Normandie, Champagne Tour \u00e0 Epernay, Jardins de Giverny, Ch\u00e2teaux de la Loire mais pas que.<\/p>\n<p>Dites-nous simplement o\u00f9 vous voulez aller\n","protected":false},"excerpt":{"rendered":"","protected":false},"author":1,"featured_media":0,"parent":1078,"menu_order":0,"comment_status":"closed","ping_status":"closed","template":"","meta":{"om_disable_all_campaigns":false,"footnotes":""},"class_list":["post-1088","page","type-page","status-publish","hentry"],"_links":{"self":[{"href":"https:\/\/www.mydriverparis.com\/fr\/wp-json\/wp\/v2\/pages\/1088","targetHints":{"allow":["GET"]}}],"collection":[{"href":"https:\/\/www.mydriverparis.com\/fr\/wp-json\/wp\/v2\/pages"}],"about":[{"href":"https:\/\/www.mydriverparis.com\/fr\/wp-json\/wp\/v2\/types\/page"}],"author":[{"embeddable":true,"href":"https:\/\/www.mydriverparis.com\/fr\/wp-json\/wp\/v2\/users\/1"}],"replies":[{"embeddable":true,"href":"https:\/\/www.mydriverparis.com\/fr\/wp-json\/wp\/v2\/comments?post=1088"}],"version-history":[{"count":0,"href":"https:\/\/www.mydriverparis.com\/fr\/wp-json\/wp\/v2\/pages\/1088\/revisions"}],"up":[{"embeddable":true,"href":"https:\/\/www.mydriverparis.com\/fr\/wp-json\/wp\/v2\/pages\/1078"}],"wp:attachment":[{"href":"https:\/\/www.mydriverparis.com\/fr\/wp-json\/wp\/v2\/media?parent=1088"}],"curies":[{"name":"wp","href":"https:\/\/api.w.org\/{rel}","templated":true}]}}